{"id":11,"date":"2024-11-02T16:13:54","date_gmt":"2024-11-02T15:13:54","guid":{"rendered":"http:\/\/localhost\/my-account\/"},"modified":"2024-12-24T09:47:35","modified_gmt":"2024-12-24T08:47:35","slug":"my-account","status":"publish","type":"page","link":"https:\/\/benchaaben-fragrance.com\/?page_id=11","title":{"rendered":"Mon Compte"},"content":{"rendered":"<div class=\"woocommerce\">\r\n<div class=\"woocommerce-notices-wrapper\"><\/div>\r\n<div class=\"row\" id=\"customer_login\">\r\n    <div class=\"large-12 columns login-form\">\r\n        \r\n        <span class=\"nasa-form-title\">\r\n            Super de vous revoir!        <\/span>\r\n\r\n        <form method=\"post\" class=\"woocommerce-form woocommerce-form-login login\">\r\n            \r\n            \r\n            <p class=\"form-row form-row-wide\">\r\n                <span>\r\n                    <label for=\"username\" class=\"inline-block left rtl-right\">\r\n                        Nom d&#039;utilisateur ou email <span class=\"required\" aria-hidden=\"true\">*<\/span>\r\n                    <\/label>\r\n\r\n                    <!-- Remember -->\r\n                    <label for=\"rememberme\" class=\"woocommerce-form__label woocommerce-form__label-for-checkbox woocommerce-form-login__rememberme inline-block right rtl-left none-weight\">\r\n                        <input class=\"woocommerce-form__input woocommerce-form__input-checkbox margin-right-5 rtl-margin-right-0 rtl-margin-left-5\" name=\"rememberme\" type=\"checkbox\" id=\"rememberme\" value=\"forever\" \/> Se souvenir                    <\/label>\r\n                <\/span>\r\n\r\n                <!-- Username -->\r\n                <input type=\"text\" class=\"woocommerce-Input woocommerce-Input--text input-text\" name=\"username\" id=\"username\" autocomplete=\"username\" value=\"\" required aria-required=\"true\" \/>\r\n            <\/p>\r\n\r\n            <p class=\"form-row form-row-wide\">\r\n                <span>\r\n                    <label for=\"password\" class=\"inline-block left rtl-right\">\r\n                        Mot de passe <span class=\"required\" aria-hidden=\"true\">*<\/span>\r\n                    <\/label>\r\n                    \r\n                    <a class=\"lost_password inline-block right rtl-left none-weight\" href=\"https:\/\/benchaaben-fragrance.com\/?page_id=11&#038;lost-password\">Perdu?<\/a>\r\n                <\/span>\r\n                \r\n                <a href=\"javascript:void(0);\" class=\"ns-show-password\"><svg width=\"20px\" height=\"20px\" viewBox=\"0 0 24 24\" fill=\"currentColor\" class=\"ns-svg-eye-op\">\r\n    <path d=\"M12 5C5.63636 5 2 12 2 12C2 12 5.63636 19 12 19C18.3636 19 22 12 22 12C22 12 18.3636 5 12 5Z\" stroke=\"currentColor\" stroke-width=\"1.5\" stroke-linecap=\"round\" stroke-linejoin=\"round\" \/>\r\n    <path d=\"M12 15C13.6569 15 15 13.6569 15 12C15 10.3431 13.6569 9 12 9C10.3431 9 9 10.3431 9 12C9 13.6569 10.3431 15 12 15Z\" stroke=\"currentColor\" stroke-width=\"1.5\" stroke-linecap=\"round\" stroke-linejoin=\"round\" \/>\r\n<\/svg><svg width=\"20px\" height=\"20px\" viewBox=\"0 0 24 24\" fill=\"currentColor\" class=\"ns-svg-eye-cl\">\r\n    <path d=\"M20 14.8335C21.3082 13.3317 22 12 22 12C22 12 18.3636 5 12 5C11.6588 5 11.3254 5.02013 11 5.05822C10.6578 5.09828 10.3244 5.15822 10 5.23552M12 9C12.3506 9 12.6872 9.06015 13 9.17071C13.8524 9.47199 14.528 10.1476 14.8293 11C14.9398 11.3128 15 11.6494 15 12M3 3L21 21M12 15C11.6494 15 11.3128 14.9398 11 14.8293C10.1476 14.528 9.47198 13.8524 9.1707 13C9.11386 12.8392 9.07034 12.6721 9.04147 12.5M4.14701 9C3.83877 9.34451 3.56234 9.68241 3.31864 10C2.45286 11.1282 2 12 2 12C2 12 5.63636 19 12 19C12.3412 19 12.6746 18.9799 13 18.9418\" stroke=\"currentColor\" stroke-width=\"1.5\" stroke-linecap=\"round\" stroke-linejoin=\"round\" \/>\r\n<\/svg><\/a>\r\n                \r\n                <input class=\"woocommerce-Input woocommerce-Input--text input-text\" type=\"password\" name=\"password\" id=\"password\" autocomplete=\"current-password\" required aria-required=\"true\" \/>\r\n            <\/p>\r\n\r\n            \r\n            <p class=\"form-row row-submit\">\r\n                <input type=\"hidden\" id=\"woocommerce-login-nonce\" name=\"woocommerce-login-nonce\" value=\"870a77c4d9\" \/><input type=\"hidden\" name=\"_wp_http_referer\" value=\"\/index.php?rest_route=%2Fwp%2Fv2%2Fpages%2F11\" \/>                <button type=\"submit\" class=\"woocommerce-button button woocommerce-form-login__submit nasa-fullwidth margin-top-10\" name=\"login\" value=\"CONNECTEZ-VOUS \u00c0 VOTRE COMPTE\">CONNECTEZ-VOUS \u00c0 VOTRE COMPTE<\/button>\r\n            <\/p>\r\n\r\n                    <\/form>\r\n\r\n                    <p class=\"nasa-switch-form\">\r\n                Pas un membre?                \r\n                <a class=\"nasa-switch-register\" href=\"javascript:void(0);\" rel=\"nofollow\">\r\n                    Cr\u00e9er un compte                <\/a>\r\n            <\/p>\r\n            <\/div>\r\n\r\n            <div class=\"large-12 columns register-form\">\r\n\r\n            <span class=\"nasa-form-title\">\r\n                Ravi de vous voir ici\u00a0!            <\/span>\r\n\r\n            <form method=\"post\" class=\"woocommerce-form woocommerce-form-register register\" >\r\n\r\n                \r\n                \r\n                <p class=\"form-row form-row-wide\">\r\n                    <label for=\"reg_email\" class=\"left rtl-right\">\r\n                        Adresse e-mail <span class=\"required\" aria-hidden=\"true\">*<\/span>\r\n                    <\/label>\r\n\r\n                    <!-- Email -->\r\n                    <input type=\"email\" class=\"woocommerce-Input woocommerce-Input--text input-text\" name=\"email\" id=\"reg_email\" autocomplete=\"email\" value=\"\" required aria-required=\"true\" \/>\r\n                <\/p>\r\n\r\n                \r\n                    <p class=\"form-row form-row-wide\">\r\n                        Un lien pour d\u00e9finir un nouveau mot de passe sera envoy\u00e9 \u00e0 votre adresse e-mail.                    <\/p>\r\n\r\n                \r\n                <wc-order-attribution-inputs><\/wc-order-attribution-inputs><div class=\"woocommerce-privacy-policy-text\"><p>Vos donn\u00e9es personnelles seront utilis\u00e9es pour soutenir votre exp\u00e9rience sur ce site Web, pour g\u00e9rer l'acc\u00e8s \u00e0 votre compte et \u00e0 d'autres fins d\u00e9crites dans notre <a href=\"https:\/\/benchaaben-fragrance.com\/?page_id=3\" class=\"woocommerce-privacy-policy-link\" target=\"_blank\">politique de confidentialit\u00e9<\/a>.<\/p>\n<\/div>\r\n                <p class=\"form-row\">\r\n                    <input type=\"hidden\" id=\"woocommerce-register-nonce\" name=\"woocommerce-register-nonce\" value=\"9843a5adb5\" \/><input type=\"hidden\" name=\"_wp_http_referer\" value=\"\/index.php?rest_route=%2Fwp%2Fv2%2Fpages%2F11\" \/>\r\n                    <!-- Submit button -->\r\n                    <button type=\"submit\" class=\"woocommerce-Button woocommerce-button button woocommerce-form-register__submit nasa-fullwidth\" name=\"register\" value=\"CONFIGUREZ VOTRE COMPTE\">CONFIGUREZ VOTRE COMPTE<\/button>\r\n                <\/p>\r\n\r\n                \r\n            <\/form>\r\n\r\n            <p class=\"nasa-switch-form\">\r\n                Vous avez d\u00e9j\u00e0 un compte\u00a0?                \r\n                <a class=\"nasa-switch-login\" href=\"javascript:void(0);\" rel=\"nofollow\">\r\n                    Se connecter ici                <\/a>\r\n            <\/p>\r\n\r\n        <\/div>\r\n    <\/div>\r\n\r\n<\/div>\n","protected":false},"excerpt":{"rendered":"Super de vous revoir! Nom d&#039;utilisateur ou email * Se souvenir Mot de passe * Perdu? CONNECTEZ-VOUS \u00c0 VOTRE COMPTE Pas un membre? Cr\u00e9er un compte Ravi de vous voir ici\u00a0! Adresse e-mail * Un lien pour d\u00e9finir un nouveau mot de passe sera envoy\u00e9 \u00e0 votre adresse e-mail. Vos donn\u00e9es personnelles seront utilis\u00e9es pour [...]","protected":false},"author":1,"featured_media":0,"parent":0,"menu_order":0,"comment_status":"closed","ping_status":"closed","template":"","meta":{"footnotes":""},"class_list":["post-11","page","type-page","status-publish","hentry"],"jetpack_sharing_enabled":true,"_links":{"self":[{"href":"https:\/\/benchaaben-fragrance.com\/index.php?rest_route=\/wp\/v2\/pages\/11","targetHints":{"allow":["GET"]}}],"collection":[{"href":"https:\/\/benchaaben-fragrance.com\/index.php?rest_route=\/wp\/v2\/pages"}],"about":[{"href":"https:\/\/benchaaben-fragrance.com\/index.php?rest_route=\/wp\/v2\/types\/page"}],"author":[{"embeddable":true,"href":"https:\/\/benchaaben-fragrance.com\/index.php?rest_route=\/wp\/v2\/users\/1"}],"replies":[{"embeddable":true,"href":"https:\/\/benchaaben-fragrance.com\/index.php?rest_route=%2Fwp%2Fv2%2Fcomments&post=11"}],"version-history":[{"count":2,"href":"https:\/\/benchaaben-fragrance.com\/index.php?rest_route=\/wp\/v2\/pages\/11\/revisions"}],"predecessor-version":[{"id":4921,"href":"https:\/\/benchaaben-fragrance.com\/index.php?rest_route=\/wp\/v2\/pages\/11\/revisions\/4921"}],"wp:attachment":[{"href":"https:\/\/benchaaben-fragrance.com\/index.php?rest_route=%2Fwp%2Fv2%2Fmedia&parent=11"}],"curies":[{"name":"wp","href":"https:\/\/api.w.org\/{rel}","templated":true}]}}