{"id":3717,"date":"2024-11-02T15:18:15","date_gmt":"2024-11-02T15:18:15","guid":{"rendered":""},"modified":"2024-12-10T17:42:39","modified_gmt":"2024-12-10T16:42:39","slug":"elm-contact-us","status":"publish","type":"page","link":"https:\/\/benchaaben-fragrance.com\/?page_id=3717","title":{"rendered":"Contact Us"},"content":{"rendered":"\t\t<div data-elementor-type=\"wp-page\" data-elementor-id=\"3717\" class=\"elementor elementor-3717\">\n\t\t\t\t\t\t<section class=\"elementor-section elementor-top-section elementor-element elementor-element-3910f5d8 elementor-section-boxed elementor-section-height-default elementor-section-height-default\" data-id=\"3910f5d8\" data-element_type=\"section\">\n\t\t\t\t\t\t<div class=\"elementor-container elementor-column-gap-default\">\n\t\t\t\t\t<div class=\"elementor-column elementor-col-33 elementor-top-column elementor-element elementor-element-702cb635\" data-id=\"702cb635\" data-element_type=\"column\">\n\t\t\t<div class=\"elementor-widget-wrap elementor-element-populated\">\n\t\t\t\t\t\t<div class=\"elementor-element elementor-element-66cf29dd elementor-widget elementor-widget-google_maps\" data-id=\"66cf29dd\" data-element_type=\"widget\" data-widget_type=\"google_maps.default\">\n\t\t\t\t<div class=\"elementor-widget-container\">\n\t\t\t\t\t\t\t<div class=\"elementor-custom-embed\">\n\t\t\t<iframe loading=\"lazy\"\n\t\t\t\t\tsrc=\"https:\/\/maps.google.com\/maps?q=36.796195%2C%2010.169223&#038;t=m&#038;z=16&#038;output=embed&#038;iwloc=near\"\n\t\t\t\t\ttitle=\"36.796195, 10.169223\"\n\t\t\t\t\taria-label=\"36.796195, 10.169223\"\n\t\t\t><\/iframe>\n\t\t<\/div>\n\t\t\t\t\t\t<\/div>\n\t\t\t\t<\/div>\n\t\t\t\t\t<\/div>\n\t\t<\/div>\n\t\t\t\t<div class=\"elementor-column elementor-col-66 elementor-top-column elementor-element elementor-element-61c17b71\" data-id=\"61c17b71\" data-element_type=\"column\">\n\t\t\t<div class=\"elementor-widget-wrap elementor-element-populated\">\n\t\t\t\t\t\t<section class=\"elementor-section elementor-inner-section elementor-element elementor-element-44ef4767 elementor-section-boxed elementor-section-height-default elementor-section-height-default\" data-id=\"44ef4767\" data-element_type=\"section\">\n\t\t\t\t\t\t<div class=\"elementor-container elementor-column-gap-default\">\n\t\t\t\t\t<div class=\"elementor-column elementor-col-50 elementor-inner-column elementor-element elementor-element-182f25b0\" data-id=\"182f25b0\" data-element_type=\"column\">\n\t\t\t<div class=\"elementor-widget-wrap elementor-element-populated\">\n\t\t\t\t\t\t<div class=\"elementor-element elementor-element-169f1741 elementor-widget elementor-widget-heading\" data-id=\"169f1741\" data-element_type=\"widget\" data-widget_type=\"heading.default\">\n\t\t\t\t<div class=\"elementor-widget-container\">\n\t\t\t\t\t<h3 class=\"elementor-heading-title elementor-size-default\">Adresse<\/h3>\t\t\t\t<\/div>\n\t\t\t\t<\/div>\n\t\t\t\t<div class=\"elementor-element elementor-element-587b5103 elementor-widget elementor-widget-text-editor\" data-id=\"587b5103\" data-element_type=\"widget\" data-widget_type=\"text-editor.default\">\n\t\t\t\t<div class=\"elementor-widget-container\">\n\t\t\t\t\t\t\t\t\t<div class=\"contact-text\">19 Souk Sakajin, Bab Manara<\/div>\t\t\t\t\t\t\t\t<\/div>\n\t\t\t\t<\/div>\n\t\t\t\t\t<\/div>\n\t\t<\/div>\n\t\t\t\t<div class=\"elementor-column elementor-col-50 elementor-inner-column elementor-element elementor-element-18e715d8\" data-id=\"18e715d8\" data-element_type=\"column\">\n\t\t\t<div class=\"elementor-widget-wrap elementor-element-populated\">\n\t\t\t\t\t\t<div class=\"elementor-element elementor-element-40ff2cfa elementor-widget elementor-widget-heading\" data-id=\"40ff2cfa\" data-element_type=\"widget\" data-widget_type=\"heading.default\">\n\t\t\t\t<div class=\"elementor-widget-container\">\n\t\t\t\t\t<h3 class=\"elementor-heading-title elementor-size-default\">Mobile\n<\/h3>\t\t\t\t<\/div>\n\t\t\t\t<\/div>\n\t\t\t\t<div class=\"elementor-element elementor-element-325502ab elementor-widget elementor-widget-text-editor\" data-id=\"325502ab\" data-element_type=\"widget\" data-widget_type=\"text-editor.default\">\n\t\t\t\t<div class=\"elementor-widget-container\">\n\t\t\t\t\t\t\t\t\t<div class=\"contact-text\">(+216) 26 456 412<\/div><p><br \/><br \/><\/p>\t\t\t\t\t\t\t\t<\/div>\n\t\t\t\t<\/div>\n\t\t\t\t\t<\/div>\n\t\t<\/div>\n\t\t\t\t\t<\/div>\n\t\t<\/section>\n\t\t\t\t<section class=\"elementor-section elementor-inner-section elementor-element elementor-element-1cf258c2 elementor-section-boxed elementor-section-height-default elementor-section-height-default\" data-id=\"1cf258c2\" data-element_type=\"section\">\n\t\t\t\t\t\t<div class=\"elementor-container elementor-column-gap-default\">\n\t\t\t\t\t<div class=\"elementor-column elementor-col-50 elementor-inner-column elementor-element elementor-element-303f6f1e\" data-id=\"303f6f1e\" data-element_type=\"column\">\n\t\t\t<div class=\"elementor-widget-wrap elementor-element-populated\">\n\t\t\t\t\t\t<div class=\"elementor-element elementor-element-641e159a elementor-widget elementor-widget-heading\" data-id=\"641e159a\" data-element_type=\"widget\" data-widget_type=\"heading.default\">\n\t\t\t\t<div class=\"elementor-widget-container\">\n\t\t\t\t\t<h3 class=\"elementor-heading-title elementor-size-default\">E-mail\n<\/h3>\t\t\t\t<\/div>\n\t\t\t\t<\/div>\n\t\t\t\t<div class=\"elementor-element elementor-element-7f26dce9 elementor-widget elementor-widget-text-editor\" data-id=\"7f26dce9\" data-element_type=\"widget\" data-widget_type=\"text-editor.default\">\n\t\t\t\t<div class=\"elementor-widget-container\">\n\t\t\t\t\t\t\t\t\t<div class=\"contact-text\"><a title=\"Email\" href=\"mailto:commercial@benchaaben-fragrance.com\">commercial@benchaaben-fragrance.com<\/a><\/div>\t\t\t\t\t\t\t\t<\/div>\n\t\t\t\t<\/div>\n\t\t\t\t\t<\/div>\n\t\t<\/div>\n\t\t\t\t<div class=\"elementor-column elementor-col-50 elementor-inner-column elementor-element elementor-element-6f05ddab\" data-id=\"6f05ddab\" data-element_type=\"column\">\n\t\t\t<div class=\"elementor-widget-wrap elementor-element-populated\">\n\t\t\t\t\t\t<div class=\"elementor-element elementor-element-723bd519 elementor-widget elementor-widget-heading\" data-id=\"723bd519\" data-element_type=\"widget\" data-widget_type=\"heading.default\">\n\t\t\t\t<div class=\"elementor-widget-container\">\n\t\t\t\t\t<h3 class=\"elementor-heading-title elementor-size-default\">Sociale<\/h3>\t\t\t\t<\/div>\n\t\t\t\t<\/div>\n\t\t\t\t<div class=\"elementor-element elementor-element-4871519 elementor-widget__width-initial elementor-view-default elementor-widget elementor-widget-icon\" data-id=\"4871519\" data-element_type=\"widget\" data-widget_type=\"icon.default\">\n\t\t\t\t<div class=\"elementor-widget-container\">\n\t\t\t\t\t\t\t<div class=\"elementor-icon-wrapper\">\n\t\t\t<a class=\"elementor-icon\" href=\"https:\/\/www.facebook.com\/share\/19WiJGcG9o\/\">\n\t\t\t<svg xmlns=\"http:\/\/www.w3.org\/2000\/svg\" viewBox=\"0 0 48 48\" width=\"48px\" height=\"48px\"><path fill=\"#039be5\" d=\"M24 5A19 19 0 1 0 24 43A19 19 0 1 0 24 5Z\"><\/path><path fill=\"#fff\" d=\"M26.572,29.036h4.917l0.772-4.995h-5.69v-2.73c0-2.075,0.678-3.915,2.619-3.915h3.119v-4.359c-0.548-0.074-1.707-0.236-3.897-0.236c-4.573,0-7.254,2.415-7.254,7.917v3.323h-4.701v4.995h4.701v13.729C22.089,42.905,23.032,43,24,43c0.875,0,1.729-0.08,2.572-0.194V29.036z\"><\/path><\/svg>\t\t\t<\/a>\n\t\t<\/div>\n\t\t\t\t\t\t<\/div>\n\t\t\t\t<\/div>\n\t\t\t\t<div class=\"elementor-element elementor-element-8d0ac3b elementor-widget__width-initial elementor-view-default elementor-widget elementor-widget-icon\" data-id=\"8d0ac3b\" data-element_type=\"widget\" data-widget_type=\"icon.default\">\n\t\t\t\t<div class=\"elementor-widget-container\">\n\t\t\t\t\t\t\t<div class=\"elementor-icon-wrapper\">\n\t\t\t<a class=\"elementor-icon\" href=\"https:\/\/www.tiktok.com\/@ben.chaaben.fragrance1\">\n\t\t\t<svg xmlns=\"http:\/\/www.w3.org\/2000\/svg\" viewBox=\"0 0 48 48\" width=\"48px\" height=\"48px\" fill-rule=\"evenodd\" clip-rule=\"evenodd\"><path fill=\"#212121\" fill-rule=\"evenodd\" d=\"M10.904,6h26.191C39.804,6,42,8.196,42,10.904v26.191 C42,39.804,39.804,42,37.096,42H10.904C8.196,42,6,39.804,6,37.096V10.904C6,8.196,8.196,6,10.904,6z\" clip-rule=\"evenodd\"><\/path><path fill=\"#ec407a\" fill-rule=\"evenodd\" d=\"M29.208,20.607c1.576,1.126,3.507,1.788,5.592,1.788v-4.011 c-0.395,0-0.788-0.041-1.174-0.123v3.157c-2.085,0-4.015-0.663-5.592-1.788v8.184c0,4.094-3.321,7.413-7.417,7.413 c-1.528,0-2.949-0.462-4.129-1.254c1.347,1.376,3.225,2.23,5.303,2.23c4.096,0,7.417-3.319,7.417-7.413L29.208,20.607L29.208,20.607 z M30.657,16.561c-0.805-0.879-1.334-2.016-1.449-3.273v-0.516h-1.113C28.375,14.369,29.331,15.734,30.657,16.561L30.657,16.561z M19.079,30.832c-0.45-0.59-0.693-1.311-0.692-2.053c0-1.873,1.519-3.391,3.393-3.391c0.349,0,0.696,0.053,1.029,0.159v-4.1 c-0.389-0.053-0.781-0.076-1.174-0.068v3.191c-0.333-0.106-0.68-0.159-1.03-0.159c-1.874,0-3.393,1.518-3.393,3.391 C17.213,29.127,17.972,30.274,19.079,30.832z\" clip-rule=\"evenodd\"><\/path><path fill=\"#fff\" fill-rule=\"evenodd\" d=\"M28.034,19.63c1.576,1.126,3.507,1.788,5.592,1.788v-3.157 c-1.164-0.248-2.194-0.856-2.969-1.701c-1.326-0.827-2.281-2.191-2.561-3.788h-2.923v16.018c-0.007,1.867-1.523,3.379-3.393,3.379 c-1.102,0-2.081-0.525-2.701-1.338c-1.107-0.558-1.866-1.705-1.866-3.029c0-1.873,1.519-3.391,3.393-3.391 c0.359,0,0.705,0.056,1.03,0.159V21.38c-4.024,0.083-7.26,3.369-7.26,7.411c0,2.018,0.806,3.847,2.114,5.183 c1.18,0.792,2.601,1.254,4.129,1.254c4.096,0,7.417-3.319,7.417-7.413L28.034,19.63L28.034,19.63z\" clip-rule=\"evenodd\"><\/path><path fill=\"#81d4fa\" fill-rule=\"evenodd\" d=\"M33.626,18.262v-0.854c-1.05,0.002-2.078-0.292-2.969-0.848 C31.445,17.423,32.483,18.018,33.626,18.262z M28.095,12.772c-0.027-0.153-0.047-0.306-0.061-0.461v-0.516h-4.036v16.019 c-0.006,1.867-1.523,3.379-3.393,3.379c-0.549,0-1.067-0.13-1.526-0.362c0.62,0.813,1.599,1.338,2.701,1.338 c1.87,0,3.386-1.512,3.393-3.379V12.772H28.095z M21.635,21.38v-0.909c-0.337-0.046-0.677-0.069-1.018-0.069 c-4.097,0-7.417,3.319-7.417,7.413c0,2.567,1.305,4.829,3.288,6.159c-1.308-1.336-2.114-3.165-2.114-5.183 C14.374,24.749,17.611,21.463,21.635,21.38z\" clip-rule=\"evenodd\"><\/path><\/svg>\t\t\t<\/a>\n\t\t<\/div>\n\t\t\t\t\t\t<\/div>\n\t\t\t\t<\/div>\n\t\t\t\t\t<\/div>\n\t\t<\/div>\n\t\t\t\t\t<\/div>\n\t\t<\/section>\n\t\t\t\t<section class=\"elementor-section elementor-inner-section elementor-element elementor-element-48d446c5 elementor-section-boxed elementor-section-height-default elementor-section-height-default\" data-id=\"48d446c5\" data-element_type=\"section\">\n\t\t\t\t\t\t<div class=\"elementor-container elementor-column-gap-default\">\n\t\t\t\t\t<div class=\"elementor-column elementor-col-100 elementor-inner-column elementor-element elementor-element-7e4377a\" data-id=\"7e4377a\" data-element_type=\"column\">\n\t\t\t<div class=\"elementor-widget-wrap elementor-element-populated\">\n\t\t\t\t\t\t<div class=\"elementor-element elementor-element-3b971088 elementor-widget elementor-widget-text-editor\" data-id=\"3b971088\" data-element_type=\"widget\" data-widget_type=\"text-editor.default\">\n\t\t\t\t<div class=\"elementor-widget-container\">\n\t\t\t\t\t\t\t\t\t<p>Si vous avez des questions, n&rsquo;h\u00e9sitez pas \u00e0 nous contacter.<br \/>Nous vous r\u00e9pondrons dans les plus brefs d\u00e9lais. Merci !<\/p>\t\t\t\t\t\t\t\t<\/div>\n\t\t\t\t<\/div>\n\t\t\t\t\t<\/div>\n\t\t<\/div>\n\t\t\t\t\t<\/div>\n\t\t<\/section>\n\t\t\t\t<section class=\"elementor-section elementor-inner-section elementor-element elementor-element-5c6d942b elementor-section-boxed elementor-section-height-default elementor-section-height-default\" data-id=\"5c6d942b\" data-element_type=\"section\">\n\t\t\t\t\t\t<div class=\"elementor-container elementor-column-gap-default\">\n\t\t\t\t\t<div class=\"elementor-column elementor-col-100 elementor-inner-column elementor-element elementor-element-191ef37d\" data-id=\"191ef37d\" data-element_type=\"column\">\n\t\t\t<div class=\"elementor-widget-wrap elementor-element-populated\">\n\t\t\t\t\t\t<div class=\"elementor-element elementor-element-3ea490f1 elementor-widget elementor-widget-heading\" data-id=\"3ea490f1\" data-element_type=\"widget\" data-widget_type=\"heading.default\">\n\t\t\t\t<div class=\"elementor-widget-container\">\n\t\t\t\t\t<h3 class=\"elementor-heading-title elementor-size-default\">N'h\u00e9sitez pas \u00e0 nous contacter<\/h3>\t\t\t\t<\/div>\n\t\t\t\t<\/div>\n\t\t\t\t<div class=\"elementor-element elementor-element-6ababf5b elementor-widget elementor-widget-shortcode\" data-id=\"6ababf5b\" data-element_type=\"widget\" data-widget_type=\"shortcode.default\">\n\t\t\t\t<div class=\"elementor-widget-container\">\n\t\t\t\t\t\t\t<div class=\"elementor-shortcode\"><div role=\"form\" class=\"wpcf7\" id=\"wpcf7-f2151-o1\" lang=\"en-US\" dir=\"ltr\">\n<div class=\"screen-reader-response\"><p role=\"status\" aria-live=\"polite\" aria-atomic=\"true\"><\/p> <ul><\/ul><\/div>\n<form action=\"\/index.php?rest_route=%2Fwp%2Fv2%2Fpages%2F3717#wpcf7-f2151-o1\" method=\"post\" class=\"wpcf7-form init\" novalidate=\"novalidate\" data-status=\"init\">\n<div style=\"display: none;\">\n<input type=\"hidden\" name=\"_wpcf7\" value=\"2151\" \/>\n<input type=\"hidden\" name=\"_wpcf7_version\" value=\"6.6.4\" \/>\n<input type=\"hidden\" name=\"_wpcf7_locale\" value=\"en_US\" \/>\n<input type=\"hidden\" name=\"_wpcf7_unit_tag\" value=\"wpcf7-f2151-o1\" \/>\n<input type=\"hidden\" name=\"_wpcf7_container_post\" value=\"0\" \/>\n<input type=\"hidden\" name=\"_wpcf7_posted_data_hash\" value=\"\" \/>\n<\/div>\n<div class=\"contact-form-footer\">\n<div class=\"row\">\n<div class=\"lt-col large-6 columns\">\n       <label> Votre Nom<br \/>\n           <span class=\"wpcf7-form-control-wrap\" data-name=\"your-name\"><input type=\"text\" name=\"your-name\" value=\"\" size=\"40\" class=\"wpcf7-form-control wpcf7-text wpcf7-validates-as-required\" aria-required=\"true\" aria-invalid=\"false\" placeholder=\"Votre nom\" \/><\/span> <\/label>\n    <\/div>\n<div class=\"lt-col large-6 columns\">\n       <label> Votre Email<br \/>\n          <span class=\"wpcf7-form-control-wrap\" data-name=\"your-email\"><input type=\"email\" name=\"your-email\" value=\"\" size=\"40\" class=\"wpcf7-form-control wpcf7-text wpcf7-email wpcf7-validates-as-required wpcf7-validates-as-email\" aria-required=\"true\" aria-invalid=\"false\" placeholder=\"Votre email\" \/><\/span> <\/label>\n    <\/div>\n<\/div>\n<div class=\"row\">\n<div class=\"large-12 columns\">\n         <label> Votre Message<br \/>\n         <span class=\"wpcf7-form-control-wrap\" data-name=\"your-message\"><textarea name=\"your-message\" cols=\"100\" rows=\"10\" class=\"wpcf7-form-control wpcf7-textarea\" aria-invalid=\"false\" placeholder=\"Votre message\"><\/textarea><\/span>\n    <\/div>\n<\/div>\n<p><input type=\"submit\" value=\"Envoyer\" class=\"wpcf7-form-control has-spinner wpcf7-submit button\" id=\"form-submit\" \/><\/p>\n<\/div>\n<div class=\"wpcf7-response-output\" aria-hidden=\"true\"><\/div><\/form><\/div><\/div>\n\t\t\t\t\t\t<\/div>\n\t\t\t\t<\/div>\n\t\t\t\t\t<\/div>\n\t\t<\/div>\n\t\t\t\t\t<\/div>\n\t\t<\/section>\n\t\t\t\t\t<\/div>\n\t\t<\/div>\n\t\t\t\t\t<\/div>\n\t\t<\/section>\n\t\t\t\t<\/div>\n\t\t","protected":false},"excerpt":{"rendered":"<p>Adresse 19 Souk Sakajin, Bab Manara Mobile (+216) 26 456 412 E-mail commercial@benchaaben-fragrance.com Sociale Si vous avez des questions, n&rsquo;h\u00e9sitez pas \u00e0 nous contacter.Nous vous r\u00e9pondrons dans les plus brefs d\u00e9lais. Merci ! N&rsquo;h\u00e9sitez pas \u00e0 nous contacter<\/p>\n","protected":false},"author":1,"featured_media":0,"parent":0,"menu_order":0,"comment_status":"closed","ping_status":"closed","template":"","meta":{"footnotes":""},"class_list":["post-3717","page","type-page","status-publish","hentry"],"jetpack_sharing_enabled":true,"_links":{"self":[{"href":"https:\/\/benchaaben-fragrance.com\/index.php?rest_route=\/wp\/v2\/pages\/3717","targetHints":{"allow":["GET"]}}],"collection":[{"href":"https:\/\/benchaaben-fragrance.com\/index.php?rest_route=\/wp\/v2\/pages"}],"about":[{"href":"https:\/\/benchaaben-fragrance.com\/index.php?rest_route=\/wp\/v2\/types\/page"}],"author":[{"embeddable":true,"href":"https:\/\/benchaaben-fragrance.com\/index.php?rest_route=\/wp\/v2\/users\/1"}],"replies":[{"embeddable":true,"href":"https:\/\/benchaaben-fragrance.com\/index.php?rest_route=%2Fwp%2Fv2%2Fcomments&post=3717"}],"version-history":[{"count":23,"href":"https:\/\/benchaaben-fragrance.com\/index.php?rest_route=\/wp\/v2\/pages\/3717\/revisions"}],"predecessor-version":[{"id":4146,"href":"https:\/\/benchaaben-fragrance.com\/index.php?rest_route=\/wp\/v2\/pages\/3717\/revisions\/4146"}],"wp:attachment":[{"href":"https:\/\/benchaaben-fragrance.com\/index.php?rest_route=%2Fwp%2Fv2%2Fmedia&parent=3717"}],"curies":[{"name":"wp","href":"https:\/\/api.w.org\/{rel}","templated":true}]}}