{"id":3873,"date":"2024-11-08T19:40:25","date_gmt":"2024-11-08T18:40:25","guid":{"rendered":"http:\/\/localhost\/?post_type=product&#038;p=3873"},"modified":"2024-12-12T17:35:04","modified_gmt":"2024-12-12T16:35:04","slug":"armani-my-way-eau-de-parfum","status":"publish","type":"product","link":"https:\/\/benchaaben-fragrance.com\/?product=armani-my-way-eau-de-parfum","title":{"rendered":"ARMANI My Way Extrait de Parfum"},"content":{"rendered":"<p>Prix F\u00e9mnin France &#8211; Grand Prix International du parfum Marie Claire 2023<\/p>\n<p>My Way, l&rsquo;eau de parfum rechargeable pour femme de Giorgio Armani, est une v\u00e9ritable invitation \u00e0 s&rsquo;ouvrir \u00e0 de nouvelles rencontres, vivre des exp\u00e9riences uniques et \u00e9largir ses horizons.<\/p>\n<p>My Way, un parfum pour le futur :<br \/>\nGiorgio Armani privil\u00e9gie l\u2019utilisation d\u2019ingr\u00e9dients issus de fili\u00e8res responsables et de programmes venant en aide aux communaut\u00e9s locales.<br \/>\nGr\u00e2ce \u00e0 son flacon rechargeable, My Way r\u00e9duit son empreinte carbone et son impact sur l\u2019environnement* Enfin, le soutien apport\u00e9 \u00e0 des programmes de pr\u00e9servation des for\u00eats permet de compenser les \u00e9missions carbones r\u00e9siduelles et de pr\u00e9server la biodiversit\u00e9. En 2022, ce sont plus de 15 000 hectares de for\u00eat pr\u00e9serv\u00e9s depuis le lancement de la gamme My Way.<br \/>\n*Cette r\u00e9duction s\u2019applique pour l\u2019achat de 1 x 150 ml + 1 x 50 ml au lieu de 4 x 50 ml. Tous les flacons de la gamme My Way sont rechargeables.<\/p>\n<p>L&rsquo;histoire de la fragrance :<br \/>\nMy Way, l&rsquo;eau de parfum rechargeable pour femme Giorgio Armani, propose aux femmes un mod\u00e8le de f\u00e9minit\u00e9 naturelle et authentique. S\u2019ouvrir \u00e0 de nouvelles rencontres et vivre des exp\u00e9riences uniques leur permettent de d\u00e9couvrir v\u00e9ritablement qui elles sont.<\/p>\n<p>Les notes olfactives :<br \/>\nCette eau de parfum longue tenue est un bouquet de fleurs blanches lumineux qui symbolise la rencontre de mati\u00e8res premi\u00e8res r\u00e9colt\u00e9es aux quatre coins du monde. En note de t\u00eate, une fleur d\u2019oranger d\u2019Egypte infus\u00e9e de bergamote de Calabre, fusionne, en c\u0153ur, avec une tub\u00e9reuse et un jasmin. En notes de fond, l\u2019\u00e9l\u00e9gance du bois de c\u00e8dre de Virginie rencontre la vanille de Madagascar et le musc blanc.<\/p>\n","protected":false},"excerpt":{"rendered":"<p>Prix F\u00e9mnin France &#8211; Grand Prix International du parfum Marie Claire 2023<\/p>\n<p>My Way, l&rsquo;eau de parfum rechargeable pour femme de Giorgio Armani, est une v\u00e9ritable invitation \u00e0 s&rsquo;ouvrir \u00e0 de nouvelles rencontres, vivre des exp\u00e9riences uniques et \u00e9largir ses horizons.<\/p>\n<p>My Way, un parfum pour le futur :<br \/>\nGiorgio Armani privil\u00e9gie l\u2019utilisation d\u2019ingr\u00e9dients issus de fili\u00e8res responsables et de programmes venant en aide aux communaut\u00e9s locales.<br \/>\nGr\u00e2ce \u00e0 son flacon rechargeable, My Way r\u00e9duit son empreinte carbone et son impact sur l\u2019environnement* Enfin, le soutien apport\u00e9 \u00e0 des programmes de pr\u00e9servation des for\u00eats permet de compenser les \u00e9missions carbones r\u00e9siduelles et de pr\u00e9server la biodiversit\u00e9. En 2022, ce sont plus de 15 000 hectares de for\u00eat pr\u00e9serv\u00e9s depuis le lancement de la gamme My Way.<br \/>\n*Cette r\u00e9duction s\u2019applique pour l\u2019achat de 1 x 150 ml + 1 x 50 ml au lieu de 4 x 50 ml. Tous les flacons de la gamme My Way sont rechargeables.<\/p>\n","protected":false},"featured_media":3879,"comment_status":"open","ping_status":"closed","template":"","meta":[],"product_brand":[],"product_cat":[196],"product_tag":[202,198],"class_list":{"0":"post-3873","1":"product","2":"type-product","3":"status-publish","4":"has-post-thumbnail","6":"product_cat-parfum-femme","7":"product_tag-armani","8":"product_tag-parfum-femme","10":"first","11":"instock","12":"shipping-taxable","13":"purchasable","14":"product-type-variable","15":"has-default-attributes"},"jetpack_sharing_enabled":true,"_links":{"self":[{"href":"https:\/\/benchaaben-fragrance.com\/index.php?rest_route=\/wp\/v2\/product\/3873","targetHints":{"allow":["GET"]}}],"collection":[{"href":"https:\/\/benchaaben-fragrance.com\/index.php?rest_route=\/wp\/v2\/product"}],"about":[{"href":"https:\/\/benchaaben-fragrance.com\/index.php?rest_route=\/wp\/v2\/types\/product"}],"replies":[{"embeddable":true,"href":"https:\/\/benchaaben-fragrance.com\/index.php?rest_route=%2Fwp%2Fv2%2Fcomments&post=3873"}],"wp:featuredmedia":[{"embeddable":true,"href":"https:\/\/benchaaben-fragrance.com\/index.php?rest_route=\/wp\/v2\/media\/3879"}],"wp:attachment":[{"href":"https:\/\/benchaaben-fragrance.com\/index.php?rest_route=%2Fwp%2Fv2%2Fmedia&parent=3873"}],"wp:term":[{"taxonomy":"product_brand","embeddable":true,"href":"https:\/\/benchaaben-fragrance.com\/index.php?rest_route=%2Fwp%2Fv2%2Fproduct_brand&post=3873"},{"taxonomy":"product_cat","embeddable":true,"href":"https:\/\/benchaaben-fragrance.com\/index.php?rest_route=%2Fwp%2Fv2%2Fproduct_cat&post=3873"},{"taxonomy":"product_tag","embeddable":true,"href":"https:\/\/benchaaben-fragrance.com\/index.php?rest_route=%2Fwp%2Fv2%2Fproduct_tag&post=3873"}],"curies":[{"name":"wp","href":"https:\/\/api.w.org\/{rel}","templated":true}]}}