{"id":3929,"date":"2024-11-08T20:58:07","date_gmt":"2024-11-08T19:58:07","guid":{"rendered":"http:\/\/localhost\/?post_type=product&#038;p=3929"},"modified":"2024-12-12T17:47:58","modified_gmt":"2024-12-12T16:47:58","slug":"versace-eros-eau-de-toilette","status":"publish","type":"product","link":"https:\/\/benchaaben-fragrance.com\/?product=versace-eros-eau-de-toilette","title":{"rendered":"Versace Eros Extrait de Parfum"},"content":{"rendered":"<p><b>Famille de parfum\u00a0:<\/b>\u00a0Chaud et \u00e9pic\u00e9<\/p>\n<p><b>Cat\u00e9gorie de parfums\u00a0:<\/b>\u00a0\u00c9pices fra\u00eeches<\/p>\n<p><b>Notes essentielles\u00a0:<\/b>\u00a0Feuilles de menthe, fleur d\u2019oranger, vanille de Madagascar<\/p>\n<p><b>Description du parfum\u00a0:<\/b>\u00a0Amour, passion, beaut\u00e9 et d\u00e9sir sont les concepts-cl\u00e9s \u00e0 l\u2019origine du nouveau parfum pour homme de Versace. Tout comme la mythologie grecque et la sculpture classique ont caract\u00e9ris\u00e9 la mode de Versace depuis ses d\u00e9buts, la perfection du corps masculin est toujours \u00e9voqu\u00e9e avec une allusion \u00e0 Eros, dieu de l\u2019amour. Versace Eros est un parfum pour l\u2019homme fort et passionn\u00e9, qui est ma\u00eetre de ses \u00e9motions.<\/p>\n<p>Eros interpr\u00e8te le masculin sublime \u00e0 travers une aura lumineuse dans une association intense, vibrante et \u00e9clatante de feuille de menthe fra\u00eeche, de zeste de citron italien et de pomme verte. Une sensualit\u00e9 captivante accentu\u00e9e par les notes orientales, fascinantes et enveloppantes des f\u00e8ves de tonka, de l\u2019ambre ambroxan, de la fleur de g\u00e9ranium et de la vanille se m\u00eale \u00e0 une virilit\u00e9 rac\u00e9e symbolis\u00e9e par des bois tels le bois de c\u00e8dre de l\u2019Atlas et de Virginie, tandis que le v\u00e9tiver et la mousse de ch\u00eane conf\u00e8rent intensit\u00e9 et pouvoir.<\/p>\n","protected":false},"excerpt":{"rendered":"<p><b>Famille de parfum\u00a0:<\/b>\u00a0Chaud et \u00e9pic\u00e9<\/p>\n<p><b>Cat\u00e9gorie de parfums\u00a0:<\/b>\u00a0\u00c9pices fra\u00eeches<\/p>\n<p><b>Notes essentielles\u00a0:<\/b>\u00a0Feuilles de menthe, fleur d\u2019oranger, vanille de Madagascar<\/p>\n<p><b>Description du parfum\u00a0:<\/b>\u00a0Amour, passion, beaut\u00e9 et d\u00e9sir sont les concepts-cl\u00e9s \u00e0 l\u2019origine du nouveau parfum pour homme de Versace. Tout comme la mythologie grecque et la sculpture classique ont caract\u00e9ris\u00e9 la mode de Versace depuis ses d\u00e9buts, la perfection du corps masculin est toujours \u00e9voqu\u00e9e avec une allusion \u00e0 Eros, dieu de l\u2019amour. Versace Eros est un parfum pour l\u2019homme fort et passionn\u00e9, qui est ma\u00eetre de ses \u00e9motions.<\/p>\n<p>Eros interpr\u00e8te le masculin sublime \u00e0 travers une aura lumineuse dans une association intense, vibrante et \u00e9clatante de feuille de menthe fra\u00eeche, de zeste de citron italien et de pomme verte. Une sensualit\u00e9 captivante accentu\u00e9e par les notes orientales, fascinantes et enveloppantes des f\u00e8ves de tonka, de l\u2019ambre ambroxan, de la fleur de g\u00e9ranium et de la vanille se m\u00eale \u00e0 une virilit\u00e9 rac\u00e9e symbolis\u00e9e par des bois tels le bois de c\u00e8dre de l\u2019Atlas et de Virginie, tandis que le v\u00e9tiver et la mousse de ch\u00eane conf\u00e8rent intensit\u00e9 et pouvoir.<\/p>\n","protected":false},"featured_media":3932,"comment_status":"open","ping_status":"closed","template":"","meta":[],"product_brand":[],"product_cat":[195],"product_tag":[204,206],"class_list":{"0":"post-3929","1":"product","2":"type-product","3":"status-publish","4":"has-post-thumbnail","6":"product_cat-parfum-homme","7":"product_tag-parfum-homme","8":"product_tag-versace","10":"first","11":"instock","12":"shipping-taxable","13":"purchasable","14":"product-type-variable","15":"has-default-attributes"},"jetpack_sharing_enabled":true,"_links":{"self":[{"href":"https:\/\/benchaaben-fragrance.com\/index.php?rest_route=\/wp\/v2\/product\/3929","targetHints":{"allow":["GET"]}}],"collection":[{"href":"https:\/\/benchaaben-fragrance.com\/index.php?rest_route=\/wp\/v2\/product"}],"about":[{"href":"https:\/\/benchaaben-fragrance.com\/index.php?rest_route=\/wp\/v2\/types\/product"}],"replies":[{"embeddable":true,"href":"https:\/\/benchaaben-fragrance.com\/index.php?rest_route=%2Fwp%2Fv2%2Fcomments&post=3929"}],"wp:featuredmedia":[{"embeddable":true,"href":"https:\/\/benchaaben-fragrance.com\/index.php?rest_route=\/wp\/v2\/media\/3932"}],"wp:attachment":[{"href":"https:\/\/benchaaben-fragrance.com\/index.php?rest_route=%2Fwp%2Fv2%2Fmedia&parent=3929"}],"wp:term":[{"taxonomy":"product_brand","embeddable":true,"href":"https:\/\/benchaaben-fragrance.com\/index.php?rest_route=%2Fwp%2Fv2%2Fproduct_brand&post=3929"},{"taxonomy":"product_cat","embeddable":true,"href":"https:\/\/benchaaben-fragrance.com\/index.php?rest_route=%2Fwp%2Fv2%2Fproduct_cat&post=3929"},{"taxonomy":"product_tag","embeddable":true,"href":"https:\/\/benchaaben-fragrance.com\/index.php?rest_route=%2Fwp%2Fv2%2Fproduct_tag&post=3929"}],"curies":[{"name":"wp","href":"https:\/\/api.w.org\/{rel}","templated":true}]}}