{"id":3949,"date":"2024-11-08T21:02:46","date_gmt":"2024-11-08T20:02:46","guid":{"rendered":"http:\/\/localhost\/?post_type=product&#038;p=3949"},"modified":"2025-10-03T02:13:16","modified_gmt":"2025-10-03T01:13:16","slug":"givenchy-eau-de-parfum-gentleman","status":"publish","type":"product","link":"https:\/\/benchaaben-fragrance.com\/?product=givenchy-eau-de-parfum-gentleman","title":{"rendered":"Givenchy Gentleman Extrait de Parfum"},"content":{"rendered":"<p><b>Famille de parfums\u00a0:<\/b>\u00a0Chaud et \u00e9pic\u00e9<\/p>\n<p><b>Cat\u00e9gorie de parfums\u00a0:<\/b>\u00a0\u00c9pices bois\u00e9es<\/p>\n<p><b>Notes essentielles\u00a0:<\/b>\u00a0Essence de poivre noir, iris et bois de combustion<\/p>\n<p><b>Description du parfum\u00a0:<\/b>\u00a0La rencontre olfactive commence par le contraste \u00e9pic\u00e9 du poivre noir et de la coriandre, suivi d\u02bcune \u00e9treinte chaleureuse entre les notes addictives du cacao et l\u02bc\u00e9l\u00e9gance sophistiqu\u00e9e de l\u02bciris. L\u02bcexp\u00e9rience sensorielle est rehauss\u00e9e par les notes bois\u00e9es de bois de santal et un accord oriental.<\/p>\n<p><b>\u00c0 propos du parfum\u00a0:<\/b>\u00a0La nouvelle eau de parfum Gentleman Bois\u00e9e de Givenchy est une fragrance bois\u00e9e pour les hommes les plus sensuels. Son attrait provient \u00e0 la fois de sa r\u00e9sistance et de sa douceur, un contraste surprenant qui se refl\u00e8te dans son parfum.<\/p>\n","protected":false},"excerpt":{"rendered":"<p><b>Famille de parfums\u00a0:<\/b>\u00a0Chaud et \u00e9pic\u00e9<\/p>\n<p><b>Cat\u00e9gorie de parfums\u00a0:<\/b>\u00a0\u00c9pices bois\u00e9es<\/p>\n<p><b>Notes essentielles\u00a0:<\/b>\u00a0Essence de poivre noir, iris et bois de combustion<\/p>\n<p><b>Description du parfum\u00a0:<\/b>\u00a0La rencontre olfactive commence par le contraste \u00e9pic\u00e9 du poivre noir et de la coriandre, suivi d\u02bcune \u00e9treinte chaleureuse entre les notes addictives du cacao et l\u02bc\u00e9l\u00e9gance sophistiqu\u00e9e de l\u02bciris. L\u02bcexp\u00e9rience sensorielle est rehauss\u00e9e par les notes bois\u00e9es de bois de santal et un accord oriental.<\/p>\n<p><b>\u00c0 propos du parfum\u00a0:<\/b>\u00a0La nouvelle eau de parfum Gentleman Bois\u00e9e de Givenchy est une fragrance bois\u00e9e pour les hommes les plus sensuels. Son attrait provient \u00e0 la fois de sa r\u00e9sistance et de sa douceur, un contraste surprenant qui se refl\u00e8te dans son parfum.<\/p>\n","protected":false},"featured_media":3937,"comment_status":"open","ping_status":"closed","template":"","meta":[],"product_brand":[],"product_cat":[195],"product_tag":[207,204],"class_list":{"0":"post-3949","1":"product","2":"type-product","3":"status-publish","4":"has-post-thumbnail","6":"product_cat-parfum-homme","7":"product_tag-givenchy","8":"product_tag-parfum-homme","10":"first","11":"instock","12":"shipping-taxable","13":"purchasable","14":"product-type-variable","15":"has-default-attributes"},"jetpack_sharing_enabled":true,"_links":{"self":[{"href":"https:\/\/benchaaben-fragrance.com\/index.php?rest_route=\/wp\/v2\/product\/3949","targetHints":{"allow":["GET"]}}],"collection":[{"href":"https:\/\/benchaaben-fragrance.com\/index.php?rest_route=\/wp\/v2\/product"}],"about":[{"href":"https:\/\/benchaaben-fragrance.com\/index.php?rest_route=\/wp\/v2\/types\/product"}],"replies":[{"embeddable":true,"href":"https:\/\/benchaaben-fragrance.com\/index.php?rest_route=%2Fwp%2Fv2%2Fcomments&post=3949"}],"wp:featuredmedia":[{"embeddable":true,"href":"https:\/\/benchaaben-fragrance.com\/index.php?rest_route=\/wp\/v2\/media\/3937"}],"wp:attachment":[{"href":"https:\/\/benchaaben-fragrance.com\/index.php?rest_route=%2Fwp%2Fv2%2Fmedia&parent=3949"}],"wp:term":[{"taxonomy":"product_brand","embeddable":true,"href":"https:\/\/benchaaben-fragrance.com\/index.php?rest_route=%2Fwp%2Fv2%2Fproduct_brand&post=3949"},{"taxonomy":"product_cat","embeddable":true,"href":"https:\/\/benchaaben-fragrance.com\/index.php?rest_route=%2Fwp%2Fv2%2Fproduct_cat&post=3949"},{"taxonomy":"product_tag","embeddable":true,"href":"https:\/\/benchaaben-fragrance.com\/index.php?rest_route=%2Fwp%2Fv2%2Fproduct_tag&post=3949"}],"curies":[{"name":"wp","href":"https:\/\/api.w.org\/{rel}","templated":true}]}}