{"id":3952,"date":"2024-11-08T21:05:09","date_gmt":"2024-11-08T20:05:09","guid":{"rendered":"http:\/\/localhost\/?post_type=product&#038;p=3952"},"modified":"2024-12-12T18:23:58","modified_gmt":"2024-12-12T17:23:58","slug":"dolcegabbana-eau-de-toilette-the-one-pour-homme","status":"publish","type":"product","link":"https:\/\/benchaaben-fragrance.com\/?product=dolcegabbana-eau-de-toilette-the-one-pour-homme","title":{"rendered":"Dolce&#038;Gabbana The One Extrait de Parfum"},"content":{"rendered":"<p><b>Famille de parfum\u00a0:<\/b>\u00a0Chaud et \u00e9pic\u00e9<\/p>\n<p><b>Cat\u00e9gorie de parfums\u00a0:<\/b>\u00a0\u00c9pices bois\u00e9es<\/p>\n<p><b>Notes essentielles\u00a0:<\/b>\u00a0Cardamome, bois de c\u00e8dre, gingembre et tabac<\/p>\n<p><b>Description du parfum\u00a0:<\/b>\u00a0\u00c9l\u00e9gant et sensuel, ce parfum est d\u00e9cid\u00e9ment \u00e0 la fois moderne et intemporel. Le parfum refl\u00e8te parfaitement l\u2019homme DOLCE&amp;GABBANA\u00a0: charismatique, s\u00e9ducteur et sophistiqu\u00e9, il adore prendre soin de lui-m\u00eame. Ce parfum \u00e9pic\u00e9 pr\u00e9sente des notes de t\u00eate fra\u00eeches de pamplemousse, de coriandre et de basilic; un c\u0153ur chaud de cardamome et de gingembre, ainsi qu\u02bcune base masculine profonde de tabac, d\u2019ambre et de bois de c\u00e8dre.<\/p>\n","protected":false},"excerpt":{"rendered":"<p><b>Famille de parfum\u00a0:<\/b>\u00a0Chaud et \u00e9pic\u00e9<\/p>\n<p><b>Cat\u00e9gorie de parfums\u00a0:<\/b>\u00a0\u00c9pices bois\u00e9es<\/p>\n<p><b>Notes essentielles\u00a0:<\/b>\u00a0Cardamome, bois de c\u00e8dre, gingembre et tabac<\/p>\n<p><b>Description du parfum\u00a0:<\/b>\u00a0\u00c9l\u00e9gant et sensuel, ce parfum est d\u00e9cid\u00e9ment \u00e0 la fois moderne et intemporel. Le parfum refl\u00e8te parfaitement l\u2019homme DOLCE&amp;GABBANA\u00a0: charismatique, s\u00e9ducteur et sophistiqu\u00e9, il adore prendre soin de lui-m\u00eame. Ce parfum \u00e9pic\u00e9 pr\u00e9sente des notes de t\u00eate fra\u00eeches de pamplemousse, de coriandre et de basilic; un c\u0153ur chaud de cardamome et de gingembre, ainsi qu\u02bcune base masculine profonde de tabac, d\u2019ambre et de bois de c\u00e8dre.<\/p>\n","protected":false},"featured_media":3941,"comment_status":"open","ping_status":"closed","template":"","meta":[],"product_brand":[],"product_cat":[195],"product_tag":[208,204],"class_list":{"0":"post-3952","1":"product","2":"type-product","3":"status-publish","4":"has-post-thumbnail","6":"product_cat-parfum-homme","7":"product_tag-dolcegabbana","8":"product_tag-parfum-homme","10":"first","11":"instock","12":"shipping-taxable","13":"purchasable","14":"product-type-variable","15":"has-default-attributes"},"jetpack_sharing_enabled":true,"_links":{"self":[{"href":"https:\/\/benchaaben-fragrance.com\/index.php?rest_route=\/wp\/v2\/product\/3952","targetHints":{"allow":["GET"]}}],"collection":[{"href":"https:\/\/benchaaben-fragrance.com\/index.php?rest_route=\/wp\/v2\/product"}],"about":[{"href":"https:\/\/benchaaben-fragrance.com\/index.php?rest_route=\/wp\/v2\/types\/product"}],"replies":[{"embeddable":true,"href":"https:\/\/benchaaben-fragrance.com\/index.php?rest_route=%2Fwp%2Fv2%2Fcomments&post=3952"}],"wp:featuredmedia":[{"embeddable":true,"href":"https:\/\/benchaaben-fragrance.com\/index.php?rest_route=\/wp\/v2\/media\/3941"}],"wp:attachment":[{"href":"https:\/\/benchaaben-fragrance.com\/index.php?rest_route=%2Fwp%2Fv2%2Fmedia&parent=3952"}],"wp:term":[{"taxonomy":"product_brand","embeddable":true,"href":"https:\/\/benchaaben-fragrance.com\/index.php?rest_route=%2Fwp%2Fv2%2Fproduct_brand&post=3952"},{"taxonomy":"product_cat","embeddable":true,"href":"https:\/\/benchaaben-fragrance.com\/index.php?rest_route=%2Fwp%2Fv2%2Fproduct_cat&post=3952"},{"taxonomy":"product_tag","embeddable":true,"href":"https:\/\/benchaaben-fragrance.com\/index.php?rest_route=%2Fwp%2Fv2%2Fproduct_tag&post=3952"}],"curies":[{"name":"wp","href":"https:\/\/api.w.org\/{rel}","templated":true}]}}