{"id":4166,"date":"2024-12-10T20:06:09","date_gmt":"2024-12-10T19:06:09","guid":{"rendered":"https:\/\/benchaaben-fragrance.com\/?post_type=product&#038;p=4166"},"modified":"2024-12-10T20:21:01","modified_gmt":"2024-12-10T19:21:01","slug":"gucci-oud-extrait-de-parfum","status":"publish","type":"product","link":"https:\/\/benchaaben-fragrance.com\/?product=gucci-oud-extrait-de-parfum","title":{"rendered":"Gucci Oud Extrait De Parfum"},"content":{"rendered":"<p><b>Gucci Oud<\/b>\u00a0est un\u00a0<b>parfum<\/b>\u00a0opulent inspir\u00e9 par les voyages exotiques d&rsquo;antan.<br \/>\nLe parfum mixte Gucci Oud est une Eau de Parfum qui m\u00eale avec finesse et \u00e9l\u00e9gance les notes de rose, de fleurs d&rsquo;oranger, de poire, de framboise et de safran. Pens\u00e9 co \u00b21mme un parfum d&rsquo;\u00e9vasion aux propri\u00e9t\u00e9s d\u00e9paysantes, le parfum Gucci Oud de\u00a0<b>Gucci\u00a0<\/b>s&rsquo;ouvre ensuite sur des notes plus chaudes et bois\u00e9es gr\u00e2ce au tr\u00e8s pr\u00e9cieux bois de Oud et \u00e0 l&rsquo;alliance de l&rsquo;ambre et du patchouli.<\/p>\n","protected":false},"excerpt":{"rendered":"<p><b>Gucci Oud<\/b>\u00a0est un\u00a0<b>parfum<\/b>\u00a0opulent inspir\u00e9 par les voyages exotiques d&rsquo;antan.<br \/>\nLe parfum mixte Gucci Oud est une Eau de Parfum qui m\u00eale avec finesse et \u00e9l\u00e9gance les notes de rose, de fleurs d&rsquo;oranger, de poire, de framboise et de safran. Pens\u00e9 co \u00b21mme un parfum d&rsquo;\u00e9vasion aux propri\u00e9t\u00e9s d\u00e9paysantes, le parfum Gucci Oud de\u00a0<b>Gucci\u00a0<\/b>s&rsquo;ouvre ensuite sur des notes plus chaudes et bois\u00e9es gr\u00e2ce au tr\u00e8s pr\u00e9cieux bois de Oud et \u00e0 l&rsquo;alliance de l&rsquo;ambre et du patchouli.<\/p>\n","protected":false},"featured_media":4172,"comment_status":"open","ping_status":"closed","template":"","meta":[],"product_brand":[],"product_cat":[195],"product_tag":[203,204],"class_list":{"0":"post-4166","1":"product","2":"type-product","3":"status-publish","4":"has-post-thumbnail","6":"product_cat-parfum-homme","7":"product_tag-gucci","8":"product_tag-parfum-homme","10":"first","11":"instock","12":"shipping-taxable","13":"purchasable","14":"product-type-variable","15":"has-default-attributes"},"jetpack_sharing_enabled":true,"_links":{"self":[{"href":"https:\/\/benchaaben-fragrance.com\/index.php?rest_route=\/wp\/v2\/product\/4166","targetHints":{"allow":["GET"]}}],"collection":[{"href":"https:\/\/benchaaben-fragrance.com\/index.php?rest_route=\/wp\/v2\/product"}],"about":[{"href":"https:\/\/benchaaben-fragrance.com\/index.php?rest_route=\/wp\/v2\/types\/product"}],"replies":[{"embeddable":true,"href":"https:\/\/benchaaben-fragrance.com\/index.php?rest_route=%2Fwp%2Fv2%2Fcomments&post=4166"}],"wp:featuredmedia":[{"embeddable":true,"href":"https:\/\/benchaaben-fragrance.com\/index.php?rest_route=\/wp\/v2\/media\/4172"}],"wp:attachment":[{"href":"https:\/\/benchaaben-fragrance.com\/index.php?rest_route=%2Fwp%2Fv2%2Fmedia&parent=4166"}],"wp:term":[{"taxonomy":"product_brand","embeddable":true,"href":"https:\/\/benchaaben-fragrance.com\/index.php?rest_route=%2Fwp%2Fv2%2Fproduct_brand&post=4166"},{"taxonomy":"product_cat","embeddable":true,"href":"https:\/\/benchaaben-fragrance.com\/index.php?rest_route=%2Fwp%2Fv2%2Fproduct_cat&post=4166"},{"taxonomy":"product_tag","embeddable":true,"href":"https:\/\/benchaaben-fragrance.com\/index.php?rest_route=%2Fwp%2Fv2%2Fproduct_tag&post=4166"}],"curies":[{"name":"wp","href":"https:\/\/api.w.org\/{rel}","templated":true}]}}