{"id":4174,"date":"2024-12-12T14:53:02","date_gmt":"2024-12-12T13:53:02","guid":{"rendered":"https:\/\/benchaaben-fragrance.com\/?post_type=product&#038;p=4174"},"modified":"2024-12-12T14:55:35","modified_gmt":"2024-12-12T13:55:35","slug":"the-moon-frederic-malle","status":"publish","type":"product","link":"https:\/\/benchaaben-fragrance.com\/?product=the-moon-frederic-malle","title":{"rendered":"The Moon Frederic Malle Extrait De Parfum"},"content":{"rendered":"<p>\u00c0 la rencontre de l&rsquo;oud et des fruits rouges, le parfum THE MOON est un hommage \u00e0 la lune sign\u00e9 Julien Rasquinet pour la collection Desert Gems.<\/p>\n<p>Au Moyen-Orient, la lune marque la cadence de la vie. Voil\u00e9, d\u00e9voil\u00e9 : son halo clair signe le d\u00e9but et la fin de toutes les festivit\u00e9s. La langue arabe convoque aussi la lune pour parler d&rsquo;amour. \u00ab Ma lune \u00bb, il n&rsquo;y a pas nom plus doux, plus subtil, pour d\u00e9clarer sa flamme, parler de la beaut\u00e9 de l&rsquo;\u00eatre aim\u00e9 et lui avouer sa d\u00e9votion \u00e9ternelle. Assemblage somptueux, chaud et raffin\u00e9 de rose, oud et encens, THE MOON se laisse surprendre par une profusion de m\u00fbre et de groseille. Par la magie de ces baies rouges aux effluves doux et color\u00e9s, il \u00e9voque les volutes fruit\u00e9es des narguil\u00e9s et la douceur des nuits orientales.<\/p>\n<p>Muscade, rose, oud naturel, accord cuir<\/p>\n","protected":false},"excerpt":{"rendered":"<p>\u00c0 la rencontre de l&rsquo;oud et des fruits rouges, le parfum THE MOON est un hommage \u00e0 la lune sign\u00e9 Julien Rasquinet pour la collection Desert Gems.<\/p>\n<p>Au Moyen-Orient, la lune marque la cadence de la vie. Voil\u00e9, d\u00e9voil\u00e9 : son halo clair signe le d\u00e9but et la fin de toutes les festivit\u00e9s. La langue arabe convoque aussi la lune pour parler d&rsquo;amour. \u00ab Ma lune \u00bb, il n&rsquo;y a pas nom plus doux, plus subtil, pour d\u00e9clarer sa flamme, parler de la beaut\u00e9 de l&rsquo;\u00eatre aim\u00e9 et lui avouer sa d\u00e9votion \u00e9ternelle. Assemblage somptueux, chaud et raffin\u00e9 de rose, oud et encens, THE MOON se laisse surprendre par une profusion de m\u00fbre et de groseille. Par la magie de ces baies rouges aux effluves doux et color\u00e9s, il \u00e9voque les volutes fruit\u00e9es des narguil\u00e9s et la douceur des nuits orientales.<\/p>\n<p>Muscade, rose, oud naturel, accord cuir<\/p>\n","protected":false},"featured_media":4175,"comment_status":"open","ping_status":"closed","template":"","meta":[],"product_brand":[],"product_cat":[194,196,195,197],"product_tag":[210,198,204],"class_list":{"0":"post-4174","1":"product","2":"type-product","3":"status-publish","4":"has-post-thumbnail","6":"product_cat-parfum-de-niche","7":"product_cat-parfum-femme","8":"product_cat-parfum-homme","9":"product_cat-parfum-unisexe","10":"product_tag-frederic-malle","11":"product_tag-parfum-femme","12":"product_tag-parfum-homme","14":"first","15":"instock","16":"shipping-taxable","17":"purchasable","18":"product-type-variable","19":"has-default-attributes"},"jetpack_sharing_enabled":true,"_links":{"self":[{"href":"https:\/\/benchaaben-fragrance.com\/index.php?rest_route=\/wp\/v2\/product\/4174","targetHints":{"allow":["GET"]}}],"collection":[{"href":"https:\/\/benchaaben-fragrance.com\/index.php?rest_route=\/wp\/v2\/product"}],"about":[{"href":"https:\/\/benchaaben-fragrance.com\/index.php?rest_route=\/wp\/v2\/types\/product"}],"replies":[{"embeddable":true,"href":"https:\/\/benchaaben-fragrance.com\/index.php?rest_route=%2Fwp%2Fv2%2Fcomments&post=4174"}],"wp:featuredmedia":[{"embeddable":true,"href":"https:\/\/benchaaben-fragrance.com\/index.php?rest_route=\/wp\/v2\/media\/4175"}],"wp:attachment":[{"href":"https:\/\/benchaaben-fragrance.com\/index.php?rest_route=%2Fwp%2Fv2%2Fmedia&parent=4174"}],"wp:term":[{"taxonomy":"product_brand","embeddable":true,"href":"https:\/\/benchaaben-fragrance.com\/index.php?rest_route=%2Fwp%2Fv2%2Fproduct_brand&post=4174"},{"taxonomy":"product_cat","embeddable":true,"href":"https:\/\/benchaaben-fragrance.com\/index.php?rest_route=%2Fwp%2Fv2%2Fproduct_cat&post=4174"},{"taxonomy":"product_tag","embeddable":true,"href":"https:\/\/benchaaben-fragrance.com\/index.php?rest_route=%2Fwp%2Fv2%2Fproduct_tag&post=4174"}],"curies":[{"name":"wp","href":"https:\/\/api.w.org\/{rel}","templated":true}]}}