{"id":4184,"date":"2024-12-12T15:12:20","date_gmt":"2024-12-12T14:12:20","guid":{"rendered":"https:\/\/benchaaben-fragrance.com\/?post_type=product&#038;p=4184"},"modified":"2024-12-12T15:12:21","modified_gmt":"2024-12-12T14:12:21","slug":"promise-frederic-malle-extrait-de-parfum","status":"publish","type":"product","link":"https:\/\/benchaaben-fragrance.com\/?product=promise-frederic-malle-extrait-de-parfum","title":{"rendered":"Promise Frederic Malle Extrait De Parfum"},"content":{"rendered":"<p>Parole d\u2019honneur.<\/p>\n<p>Au Moyen Orient, une promesse est un acte essentiel, une affaire d\u2019honneur. Un moment fort, un lien inviolable entre deux \u00eatres.<\/p>\n<p>Fr\u00e9d\u00e9ric Malle c\u00e9l\u00e8bre ce principe avec une promesse qui lui ressemble. Ces deux c\u0153urs qui battent sont symbolis\u00e9s par deux vari\u00e9t\u00e9s de roses pr\u00e9cieuses. Essence de rose Bulgare, et absolue rose Turque, rehauss\u00e9es de pomme verte, de poivre noir, et de clou de girofle. Ce mariage repose sur une base magn\u00e9tique de patchouli, cipriol et labdanum.<\/p>\n<p>Puissant comme un v\u0153u \u00e9ternel.<\/p>\n<p>Fragrance notes: Rose essence, rose absolute, pomme,<\/p>\n<p>Poivre rose,Clou de girofle, patchouli, Cyperus, labdanum<\/p>\n","protected":false},"excerpt":{"rendered":"<p>Parole d\u2019honneur.<\/p>\n<p>Au Moyen Orient, une promesse est un acte essentiel, une affaire d\u2019honneur. Un moment fort, un lien inviolable entre deux \u00eatres.<\/p>\n<p>Fr\u00e9d\u00e9ric Malle c\u00e9l\u00e8bre ce principe avec une promesse qui lui ressemble. Ces deux c\u0153urs qui battent sont symbolis\u00e9s par deux vari\u00e9t\u00e9s de roses pr\u00e9cieuses. Essence de rose Bulgare, et absolue rose Turque, rehauss\u00e9es de pomme verte, de poivre noir, et de clou de girofle. Ce mariage repose sur une base magn\u00e9tique de patchouli, cipriol et labdanum.<\/p>\n<p>Puissant comme un v\u0153u \u00e9ternel.<\/p>\n<p>Fragrance notes: Rose essence, rose absolute, pomme,<\/p>\n<p>Poivre rose,Clou de girofle, patchouli, Cyperus, labdanum<\/p>\n","protected":false},"featured_media":4185,"comment_status":"open","ping_status":"closed","template":"","meta":[],"product_brand":[],"product_cat":[194,196,195,197],"product_tag":[210,198,204],"class_list":{"0":"post-4184","1":"product","2":"type-product","3":"status-publish","4":"has-post-thumbnail","6":"product_cat-parfum-de-niche","7":"product_cat-parfum-femme","8":"product_cat-parfum-homme","9":"product_cat-parfum-unisexe","10":"product_tag-frederic-malle","11":"product_tag-parfum-femme","12":"product_tag-parfum-homme","14":"first","15":"instock","16":"shipping-taxable","17":"purchasable","18":"product-type-variable","19":"has-default-attributes"},"jetpack_sharing_enabled":true,"_links":{"self":[{"href":"https:\/\/benchaaben-fragrance.com\/index.php?rest_route=\/wp\/v2\/product\/4184","targetHints":{"allow":["GET"]}}],"collection":[{"href":"https:\/\/benchaaben-fragrance.com\/index.php?rest_route=\/wp\/v2\/product"}],"about":[{"href":"https:\/\/benchaaben-fragrance.com\/index.php?rest_route=\/wp\/v2\/types\/product"}],"replies":[{"embeddable":true,"href":"https:\/\/benchaaben-fragrance.com\/index.php?rest_route=%2Fwp%2Fv2%2Fcomments&post=4184"}],"wp:featuredmedia":[{"embeddable":true,"href":"https:\/\/benchaaben-fragrance.com\/index.php?rest_route=\/wp\/v2\/media\/4185"}],"wp:attachment":[{"href":"https:\/\/benchaaben-fragrance.com\/index.php?rest_route=%2Fwp%2Fv2%2Fmedia&parent=4184"}],"wp:term":[{"taxonomy":"product_brand","embeddable":true,"href":"https:\/\/benchaaben-fragrance.com\/index.php?rest_route=%2Fwp%2Fv2%2Fproduct_brand&post=4184"},{"taxonomy":"product_cat","embeddable":true,"href":"https:\/\/benchaaben-fragrance.com\/index.php?rest_route=%2Fwp%2Fv2%2Fproduct_cat&post=4184"},{"taxonomy":"product_tag","embeddable":true,"href":"https:\/\/benchaaben-fragrance.com\/index.php?rest_route=%2Fwp%2Fv2%2Fproduct_tag&post=4184"}],"curies":[{"name":"wp","href":"https:\/\/api.w.org\/{rel}","templated":true}]}}