{"id":4188,"date":"2024-12-12T15:11:46","date_gmt":"2024-12-12T14:11:46","guid":{"rendered":"https:\/\/benchaaben-fragrance.com\/?post_type=product&#038;p=4188"},"modified":"2024-12-12T15:15:55","modified_gmt":"2024-12-12T14:15:55","slug":"boss-in-motion-white-hugo-boss-extrait-de-parfum","status":"publish","type":"product","link":"https:\/\/benchaaben-fragrance.com\/?product=boss-in-motion-white-hugo-boss-extrait-de-parfum","title":{"rendered":"Boss In Motion White Hugo Boss Extrait De Parfum"},"content":{"rendered":"<p><b>Boss In Motion White<\/b>\u00a0de\u00a0<b>Hugo Boss<\/b> est un extrait de parfum pour homme. <b>Boss In Motion White<\/b>\u00a0a \u00e9t\u00e9 lanc\u00e9 en 2009. Les notes de t\u00eate sont Orange sanguine et Basilic; les notes de coeur sont Safran, Cannelle et Poivre; la note de fond est V\u00e9tiver.<\/p>\n","protected":false},"excerpt":{"rendered":"<p><b>Boss In Motion White<\/b>\u00a0de\u00a0<b>Hugo Boss<\/b> est un extrait de parfum pour homme. <b>Boss In Motion White<\/b>\u00a0a \u00e9t\u00e9 lanc\u00e9 en 2009. Les notes de t\u00eate sont Orange sanguine et Basilic; les notes de coeur sont Safran, Cannelle et Poivre; la note de fond est V\u00e9tiver.Hugo Boss<\/p>\n","protected":false},"featured_media":4191,"comment_status":"open","ping_status":"closed","template":"","meta":[],"product_brand":[],"product_cat":[195],"product_tag":[212,204],"class_list":{"0":"post-4188","1":"product","2":"type-product","3":"status-publish","4":"has-post-thumbnail","6":"product_cat-parfum-homme","7":"product_tag-hugo-boss","8":"product_tag-parfum-homme","10":"first","11":"instock","12":"shipping-taxable","13":"purchasable","14":"product-type-variable","15":"has-default-attributes"},"jetpack_sharing_enabled":true,"_links":{"self":[{"href":"https:\/\/benchaaben-fragrance.com\/index.php?rest_route=\/wp\/v2\/product\/4188","targetHints":{"allow":["GET"]}}],"collection":[{"href":"https:\/\/benchaaben-fragrance.com\/index.php?rest_route=\/wp\/v2\/product"}],"about":[{"href":"https:\/\/benchaaben-fragrance.com\/index.php?rest_route=\/wp\/v2\/types\/product"}],"replies":[{"embeddable":true,"href":"https:\/\/benchaaben-fragrance.com\/index.php?rest_route=%2Fwp%2Fv2%2Fcomments&post=4188"}],"wp:featuredmedia":[{"embeddable":true,"href":"https:\/\/benchaaben-fragrance.com\/index.php?rest_route=\/wp\/v2\/media\/4191"}],"wp:attachment":[{"href":"https:\/\/benchaaben-fragrance.com\/index.php?rest_route=%2Fwp%2Fv2%2Fmedia&parent=4188"}],"wp:term":[{"taxonomy":"product_brand","embeddable":true,"href":"https:\/\/benchaaben-fragrance.com\/index.php?rest_route=%2Fwp%2Fv2%2Fproduct_brand&post=4188"},{"taxonomy":"product_cat","embeddable":true,"href":"https:\/\/benchaaben-fragrance.com\/index.php?rest_route=%2Fwp%2Fv2%2Fproduct_cat&post=4188"},{"taxonomy":"product_tag","embeddable":true,"href":"https:\/\/benchaaben-fragrance.com\/index.php?rest_route=%2Fwp%2Fv2%2Fproduct_tag&post=4188"}],"curies":[{"name":"wp","href":"https:\/\/api.w.org\/{rel}","templated":true}]}}