{"id":4197,"date":"2024-12-12T15:35:38","date_gmt":"2024-12-12T14:35:38","guid":{"rendered":"https:\/\/benchaaben-fragrance.com\/?post_type=product&#038;p=4197"},"modified":"2024-12-12T15:35:39","modified_gmt":"2024-12-12T14:35:39","slug":"baccarat-rouge-540-extrait-de-parfum","status":"publish","type":"product","link":"https:\/\/benchaaben-fragrance.com\/?product=baccarat-rouge-540-extrait-de-parfum","title":{"rendered":"Baccarat Rouge 540 Extrait De Parfum"},"content":{"rendered":"<p>N\u00e9 de la ma\u00eetrise du parfumeur et de la sagesse du temps, cet Extrait de parfum bois\u00e9 est, pour Francis Kurkdjian, un aboutissement ultime. En note de t\u00eate, le jasmin Grandiflorum vient appuyer d\u00e9licatement le souffle du savoir-faire. Le souffle du feu est compl\u00e9t\u00e9 par les facettes poudr\u00e9es et gourmandes de l&rsquo;amande am\u00e8re. Enfin, le souffle min\u00e9ral construit autour de l&rsquo;ambre gris s&rsquo;adoucit au contact d&rsquo;un accord bois\u00e9 et musqu\u00e9. D\u00e9cuplant l&rsquo;intensit\u00e9 de l&rsquo;Extrait, le flacon joue \u00e9galement avec la lumi\u00e8re. Son esth\u00e9tique se pare d&rsquo;un habit rouge \u00e9clatant rappelant la couleur iconique du rouge Baccarat.<br \/>\nL&rsquo;Extrait de parfum Baccarat Rouge 540 Maison Francis Kurkdjian incarne la profusion et la fusion des \u00e9l\u00e9ments que seul l&rsquo;art du parfumeur et la sagesse du temps savent apprivoiser.<\/p>\n","protected":false},"excerpt":{"rendered":"<p>N\u00e9 de la ma\u00eetrise du parfumeur et de la sagesse du temps, cet Extrait de parfum bois\u00e9 est, pour Francis Kurkdjian, un aboutissement ultime. En note de t\u00eate, le jasmin Grandiflorum vient appuyer d\u00e9licatement le souffle du savoir-faire. Le souffle du feu est compl\u00e9t\u00e9 par les facettes poudr\u00e9es et gourmandes de l&rsquo;amande am\u00e8re. Enfin, le souffle min\u00e9ral construit autour de l&rsquo;ambre gris s&rsquo;adoucit au contact d&rsquo;un accord bois\u00e9 et musqu\u00e9. D\u00e9cuplant l&rsquo;intensit\u00e9 de l&rsquo;Extrait, le flacon joue \u00e9galement avec la lumi\u00e8re. Son esth\u00e9tique se pare d&rsquo;un habit rouge \u00e9clatant rappelant la couleur iconique du rouge Baccarat.<br \/>\nL&rsquo;Extrait de parfum Baccarat Rouge 540 Maison Francis Kurkdjian incarne la profusion et la fusion des \u00e9l\u00e9ments que seul l&rsquo;art du parfumeur et la sagesse du temps savent apprivoiser.<\/p>\n","protected":false},"featured_media":4199,"comment_status":"open","ping_status":"closed","template":"","meta":[],"product_brand":[],"product_cat":[194,196,195,197],"product_tag":[214,198,204],"class_list":{"0":"post-4197","1":"product","2":"type-product","3":"status-publish","4":"has-post-thumbnail","6":"product_cat-parfum-de-niche","7":"product_cat-parfum-femme","8":"product_cat-parfum-homme","9":"product_cat-parfum-unisexe","10":"product_tag-francis-kurkdjian","11":"product_tag-parfum-femme","12":"product_tag-parfum-homme","14":"first","15":"instock","16":"shipping-taxable","17":"purchasable","18":"product-type-variable","19":"has-default-attributes"},"jetpack_sharing_enabled":true,"_links":{"self":[{"href":"https:\/\/benchaaben-fragrance.com\/index.php?rest_route=\/wp\/v2\/product\/4197","targetHints":{"allow":["GET"]}}],"collection":[{"href":"https:\/\/benchaaben-fragrance.com\/index.php?rest_route=\/wp\/v2\/product"}],"about":[{"href":"https:\/\/benchaaben-fragrance.com\/index.php?rest_route=\/wp\/v2\/types\/product"}],"replies":[{"embeddable":true,"href":"https:\/\/benchaaben-fragrance.com\/index.php?rest_route=%2Fwp%2Fv2%2Fcomments&post=4197"}],"wp:featuredmedia":[{"embeddable":true,"href":"https:\/\/benchaaben-fragrance.com\/index.php?rest_route=\/wp\/v2\/media\/4199"}],"wp:attachment":[{"href":"https:\/\/benchaaben-fragrance.com\/index.php?rest_route=%2Fwp%2Fv2%2Fmedia&parent=4197"}],"wp:term":[{"taxonomy":"product_brand","embeddable":true,"href":"https:\/\/benchaaben-fragrance.com\/index.php?rest_route=%2Fwp%2Fv2%2Fproduct_brand&post=4197"},{"taxonomy":"product_cat","embeddable":true,"href":"https:\/\/benchaaben-fragrance.com\/index.php?rest_route=%2Fwp%2Fv2%2Fproduct_cat&post=4197"},{"taxonomy":"product_tag","embeddable":true,"href":"https:\/\/benchaaben-fragrance.com\/index.php?rest_route=%2Fwp%2Fv2%2Fproduct_tag&post=4197"}],"curies":[{"name":"wp","href":"https:\/\/api.w.org\/{rel}","templated":true}]}}