{"id":4206,"date":"2024-12-12T15:42:32","date_gmt":"2024-12-12T14:42:32","guid":{"rendered":"https:\/\/benchaaben-fragrance.com\/?post_type=product&#038;p=4206"},"modified":"2024-12-12T15:42:33","modified_gmt":"2024-12-12T14:42:33","slug":"megamare-orto-parisi-extrait-de-parfum","status":"publish","type":"product","link":"https:\/\/benchaaben-fragrance.com\/?product=megamare-orto-parisi-extrait-de-parfum","title":{"rendered":"Megamare Orto Parisi Extrait De Parfum"},"content":{"rendered":"<p><b>Megamare<\/b>\u00a0de\u00a0<b>Orto Parisi<\/b>\u00a0est un parfum Aromatique Aquatique pour homme et femme.\u00a0<b>Megamare<\/b>\u00a0a \u00e9t\u00e9 lanc\u00e9 en 2019. Le nez derri\u00e8re ce parfum est Alessandro Gualtieri. Les notes de t\u00eate sont Bergamote et Citron; les notes de coeur sont Algue, Calone et Hedione; les notes de fond sont Musc, Ambroxan et C\u00e8dre.<\/p>\n","protected":false},"excerpt":{"rendered":"<p><b>Megamare<\/b>\u00a0de\u00a0<b>Orto Parisi<\/b>\u00a0est un parfum Aromatique Aquatique pour homme et femme.\u00a0<b>Megamare<\/b>\u00a0a \u00e9t\u00e9 lanc\u00e9 en 2019. Le nez derri\u00e8re ce parfum est Alessandro Gualtieri. Les notes de t\u00eate sont Bergamote et Citron; les notes de coeur sont Algue, Calone et Hedione; les notes de fond sont Musc, Ambroxan et C\u00e8dre.<\/p>\n","protected":false},"featured_media":4208,"comment_status":"open","ping_status":"closed","template":"","meta":[],"product_brand":[],"product_cat":[194,196,195,197],"product_tag":[216,198,204],"class_list":{"0":"post-4206","1":"product","2":"type-product","3":"status-publish","4":"has-post-thumbnail","6":"product_cat-parfum-de-niche","7":"product_cat-parfum-femme","8":"product_cat-parfum-homme","9":"product_cat-parfum-unisexe","10":"product_tag-orto-parisi","11":"product_tag-parfum-femme","12":"product_tag-parfum-homme","14":"first","15":"instock","16":"shipping-taxable","17":"purchasable","18":"product-type-variable","19":"has-default-attributes"},"jetpack_sharing_enabled":true,"_links":{"self":[{"href":"https:\/\/benchaaben-fragrance.com\/index.php?rest_route=\/wp\/v2\/product\/4206","targetHints":{"allow":["GET"]}}],"collection":[{"href":"https:\/\/benchaaben-fragrance.com\/index.php?rest_route=\/wp\/v2\/product"}],"about":[{"href":"https:\/\/benchaaben-fragrance.com\/index.php?rest_route=\/wp\/v2\/types\/product"}],"replies":[{"embeddable":true,"href":"https:\/\/benchaaben-fragrance.com\/index.php?rest_route=%2Fwp%2Fv2%2Fcomments&post=4206"}],"wp:featuredmedia":[{"embeddable":true,"href":"https:\/\/benchaaben-fragrance.com\/index.php?rest_route=\/wp\/v2\/media\/4208"}],"wp:attachment":[{"href":"https:\/\/benchaaben-fragrance.com\/index.php?rest_route=%2Fwp%2Fv2%2Fmedia&parent=4206"}],"wp:term":[{"taxonomy":"product_brand","embeddable":true,"href":"https:\/\/benchaaben-fragrance.com\/index.php?rest_route=%2Fwp%2Fv2%2Fproduct_brand&post=4206"},{"taxonomy":"product_cat","embeddable":true,"href":"https:\/\/benchaaben-fragrance.com\/index.php?rest_route=%2Fwp%2Fv2%2Fproduct_cat&post=4206"},{"taxonomy":"product_tag","embeddable":true,"href":"https:\/\/benchaaben-fragrance.com\/index.php?rest_route=%2Fwp%2Fv2%2Fproduct_tag&post=4206"}],"curies":[{"name":"wp","href":"https:\/\/api.w.org\/{rel}","templated":true}]}}