{"id":4213,"date":"2024-12-12T15:59:11","date_gmt":"2024-12-12T14:59:11","guid":{"rendered":"https:\/\/benchaaben-fragrance.com\/?post_type=product&#038;p=4213"},"modified":"2024-12-12T16:01:15","modified_gmt":"2024-12-12T15:01:15","slug":"life-essence-fendi-2-extrait-de-parfume","status":"publish","type":"product","link":"https:\/\/benchaaben-fragrance.com\/?product=life-essence-fendi-2-extrait-de-parfume","title":{"rendered":"Life Essence Fendi 2 Extrait De Parfume"},"content":{"rendered":"<p><b>Life Essence<\/b>\u00a0de\u00a0<b>Fendi<\/b>\u00a0est un parfum Orientale \u00c9pic\u00e9 pour homme.\u00a0<b>Life Essence<\/b>\u00a0a \u00e9t\u00e9 lanc\u00e9 en 1996. Les notes de t\u00eate sont Citron, Bergamote, Coriandre, Cardamome et Mandarine; les notes de coeur sont Cypr\u00e8s, Bay Saint Thomas, G\u00e9ranium et Jasmin; les notes de fond sont Bois de santal, Mousse de ch\u00eane et C\u00e8dre.<\/p>\n","protected":false},"excerpt":{"rendered":"<p><b>Life Essence<\/b>\u00a0de\u00a0<b>Fendi<\/b>\u00a0est un parfum Orientale \u00c9pic\u00e9 pour homme.\u00a0<b>Life Essence<\/b>\u00a0a \u00e9t\u00e9 lanc\u00e9 en 1996. Les notes de t\u00eate sont Citron, Bergamote, Coriandre, Cardamome et Mandarine; les notes de coeur sont Cypr\u00e8s, Bay Saint Thomas, G\u00e9ranium et Jasmin; les notes de fond sont Bois de santal, Mousse de ch\u00eane et C\u00e8dre.<\/p>\n","protected":false},"featured_media":4216,"comment_status":"open","ping_status":"closed","template":"","meta":[],"product_brand":[],"product_cat":[195],"product_tag":[204],"class_list":{"0":"post-4213","1":"product","2":"type-product","3":"status-publish","4":"has-post-thumbnail","6":"product_cat-parfum-homme","7":"product_tag-parfum-homme","9":"first","10":"instock","11":"shipping-taxable","12":"purchasable","13":"product-type-variable","14":"has-default-attributes"},"jetpack_sharing_enabled":true,"_links":{"self":[{"href":"https:\/\/benchaaben-fragrance.com\/index.php?rest_route=\/wp\/v2\/product\/4213","targetHints":{"allow":["GET"]}}],"collection":[{"href":"https:\/\/benchaaben-fragrance.com\/index.php?rest_route=\/wp\/v2\/product"}],"about":[{"href":"https:\/\/benchaaben-fragrance.com\/index.php?rest_route=\/wp\/v2\/types\/product"}],"replies":[{"embeddable":true,"href":"https:\/\/benchaaben-fragrance.com\/index.php?rest_route=%2Fwp%2Fv2%2Fcomments&post=4213"}],"wp:featuredmedia":[{"embeddable":true,"href":"https:\/\/benchaaben-fragrance.com\/index.php?rest_route=\/wp\/v2\/media\/4216"}],"wp:attachment":[{"href":"https:\/\/benchaaben-fragrance.com\/index.php?rest_route=%2Fwp%2Fv2%2Fmedia&parent=4213"}],"wp:term":[{"taxonomy":"product_brand","embeddable":true,"href":"https:\/\/benchaaben-fragrance.com\/index.php?rest_route=%2Fwp%2Fv2%2Fproduct_brand&post=4213"},{"taxonomy":"product_cat","embeddable":true,"href":"https:\/\/benchaaben-fragrance.com\/index.php?rest_route=%2Fwp%2Fv2%2Fproduct_cat&post=4213"},{"taxonomy":"product_tag","embeddable":true,"href":"https:\/\/benchaaben-fragrance.com\/index.php?rest_route=%2Fwp%2Fv2%2Fproduct_tag&post=4213"}],"curies":[{"name":"wp","href":"https:\/\/api.w.org\/{rel}","templated":true}]}}