{"id":4221,"date":"2024-12-12T16:06:23","date_gmt":"2024-12-12T15:06:23","guid":{"rendered":"https:\/\/benchaaben-fragrance.com\/?post_type=product&#038;p=4221"},"modified":"2024-12-12T16:08:35","modified_gmt":"2024-12-12T15:08:35","slug":"armani-code-le-parfum-extrait-de-parfume","status":"publish","type":"product","link":"https:\/\/benchaaben-fragrance.com\/?product=armani-code-le-parfum-extrait-de-parfume","title":{"rendered":"Armani Code Le Parfum Extrait De Parfume"},"content":{"rendered":"<p><b>Armani Code Le Parfum<\/b>\u00a0de\u00a0<b>Giorgio Armani<\/b>\u00a0est un parfum Floral fruit\u00e9 pour femme.\u00a0<b>Armani Code Le Parfum<\/b>\u00a0a \u00e9t\u00e9 lanc\u00e9 en 2008.<\/p>\n","protected":false},"excerpt":{"rendered":"<p><b>Armani Code Le Parfum<\/b>\u00a0de\u00a0<b>Giorgio Armani<\/b>\u00a0est un parfum Floral fruit\u00e9 pour femme.\u00a0<b>Armani Code Le Parfum<\/b>\u00a0a \u00e9t\u00e9 lanc\u00e9 en 2008.<\/p>\n","protected":false},"featured_media":4223,"comment_status":"open","ping_status":"closed","template":"","meta":[],"product_brand":[],"product_cat":[195],"product_tag":[204],"class_list":{"0":"post-4221","1":"product","2":"type-product","3":"status-publish","4":"has-post-thumbnail","6":"product_cat-parfum-homme","7":"product_tag-parfum-homme","9":"first","10":"instock","11":"shipping-taxable","12":"purchasable","13":"product-type-variable","14":"has-default-attributes"},"jetpack_sharing_enabled":true,"_links":{"self":[{"href":"https:\/\/benchaaben-fragrance.com\/index.php?rest_route=\/wp\/v2\/product\/4221","targetHints":{"allow":["GET"]}}],"collection":[{"href":"https:\/\/benchaaben-fragrance.com\/index.php?rest_route=\/wp\/v2\/product"}],"about":[{"href":"https:\/\/benchaaben-fragrance.com\/index.php?rest_route=\/wp\/v2\/types\/product"}],"replies":[{"embeddable":true,"href":"https:\/\/benchaaben-fragrance.com\/index.php?rest_route=%2Fwp%2Fv2%2Fcomments&post=4221"}],"wp:featuredmedia":[{"embeddable":true,"href":"https:\/\/benchaaben-fragrance.com\/index.php?rest_route=\/wp\/v2\/media\/4223"}],"wp:attachment":[{"href":"https:\/\/benchaaben-fragrance.com\/index.php?rest_route=%2Fwp%2Fv2%2Fmedia&parent=4221"}],"wp:term":[{"taxonomy":"product_brand","embeddable":true,"href":"https:\/\/benchaaben-fragrance.com\/index.php?rest_route=%2Fwp%2Fv2%2Fproduct_brand&post=4221"},{"taxonomy":"product_cat","embeddable":true,"href":"https:\/\/benchaaben-fragrance.com\/index.php?rest_route=%2Fwp%2Fv2%2Fproduct_cat&post=4221"},{"taxonomy":"product_tag","embeddable":true,"href":"https:\/\/benchaaben-fragrance.com\/index.php?rest_route=%2Fwp%2Fv2%2Fproduct_tag&post=4221"}],"curies":[{"name":"wp","href":"https:\/\/api.w.org\/{rel}","templated":true}]}}