{"id":4225,"date":"2024-12-12T16:10:04","date_gmt":"2024-12-12T15:10:04","guid":{"rendered":"https:\/\/benchaaben-fragrance.com\/?post_type=product&#038;p=4225"},"modified":"2024-12-12T16:15:41","modified_gmt":"2024-12-12T15:15:41","slug":"al-ward-al-taifi-extrait-de-parfum","status":"publish","type":"product","link":"https:\/\/benchaaben-fragrance.com\/?product=al-ward-al-taifi-extrait-de-parfum","title":{"rendered":"Al Ward Al Taifi Extrait De Parfum"},"content":{"rendered":"<p>Al Ward Al Taifi est une nouveaut\u00e9 qui apporte un parfum l\u00e9ger \u00e0 tout le corps, surtout apr\u00e8s un bain, ou chaque fois que vous souhaitez faire l&rsquo;exp\u00e9rience d&rsquo;une douche parfum\u00e9e &#8211; optez pour l&rsquo;Eau de Cologne Crystal.<\/p>\n<p>Les roses de Taif dans une composition parfum\u00e9e au musc sont un compagnon doux, pas seulement lors des journ\u00e9es chaudes. Les roses montrent des touches richement nobles et vous enveloppent de leur velours poudr\u00e9.<\/p>\n","protected":false},"excerpt":{"rendered":"<p>Al Ward Al Taifi est une nouveaut\u00e9 qui apporte un parfum l\u00e9ger \u00e0 tout le corps, surtout apr\u00e8s un bain, ou chaque fois que vous souhaitez faire l&rsquo;exp\u00e9rience d&rsquo;une douche parfum\u00e9e &#8211; optez pour l&rsquo;Eau de Cologne Crystal.<\/p>\n<p>Les roses de Taif dans une composition parfum\u00e9e au musc sont un compagnon doux, pas seulement lors des journ\u00e9es chaudes. Les roses montrent des touches richement nobles et vous enveloppent de leur velours poudr\u00e9.<\/p>\n","protected":false},"featured_media":4233,"comment_status":"open","ping_status":"closed","template":"","meta":[],"product_brand":[],"product_cat":[196],"product_tag":[198],"class_list":{"0":"post-4225","1":"product","2":"type-product","3":"status-publish","4":"has-post-thumbnail","6":"product_cat-parfum-femme","7":"product_tag-parfum-femme","9":"first","10":"instock","11":"shipping-taxable","12":"purchasable","13":"product-type-variable","14":"has-default-attributes"},"jetpack_sharing_enabled":true,"_links":{"self":[{"href":"https:\/\/benchaaben-fragrance.com\/index.php?rest_route=\/wp\/v2\/product\/4225","targetHints":{"allow":["GET"]}}],"collection":[{"href":"https:\/\/benchaaben-fragrance.com\/index.php?rest_route=\/wp\/v2\/product"}],"about":[{"href":"https:\/\/benchaaben-fragrance.com\/index.php?rest_route=\/wp\/v2\/types\/product"}],"replies":[{"embeddable":true,"href":"https:\/\/benchaaben-fragrance.com\/index.php?rest_route=%2Fwp%2Fv2%2Fcomments&post=4225"}],"wp:featuredmedia":[{"embeddable":true,"href":"https:\/\/benchaaben-fragrance.com\/index.php?rest_route=\/wp\/v2\/media\/4233"}],"wp:attachment":[{"href":"https:\/\/benchaaben-fragrance.com\/index.php?rest_route=%2Fwp%2Fv2%2Fmedia&parent=4225"}],"wp:term":[{"taxonomy":"product_brand","embeddable":true,"href":"https:\/\/benchaaben-fragrance.com\/index.php?rest_route=%2Fwp%2Fv2%2Fproduct_brand&post=4225"},{"taxonomy":"product_cat","embeddable":true,"href":"https:\/\/benchaaben-fragrance.com\/index.php?rest_route=%2Fwp%2Fv2%2Fproduct_cat&post=4225"},{"taxonomy":"product_tag","embeddable":true,"href":"https:\/\/benchaaben-fragrance.com\/index.php?rest_route=%2Fwp%2Fv2%2Fproduct_tag&post=4225"}],"curies":[{"name":"wp","href":"https:\/\/api.w.org\/{rel}","templated":true}]}}