{"id":4227,"date":"2024-12-12T16:10:46","date_gmt":"2024-12-12T15:10:46","guid":{"rendered":"https:\/\/benchaaben-fragrance.com\/?post_type=product&#038;p=4227"},"modified":"2024-12-12T16:27:46","modified_gmt":"2024-12-12T15:27:46","slug":"bitter-peach-tom-ford-extrait-de-parfume","status":"publish","type":"product","link":"https:\/\/benchaaben-fragrance.com\/?product=bitter-peach-tom-ford-extrait-de-parfume","title":{"rendered":"Bitter Peach Tom Ford Extrait De Parfume"},"content":{"rendered":"<p><b>Bitter Peach<\/b>\u00a0de\u00a0<b>Tom Ford<\/b>\u00a0est un parfum Orientale Vanill\u00e9 pour homme et femme.\u00a0<b>Bitter Peach<\/b>\u00a0a \u00e9t\u00e9 lanc\u00e9 en 2020. Les notes de t\u00eate sont P\u00eache, Orange sanguine, Cardamome et H\u00e9liotrope; les notes de coeur sont Rhum, Cognac, Davana et Jasmin; les notes de fond sont Vanille, Feuille de patchouli d&rsquo;Indon\u00e9sie, F\u00e8ve de tonka, Bois de santal, Benjoin, Bois de cachemire, Styrax, Ciste et V\u00e9tiver.<\/p>\n","protected":false},"excerpt":{"rendered":"<p><b>Bitter Peach<\/b>\u00a0de\u00a0<b>Tom Ford<\/b>\u00a0est un parfum Orientale Vanill\u00e9 pour homme et femme.\u00a0<b>Bitter Peach<\/b>\u00a0a \u00e9t\u00e9 lanc\u00e9 en 2020. Les notes de t\u00eate sont P\u00eache, Orange sanguine, Cardamome et H\u00e9liotrope; les notes de coeur sont Rhum, Cognac, Davana et Jasmin; les notes de fond sont Vanille, Feuille de patchouli d&rsquo;Indon\u00e9sie, F\u00e8ve de tonka, Bois de santal, Benjoin, Bois de cachemire, Styrax, Ciste et V\u00e9tiver.<\/p>\n","protected":false},"featured_media":4229,"comment_status":"open","ping_status":"closed","template":"","meta":[],"product_brand":[],"product_cat":[196,195],"product_tag":[198,204],"class_list":{"0":"post-4227","1":"product","2":"type-product","3":"status-publish","4":"has-post-thumbnail","6":"product_cat-parfum-femme","7":"product_cat-parfum-homme","8":"product_tag-parfum-femme","9":"product_tag-parfum-homme","11":"first","12":"instock","13":"shipping-taxable","14":"purchasable","15":"product-type-variable","16":"has-default-attributes"},"jetpack_sharing_enabled":true,"_links":{"self":[{"href":"https:\/\/benchaaben-fragrance.com\/index.php?rest_route=\/wp\/v2\/product\/4227","targetHints":{"allow":["GET"]}}],"collection":[{"href":"https:\/\/benchaaben-fragrance.com\/index.php?rest_route=\/wp\/v2\/product"}],"about":[{"href":"https:\/\/benchaaben-fragrance.com\/index.php?rest_route=\/wp\/v2\/types\/product"}],"replies":[{"embeddable":true,"href":"https:\/\/benchaaben-fragrance.com\/index.php?rest_route=%2Fwp%2Fv2%2Fcomments&post=4227"}],"wp:featuredmedia":[{"embeddable":true,"href":"https:\/\/benchaaben-fragrance.com\/index.php?rest_route=\/wp\/v2\/media\/4229"}],"wp:attachment":[{"href":"https:\/\/benchaaben-fragrance.com\/index.php?rest_route=%2Fwp%2Fv2%2Fmedia&parent=4227"}],"wp:term":[{"taxonomy":"product_brand","embeddable":true,"href":"https:\/\/benchaaben-fragrance.com\/index.php?rest_route=%2Fwp%2Fv2%2Fproduct_brand&post=4227"},{"taxonomy":"product_cat","embeddable":true,"href":"https:\/\/benchaaben-fragrance.com\/index.php?rest_route=%2Fwp%2Fv2%2Fproduct_cat&post=4227"},{"taxonomy":"product_tag","embeddable":true,"href":"https:\/\/benchaaben-fragrance.com\/index.php?rest_route=%2Fwp%2Fv2%2Fproduct_tag&post=4227"}],"curies":[{"name":"wp","href":"https:\/\/api.w.org\/{rel}","templated":true}]}}