{"id":4240,"date":"2024-12-12T17:20:42","date_gmt":"2024-12-12T16:20:42","guid":{"rendered":"https:\/\/benchaaben-fragrance.com\/?post_type=product&#038;p=4240"},"modified":"2024-12-12T17:25:18","modified_gmt":"2024-12-12T16:25:18","slug":"armani-code-extrait-de-parfum","status":"publish","type":"product","link":"https:\/\/benchaaben-fragrance.com\/?product=armani-code-extrait-de-parfum","title":{"rendered":"Armani Code Extrait De Parfum"},"content":{"rendered":"<p><b>Armani Code<\/b>\u00a0de\u00a0<b>Giorgio Armani<\/b> est un extrait de parfum Orientale \u00c9pic\u00e9 pour homme. <b>Armani Code<\/b> a \u00e9t\u00e9 lanc\u00e9 en 2004. Le nez derri\u00e8re ce parfum est Antoine Lie. Les notes de t\u00eate sont Citron et Bergamote; les notes de c\u0153ur sont Badiane de Chine, Fleur d&rsquo;olivier et Ga\u00efac; les notes de fond sont Cuir, F\u00e8ve de tonka et Tabac. Ce parfum est le gagnant du prix\u00a0<b>FiFi Award Fragrance Of The Year Men`s Luxe 2006<\/b>.<\/p>\n","protected":false},"excerpt":{"rendered":"<p><b>Armani Code<\/b>\u00a0de\u00a0<b>Giorgio Armani<\/b> est un extrait de parfum Orientale \u00c9pic\u00e9 pour homme. <b>Armani Code<\/b> a \u00e9t\u00e9 lanc\u00e9 en 2004. Le nez derri\u00e8re ce parfum est Antoine Lie. Les notes de t\u00eate sont Citron et Bergamote; les notes de c\u0153ur sont Badiane de Chine, Fleur d&rsquo;olivier et Ga\u00efac; les notes de fond sont Cuir, F\u00e8ve de tonka et Tabac. Ce parfum est le gagnant du prix\u00a0<b>FiFi Award Fragrance Of The Year Men`s Luxe 2006<\/b>.<\/p>\n","protected":false},"featured_media":4243,"comment_status":"open","ping_status":"closed","template":"","meta":[],"product_brand":[],"product_cat":[195],"product_tag":[202,204],"class_list":{"0":"post-4240","1":"product","2":"type-product","3":"status-publish","4":"has-post-thumbnail","6":"product_cat-parfum-homme","7":"product_tag-armani","8":"product_tag-parfum-homme","10":"first","11":"instock","12":"shipping-taxable","13":"purchasable","14":"product-type-variable","15":"has-default-attributes"},"jetpack_sharing_enabled":true,"_links":{"self":[{"href":"https:\/\/benchaaben-fragrance.com\/index.php?rest_route=\/wp\/v2\/product\/4240","targetHints":{"allow":["GET"]}}],"collection":[{"href":"https:\/\/benchaaben-fragrance.com\/index.php?rest_route=\/wp\/v2\/product"}],"about":[{"href":"https:\/\/benchaaben-fragrance.com\/index.php?rest_route=\/wp\/v2\/types\/product"}],"replies":[{"embeddable":true,"href":"https:\/\/benchaaben-fragrance.com\/index.php?rest_route=%2Fwp%2Fv2%2Fcomments&post=4240"}],"wp:featuredmedia":[{"embeddable":true,"href":"https:\/\/benchaaben-fragrance.com\/index.php?rest_route=\/wp\/v2\/media\/4243"}],"wp:attachment":[{"href":"https:\/\/benchaaben-fragrance.com\/index.php?rest_route=%2Fwp%2Fv2%2Fmedia&parent=4240"}],"wp:term":[{"taxonomy":"product_brand","embeddable":true,"href":"https:\/\/benchaaben-fragrance.com\/index.php?rest_route=%2Fwp%2Fv2%2Fproduct_brand&post=4240"},{"taxonomy":"product_cat","embeddable":true,"href":"https:\/\/benchaaben-fragrance.com\/index.php?rest_route=%2Fwp%2Fv2%2Fproduct_cat&post=4240"},{"taxonomy":"product_tag","embeddable":true,"href":"https:\/\/benchaaben-fragrance.com\/index.php?rest_route=%2Fwp%2Fv2%2Fproduct_tag&post=4240"}],"curies":[{"name":"wp","href":"https:\/\/api.w.org\/{rel}","templated":true}]}}