{"id":4250,"date":"2024-12-12T18:35:09","date_gmt":"2024-12-12T17:35:09","guid":{"rendered":"https:\/\/benchaaben-fragrance.com\/?post_type=product&#038;p=4250"},"modified":"2026-01-13T05:35:16","modified_gmt":"2026-01-13T04:35:16","slug":"baccarat-rouge-540-eau-de-parfum","status":"publish","type":"product","link":"https:\/\/benchaaben-fragrance.com\/?product=baccarat-rouge-540-eau-de-parfum","title":{"rendered":"Baccarat Rouge 540 Eau De Parfum"},"content":{"rendered":"<p><b>Baccarat Rouge 540<\/b>\u00a0de\u00a0<b>Maison Francis Kurkdjian<\/b>\u00a0est un parfum Orientale Floral pour homme et femme.\u00a0<b>Baccarat Rouge 540<\/b>\u00a0a \u00e9t\u00e9 lanc\u00e9 en 2015. Le nez derri\u00e8re ce parfum est Francis Kurkdjian. Les notes de t\u00eate sont Safran et Jasmin; les notes de coeur sont Amberwood, Ambre gris et Hedione; les notes de fond sont R\u00e9sine de sapin, C\u00e8dre, Sucre, Ambroxan et Mousse de ch\u00eane.<\/p>\n","protected":false},"excerpt":{"rendered":"<p><b>Baccarat Rouge 540<\/b>\u00a0de\u00a0<b>Maison Francis Kurkdjian<\/b>\u00a0est un parfum Orientale Floral pour homme et femme.\u00a0<b>Baccarat Rouge 540<\/b>\u00a0a \u00e9t\u00e9 lanc\u00e9 en 2015. Le nez derri\u00e8re ce parfum est Francis Kurkdjian. Les notes de t\u00eate sont Safran et Jasmin; les notes de coeur sont Amberwood, Ambre gris et Hedione; les notes de fond sont R\u00e9sine de sapin, C\u00e8dre, Sucre, Ambroxan et Mousse de ch\u00eane.<\/p>\n","protected":false},"featured_media":4254,"comment_status":"open","ping_status":"closed","template":"","meta":[],"product_brand":[],"product_cat":[194,196,195,197],"product_tag":[214,198,204,215],"class_list":{"0":"post-4250","1":"product","2":"type-product","3":"status-publish","4":"has-post-thumbnail","6":"product_cat-parfum-de-niche","7":"product_cat-parfum-femme","8":"product_cat-parfum-homme","9":"product_cat-parfum-unisexe","10":"product_tag-francis-kurkdjian","11":"product_tag-parfum-femme","12":"product_tag-parfum-homme","13":"product_tag-parfum-unisexe","15":"first","16":"instock","17":"shipping-taxable","18":"purchasable","19":"product-type-variable","20":"has-default-attributes"},"jetpack_sharing_enabled":true,"_links":{"self":[{"href":"https:\/\/benchaaben-fragrance.com\/index.php?rest_route=\/wp\/v2\/product\/4250","targetHints":{"allow":["GET"]}}],"collection":[{"href":"https:\/\/benchaaben-fragrance.com\/index.php?rest_route=\/wp\/v2\/product"}],"about":[{"href":"https:\/\/benchaaben-fragrance.com\/index.php?rest_route=\/wp\/v2\/types\/product"}],"replies":[{"embeddable":true,"href":"https:\/\/benchaaben-fragrance.com\/index.php?rest_route=%2Fwp%2Fv2%2Fcomments&post=4250"}],"wp:featuredmedia":[{"embeddable":true,"href":"https:\/\/benchaaben-fragrance.com\/index.php?rest_route=\/wp\/v2\/media\/4254"}],"wp:attachment":[{"href":"https:\/\/benchaaben-fragrance.com\/index.php?rest_route=%2Fwp%2Fv2%2Fmedia&parent=4250"}],"wp:term":[{"taxonomy":"product_brand","embeddable":true,"href":"https:\/\/benchaaben-fragrance.com\/index.php?rest_route=%2Fwp%2Fv2%2Fproduct_brand&post=4250"},{"taxonomy":"product_cat","embeddable":true,"href":"https:\/\/benchaaben-fragrance.com\/index.php?rest_route=%2Fwp%2Fv2%2Fproduct_cat&post=4250"},{"taxonomy":"product_tag","embeddable":true,"href":"https:\/\/benchaaben-fragrance.com\/index.php?rest_route=%2Fwp%2Fv2%2Fproduct_tag&post=4250"}],"curies":[{"name":"wp","href":"https:\/\/api.w.org\/{rel}","templated":true}]}}