{"id":4255,"date":"2024-12-12T18:46:22","date_gmt":"2024-12-12T17:46:22","guid":{"rendered":"https:\/\/benchaaben-fragrance.com\/?post_type=product&#038;p=4255"},"modified":"2024-12-12T18:48:38","modified_gmt":"2024-12-12T17:48:38","slug":"green-irish-tweed-creed-extrait-de-parfum","status":"publish","type":"product","link":"https:\/\/benchaaben-fragrance.com\/?product=green-irish-tweed-creed-extrait-de-parfum","title":{"rendered":"Green Irish Tweed Creed Extrait De Parfum"},"content":{"rendered":"<p><b>Green Irish Tweed<\/b>\u00a0de\u00a0<b>Creed<\/b>\u00a0est un parfum Bois\u00e9 Floral Musqu\u00e9 pour homme.\u00a0<b>Green Irish Tweed<\/b> a \u00e9t\u00e9 lanc\u00e9 en 1985. Green Irish Tweed a \u00e9t\u00e9 cr\u00e9\u00e9 par Olivier Creed et Pierre Bourdon. Les notes de t\u00eate sont Verveine odorante et Iris; la note de c\u0153ur est Feuille de violette; les notes de fond sont Ambre gris et Bois de santal.<\/p>\n","protected":false},"excerpt":{"rendered":"<p><b>Green Irish Tweed<\/b>\u00a0de\u00a0<b>Creed<\/b>\u00a0est un parfum Bois\u00e9 Floral Musqu\u00e9 pour homme.\u00a0<b>Green Irish Tweed<\/b> a \u00e9t\u00e9 lanc\u00e9 en 1985. Green Irish Tweed a \u00e9t\u00e9 cr\u00e9\u00e9 par Olivier Creed et Pierre Bourdon. Les notes de t\u00eate sont Verveine odorante et Iris; la note de c\u0153ur est Feuille de violette; les notes de fond sont Ambre gris et Bois de santal.<\/p>\n","protected":false},"featured_media":4257,"comment_status":"open","ping_status":"closed","template":"","meta":[],"product_brand":[],"product_cat":[195],"product_tag":[218,204],"class_list":{"0":"post-4255","1":"product","2":"type-product","3":"status-publish","4":"has-post-thumbnail","6":"product_cat-parfum-homme","7":"product_tag-creed","8":"product_tag-parfum-homme","10":"first","11":"instock","12":"shipping-taxable","13":"purchasable","14":"product-type-variable","15":"has-default-attributes"},"jetpack_sharing_enabled":true,"_links":{"self":[{"href":"https:\/\/benchaaben-fragrance.com\/index.php?rest_route=\/wp\/v2\/product\/4255","targetHints":{"allow":["GET"]}}],"collection":[{"href":"https:\/\/benchaaben-fragrance.com\/index.php?rest_route=\/wp\/v2\/product"}],"about":[{"href":"https:\/\/benchaaben-fragrance.com\/index.php?rest_route=\/wp\/v2\/types\/product"}],"replies":[{"embeddable":true,"href":"https:\/\/benchaaben-fragrance.com\/index.php?rest_route=%2Fwp%2Fv2%2Fcomments&post=4255"}],"wp:featuredmedia":[{"embeddable":true,"href":"https:\/\/benchaaben-fragrance.com\/index.php?rest_route=\/wp\/v2\/media\/4257"}],"wp:attachment":[{"href":"https:\/\/benchaaben-fragrance.com\/index.php?rest_route=%2Fwp%2Fv2%2Fmedia&parent=4255"}],"wp:term":[{"taxonomy":"product_brand","embeddable":true,"href":"https:\/\/benchaaben-fragrance.com\/index.php?rest_route=%2Fwp%2Fv2%2Fproduct_brand&post=4255"},{"taxonomy":"product_cat","embeddable":true,"href":"https:\/\/benchaaben-fragrance.com\/index.php?rest_route=%2Fwp%2Fv2%2Fproduct_cat&post=4255"},{"taxonomy":"product_tag","embeddable":true,"href":"https:\/\/benchaaben-fragrance.com\/index.php?rest_route=%2Fwp%2Fv2%2Fproduct_tag&post=4255"}],"curies":[{"name":"wp","href":"https:\/\/api.w.org\/{rel}","templated":true}]}}