{"id":4260,"date":"2024-12-12T19:33:34","date_gmt":"2024-12-12T18:33:34","guid":{"rendered":"https:\/\/benchaaben-fragrance.com\/?post_type=product&#038;p=4260"},"modified":"2024-12-12T21:23:39","modified_gmt":"2024-12-12T20:23:39","slug":"tygar-bvlgari-extrait-de-parfum","status":"publish","type":"product","link":"https:\/\/benchaaben-fragrance.com\/?product=tygar-bvlgari-extrait-de-parfum","title":{"rendered":"Tygar Bvlgari Extrait De Parfum"},"content":{"rendered":"<p><b>Tygar<\/b>\u00a0de\u00a0<b>Bvlgari<\/b>\u00a0est un parfum Hesp\u00e9rid\u00e9 aromatique pour homme.\u00a0<b>Tygar<\/b>\u00a0a \u00e9t\u00e9 lanc\u00e9 en 2016. Le nez derri\u00e8re ce parfum est Jacques Cavallier Belletrud. La note de t\u00eate est Pamplemousse; les notes de coeur sont Gingembre et Ambrette; les notes de fond sont Ambroxan, Musc, V\u00e9tiver et Patchouli.<\/p>\n","protected":false},"excerpt":{"rendered":"<p><b>Tygar<\/b>\u00a0de\u00a0<b>Bvlgari<\/b>\u00a0est un parfum Hesp\u00e9rid\u00e9 aromatique pour homme.\u00a0<b>Tygar<\/b>\u00a0a \u00e9t\u00e9 lanc\u00e9 en 2016. Le nez derri\u00e8re ce parfum est Jacques Cavallier Belletrud. La note de t\u00eate est Pamplemousse; les notes de coeur sont Gingembre et Ambrette; les notes de fond sont Ambroxan, Musc, V\u00e9tiver et Patchouli.<\/p>\n","protected":false},"featured_media":4263,"comment_status":"open","ping_status":"closed","template":"","meta":[],"product_brand":[],"product_cat":[195],"product_tag":[219,204],"class_list":{"0":"post-4260","1":"product","2":"type-product","3":"status-publish","4":"has-post-thumbnail","6":"product_cat-parfum-homme","7":"product_tag-bvlgari","8":"product_tag-parfum-homme","10":"first","11":"instock","12":"shipping-taxable","13":"purchasable","14":"product-type-variable","15":"has-default-attributes"},"jetpack_sharing_enabled":true,"_links":{"self":[{"href":"https:\/\/benchaaben-fragrance.com\/index.php?rest_route=\/wp\/v2\/product\/4260","targetHints":{"allow":["GET"]}}],"collection":[{"href":"https:\/\/benchaaben-fragrance.com\/index.php?rest_route=\/wp\/v2\/product"}],"about":[{"href":"https:\/\/benchaaben-fragrance.com\/index.php?rest_route=\/wp\/v2\/types\/product"}],"replies":[{"embeddable":true,"href":"https:\/\/benchaaben-fragrance.com\/index.php?rest_route=%2Fwp%2Fv2%2Fcomments&post=4260"}],"wp:featuredmedia":[{"embeddable":true,"href":"https:\/\/benchaaben-fragrance.com\/index.php?rest_route=\/wp\/v2\/media\/4263"}],"wp:attachment":[{"href":"https:\/\/benchaaben-fragrance.com\/index.php?rest_route=%2Fwp%2Fv2%2Fmedia&parent=4260"}],"wp:term":[{"taxonomy":"product_brand","embeddable":true,"href":"https:\/\/benchaaben-fragrance.com\/index.php?rest_route=%2Fwp%2Fv2%2Fproduct_brand&post=4260"},{"taxonomy":"product_cat","embeddable":true,"href":"https:\/\/benchaaben-fragrance.com\/index.php?rest_route=%2Fwp%2Fv2%2Fproduct_cat&post=4260"},{"taxonomy":"product_tag","embeddable":true,"href":"https:\/\/benchaaben-fragrance.com\/index.php?rest_route=%2Fwp%2Fv2%2Fproduct_tag&post=4260"}],"curies":[{"name":"wp","href":"https:\/\/api.w.org\/{rel}","templated":true}]}}