{"id":4291,"date":"2024-12-13T15:00:07","date_gmt":"2024-12-13T14:00:07","guid":{"rendered":"https:\/\/benchaaben-fragrance.com\/?post_type=product&#038;p=4291"},"modified":"2024-12-13T15:00:41","modified_gmt":"2024-12-13T14:00:41","slug":"explorer-platinum-montblanc-extrait-de-parfum","status":"publish","type":"product","link":"https:\/\/benchaaben-fragrance.com\/?product=explorer-platinum-montblanc-extrait-de-parfum","title":{"rendered":"Explorer Platinum Montblanc Extrait De Parfum"},"content":{"rendered":"<p><b>Explorer Platinum<\/b>\u00a0de\u00a0<b>Montblanc<\/b>\u00a0est un parfum Bois\u00e9 Aromatique pour homme. C&rsquo;est un nouveau parfum.\u00a0<b>Explorer Platinum<\/b>\u00a0a \u00e9t\u00e9 lanc\u00e9 en 2023. Le nez derri\u00e8re ce parfum est Bruno Jovanovic. La note de t\u00eate est Feuille de violette; la note de coeur est Sauge sclar\u00e9e; la note de fond est C\u00e8dre.<\/p>\n","protected":false},"excerpt":{"rendered":"<p><b>Explorer Platinum<\/b>\u00a0de\u00a0<b>Montblanc<\/b>\u00a0est un parfum Bois\u00e9 Aromatique pour homme. C&rsquo;est un nouveau parfum.\u00a0<b>Explorer Platinum<\/b>\u00a0a \u00e9t\u00e9 lanc\u00e9 en 2023. Le nez derri\u00e8re ce parfum est Bruno Jovanovic. La note de t\u00eate est Feuille de violette; la note de coeur est Sauge sclar\u00e9e; la note de fond est C\u00e8dre.<\/p>\n","protected":false},"featured_media":4294,"comment_status":"open","ping_status":"closed","template":"","meta":[],"product_brand":[],"product_cat":[195],"product_tag":[220,204],"class_list":{"0":"post-4291","1":"product","2":"type-product","3":"status-publish","4":"has-post-thumbnail","6":"product_cat-parfum-homme","7":"product_tag-montblanc","8":"product_tag-parfum-homme","10":"first","11":"instock","12":"shipping-taxable","13":"purchasable","14":"product-type-variable","15":"has-default-attributes"},"jetpack_sharing_enabled":true,"_links":{"self":[{"href":"https:\/\/benchaaben-fragrance.com\/index.php?rest_route=\/wp\/v2\/product\/4291","targetHints":{"allow":["GET"]}}],"collection":[{"href":"https:\/\/benchaaben-fragrance.com\/index.php?rest_route=\/wp\/v2\/product"}],"about":[{"href":"https:\/\/benchaaben-fragrance.com\/index.php?rest_route=\/wp\/v2\/types\/product"}],"replies":[{"embeddable":true,"href":"https:\/\/benchaaben-fragrance.com\/index.php?rest_route=%2Fwp%2Fv2%2Fcomments&post=4291"}],"wp:featuredmedia":[{"embeddable":true,"href":"https:\/\/benchaaben-fragrance.com\/index.php?rest_route=\/wp\/v2\/media\/4294"}],"wp:attachment":[{"href":"https:\/\/benchaaben-fragrance.com\/index.php?rest_route=%2Fwp%2Fv2%2Fmedia&parent=4291"}],"wp:term":[{"taxonomy":"product_brand","embeddable":true,"href":"https:\/\/benchaaben-fragrance.com\/index.php?rest_route=%2Fwp%2Fv2%2Fproduct_brand&post=4291"},{"taxonomy":"product_cat","embeddable":true,"href":"https:\/\/benchaaben-fragrance.com\/index.php?rest_route=%2Fwp%2Fv2%2Fproduct_cat&post=4291"},{"taxonomy":"product_tag","embeddable":true,"href":"https:\/\/benchaaben-fragrance.com\/index.php?rest_route=%2Fwp%2Fv2%2Fproduct_tag&post=4291"}],"curies":[{"name":"wp","href":"https:\/\/api.w.org\/{rel}","templated":true}]}}