{"id":4295,"date":"2024-12-13T15:03:10","date_gmt":"2024-12-13T14:03:10","guid":{"rendered":"https:\/\/benchaaben-fragrance.com\/?post_type=product&#038;p=4295"},"modified":"2024-12-13T15:08:23","modified_gmt":"2024-12-13T14:08:23","slug":"ck-one-calvin-klein-extrait-de-parfum","status":"publish","type":"product","link":"https:\/\/benchaaben-fragrance.com\/?product=ck-one-calvin-klein-extrait-de-parfum","title":{"rendered":"CK One Calvin Klein Extrait De Parfum"},"content":{"rendered":"<p><b>CK One<\/b>\u00a0de\u00a0<b>Calvin Klein<\/b>\u00a0est un parfum Hesp\u00e9rid\u00e9 aromatique pour homme et femme.\u00a0<b>CK One<\/b>\u00a0a \u00e9t\u00e9 lanc\u00e9 en 1994. CK One a \u00e9t\u00e9 cr\u00e9\u00e9 par Alberto Morillas et Harry Fremont. Les notes de t\u00eate sont Citron, Notes vertes, Bergamote, Mandarine, Ananas, Cardamome et Papaye; les notes de coeur sont Muguet, Jasmin, Violette, Rose, Noix de muscade, Racine d&rsquo;iris et Freesia; les notes de fond sont Accord vert, Musc, C\u00e8dre, Bois de santal, Th\u00e9 vert, Mousse de ch\u00eane et Ambre.<\/p>\n","protected":false},"excerpt":{"rendered":"<p><b>CK One<\/b>\u00a0de\u00a0<b>Calvin Klein<\/b>\u00a0est un parfum Hesp\u00e9rid\u00e9 aromatique pour homme et femme.\u00a0<b>CK One<\/b>\u00a0a \u00e9t\u00e9 lanc\u00e9 en 1994. CK One a \u00e9t\u00e9 cr\u00e9\u00e9 par Alberto Morillas et Harry Fremont. Les notes de t\u00eate sont Citron, Notes vertes, Bergamote, Mandarine, Ananas, Cardamome et Papaye; les notes de coeur sont Muguet, Jasmin, Violette, Rose, Noix de muscade, Racine d&rsquo;iris et Freesia; les notes de fond sont Accord vert, Musc, C\u00e8dre, Bois de santal, Th\u00e9 vert, Mousse de ch\u00eane et Ambre.<\/p>\n","protected":false},"featured_media":4297,"comment_status":"open","ping_status":"closed","template":"","meta":[],"product_brand":[],"product_cat":[195],"product_tag":[221,204],"class_list":{"0":"post-4295","1":"product","2":"type-product","3":"status-publish","4":"has-post-thumbnail","6":"product_cat-parfum-homme","7":"product_tag-calvin-klein","8":"product_tag-parfum-homme","10":"first","11":"instock","12":"shipping-taxable","13":"purchasable","14":"product-type-variable","15":"has-default-attributes"},"jetpack_sharing_enabled":true,"_links":{"self":[{"href":"https:\/\/benchaaben-fragrance.com\/index.php?rest_route=\/wp\/v2\/product\/4295","targetHints":{"allow":["GET"]}}],"collection":[{"href":"https:\/\/benchaaben-fragrance.com\/index.php?rest_route=\/wp\/v2\/product"}],"about":[{"href":"https:\/\/benchaaben-fragrance.com\/index.php?rest_route=\/wp\/v2\/types\/product"}],"replies":[{"embeddable":true,"href":"https:\/\/benchaaben-fragrance.com\/index.php?rest_route=%2Fwp%2Fv2%2Fcomments&post=4295"}],"wp:featuredmedia":[{"embeddable":true,"href":"https:\/\/benchaaben-fragrance.com\/index.php?rest_route=\/wp\/v2\/media\/4297"}],"wp:attachment":[{"href":"https:\/\/benchaaben-fragrance.com\/index.php?rest_route=%2Fwp%2Fv2%2Fmedia&parent=4295"}],"wp:term":[{"taxonomy":"product_brand","embeddable":true,"href":"https:\/\/benchaaben-fragrance.com\/index.php?rest_route=%2Fwp%2Fv2%2Fproduct_brand&post=4295"},{"taxonomy":"product_cat","embeddable":true,"href":"https:\/\/benchaaben-fragrance.com\/index.php?rest_route=%2Fwp%2Fv2%2Fproduct_cat&post=4295"},{"taxonomy":"product_tag","embeddable":true,"href":"https:\/\/benchaaben-fragrance.com\/index.php?rest_route=%2Fwp%2Fv2%2Fproduct_tag&post=4295"}],"curies":[{"name":"wp","href":"https:\/\/api.w.org\/{rel}","templated":true}]}}