{"id":4305,"date":"2024-12-13T15:14:55","date_gmt":"2024-12-13T14:14:55","guid":{"rendered":"https:\/\/benchaaben-fragrance.com\/?post_type=product&#038;p=4305"},"modified":"2024-12-13T15:19:19","modified_gmt":"2024-12-13T14:19:19","slug":"chaos-vertus-extrait-de-parfum","status":"publish","type":"product","link":"https:\/\/benchaaben-fragrance.com\/?product=chaos-vertus-extrait-de-parfum","title":{"rendered":"Chaos Vertus Extrait De Parfum"},"content":{"rendered":"<p><b>Chaos<\/b>\u00a0de\u00a0<b>Vertus<\/b>\u00a0est un parfum Bois\u00e9 Floral Musqu\u00e9 pour homme et femme.\u00a0<b>Chaos<\/b>\u00a0a \u00e9t\u00e9 lanc\u00e9 en 2021. Les notes de t\u00eate sont Notes marines et Citron; les notes de coeur sont Patchouli, Jasmin et Fleurs blanches; les notes de fond sont Ambre gris, Notes bois\u00e9es et Mousse de ch\u00eane.<\/p>\n","protected":false},"excerpt":{"rendered":"<p><b>Chaos<\/b>\u00a0de\u00a0<b>Vertus<\/b>\u00a0est un parfum Bois\u00e9 Floral Musqu\u00e9 pour homme et femme.\u00a0<b>Chaos<\/b>\u00a0a \u00e9t\u00e9 lanc\u00e9 en 2021. Les notes de t\u00eate sont Notes marines et Citron; les notes de coeur sont Patchouli, Jasmin et Fleurs blanches; les notes de fond sont Ambre gris, Notes bois\u00e9es et Mousse de ch\u00eane.<\/p>\n","protected":false},"featured_media":4310,"comment_status":"open","ping_status":"closed","template":"","meta":[],"product_brand":[],"product_cat":[196,195,197],"product_tag":[198,204,217],"class_list":{"0":"post-4305","1":"product","2":"type-product","3":"status-publish","4":"has-post-thumbnail","6":"product_cat-parfum-femme","7":"product_cat-parfum-homme","8":"product_cat-parfum-unisexe","9":"product_tag-parfum-femme","10":"product_tag-parfum-homme","11":"product_tag-vertus","13":"first","14":"instock","15":"shipping-taxable","16":"purchasable","17":"product-type-variable","18":"has-default-attributes"},"jetpack_sharing_enabled":true,"_links":{"self":[{"href":"https:\/\/benchaaben-fragrance.com\/index.php?rest_route=\/wp\/v2\/product\/4305","targetHints":{"allow":["GET"]}}],"collection":[{"href":"https:\/\/benchaaben-fragrance.com\/index.php?rest_route=\/wp\/v2\/product"}],"about":[{"href":"https:\/\/benchaaben-fragrance.com\/index.php?rest_route=\/wp\/v2\/types\/product"}],"replies":[{"embeddable":true,"href":"https:\/\/benchaaben-fragrance.com\/index.php?rest_route=%2Fwp%2Fv2%2Fcomments&post=4305"}],"wp:featuredmedia":[{"embeddable":true,"href":"https:\/\/benchaaben-fragrance.com\/index.php?rest_route=\/wp\/v2\/media\/4310"}],"wp:attachment":[{"href":"https:\/\/benchaaben-fragrance.com\/index.php?rest_route=%2Fwp%2Fv2%2Fmedia&parent=4305"}],"wp:term":[{"taxonomy":"product_brand","embeddable":true,"href":"https:\/\/benchaaben-fragrance.com\/index.php?rest_route=%2Fwp%2Fv2%2Fproduct_brand&post=4305"},{"taxonomy":"product_cat","embeddable":true,"href":"https:\/\/benchaaben-fragrance.com\/index.php?rest_route=%2Fwp%2Fv2%2Fproduct_cat&post=4305"},{"taxonomy":"product_tag","embeddable":true,"href":"https:\/\/benchaaben-fragrance.com\/index.php?rest_route=%2Fwp%2Fv2%2Fproduct_tag&post=4305"}],"curies":[{"name":"wp","href":"https:\/\/api.w.org\/{rel}","templated":true}]}}