{"id":4314,"date":"2024-12-13T15:19:55","date_gmt":"2024-12-13T14:19:55","guid":{"rendered":"https:\/\/benchaaben-fragrance.com\/?post_type=product&#038;p=4314"},"modified":"2024-12-13T15:23:32","modified_gmt":"2024-12-13T14:23:32","slug":"1-million-golden-oud-rabanne-extrait-de-parfum","status":"publish","type":"product","link":"https:\/\/benchaaben-fragrance.com\/?product=1-million-golden-oud-rabanne-extrait-de-parfum","title":{"rendered":"1 Million Golden Oud Rabanne Extrait De Parfum"},"content":{"rendered":"<p><b>1 Million Golden Oud<\/b>\u00a0de\u00a0<b>Rabanne<\/b>\u00a0est un parfum Cuir pour homme. C&rsquo;est un nouveau parfum.\u00a0<b>1 Million Golden Oud<\/b>\u00a0a \u00e9t\u00e9 lanc\u00e9 en 2023. Le nez derri\u00e8re ce parfum est Christophe Raynaud. Les notes de t\u00eate sont Safran, Noix de muscade, Poivre noir et Bergamote; les notes de coeur sont Patchouli, Baume gurjum et Bois de santal; les notes de fond sont Cuir, Oud, C\u00e8dre et Ciste.<\/p>\n","protected":false},"excerpt":{"rendered":"<p><b>1 Million Golden Oud<\/b>\u00a0de\u00a0<b>Rabanne<\/b>\u00a0est un parfum Cuir pour homme. C&rsquo;est un nouveau parfum.\u00a0<b>1 Million Golden Oud<\/b>\u00a0a \u00e9t\u00e9 lanc\u00e9 en 2023. Le nez derri\u00e8re ce parfum est Christophe Raynaud. Les notes de t\u00eate sont Safran, Noix de muscade, Poivre noir et Bergamote; les notes de coeur sont Patchouli, Baume gurjum et Bois de santal; les notes de fond sont Cuir, Oud, C\u00e8dre et Ciste.<\/p>\n","protected":false},"featured_media":4317,"comment_status":"open","ping_status":"closed","template":"","meta":[],"product_brand":[],"product_cat":[195],"product_tag":[204,209],"class_list":{"0":"post-4314","1":"product","2":"type-product","3":"status-publish","4":"has-post-thumbnail","6":"product_cat-parfum-homme","7":"product_tag-parfum-homme","8":"product_tag-rabanne","10":"first","11":"instock","12":"shipping-taxable","13":"purchasable","14":"product-type-variable","15":"has-default-attributes"},"jetpack_sharing_enabled":true,"_links":{"self":[{"href":"https:\/\/benchaaben-fragrance.com\/index.php?rest_route=\/wp\/v2\/product\/4314","targetHints":{"allow":["GET"]}}],"collection":[{"href":"https:\/\/benchaaben-fragrance.com\/index.php?rest_route=\/wp\/v2\/product"}],"about":[{"href":"https:\/\/benchaaben-fragrance.com\/index.php?rest_route=\/wp\/v2\/types\/product"}],"replies":[{"embeddable":true,"href":"https:\/\/benchaaben-fragrance.com\/index.php?rest_route=%2Fwp%2Fv2%2Fcomments&post=4314"}],"wp:featuredmedia":[{"embeddable":true,"href":"https:\/\/benchaaben-fragrance.com\/index.php?rest_route=\/wp\/v2\/media\/4317"}],"wp:attachment":[{"href":"https:\/\/benchaaben-fragrance.com\/index.php?rest_route=%2Fwp%2Fv2%2Fmedia&parent=4314"}],"wp:term":[{"taxonomy":"product_brand","embeddable":true,"href":"https:\/\/benchaaben-fragrance.com\/index.php?rest_route=%2Fwp%2Fv2%2Fproduct_brand&post=4314"},{"taxonomy":"product_cat","embeddable":true,"href":"https:\/\/benchaaben-fragrance.com\/index.php?rest_route=%2Fwp%2Fv2%2Fproduct_cat&post=4314"},{"taxonomy":"product_tag","embeddable":true,"href":"https:\/\/benchaaben-fragrance.com\/index.php?rest_route=%2Fwp%2Fv2%2Fproduct_tag&post=4314"}],"curies":[{"name":"wp","href":"https:\/\/api.w.org\/{rel}","templated":true}]}}