{"id":4318,"date":"2024-12-13T15:25:44","date_gmt":"2024-12-13T14:25:44","guid":{"rendered":"https:\/\/benchaaben-fragrance.com\/?post_type=product&#038;p=4318"},"modified":"2024-12-13T15:36:07","modified_gmt":"2024-12-13T14:36:07","slug":"by-the-fireplace-maison-martin-margiela-extrait-de-parfum","status":"publish","type":"product","link":"https:\/\/benchaaben-fragrance.com\/?product=by-the-fireplace-maison-martin-margiela-extrait-de-parfum","title":{"rendered":"By the Fireplace Maison Martin Margiela Extrait De Parfum"},"content":{"rendered":"<p><b>By the Fireplace<\/b>\u00a0de\u00a0<b>Maison Martin Margiela<\/b>\u00a0est un parfum Bois\u00e9 pour homme et femme.\u00a0<b>By the Fireplace<\/b>\u00a0a \u00e9t\u00e9 lanc\u00e9 en 2015. Le nez derri\u00e8re ce parfum est Marie Salamagne. Les notes de t\u00eate sont Clou de girofle, Poivre rose et Fleur d&rsquo;oranger; les notes de coeur sont Ch\u00e2taigne, Ga\u00efac et Gen\u00e9vrier; les notes de fond sont Vanille, Baumier du P\u00e9rou et Bois de cachemire.<\/p>\n","protected":false},"excerpt":{"rendered":"<p><b>By the Fireplace<\/b>\u00a0de\u00a0<b>Maison Martin Margiela<\/b>\u00a0est un parfum Bois\u00e9 pour homme et femme.\u00a0<b>By the Fireplace<\/b>\u00a0a \u00e9t\u00e9 lanc\u00e9 en 2015. Le nez derri\u00e8re ce parfum est Marie Salamagne. Les notes de t\u00eate sont Clou de girofle, Poivre rose et Fleur d&rsquo;oranger; les notes de coeur sont Ch\u00e2taigne, Ga\u00efac et Gen\u00e9vrier; les notes de fond sont Vanille, Baumier du P\u00e9rou et Bois de cachemire.<\/p>\n","protected":false},"featured_media":4325,"comment_status":"open","ping_status":"closed","template":"","meta":[],"product_brand":[],"product_cat":[196,195,197],"product_tag":[198,204],"class_list":{"0":"post-4318","1":"product","2":"type-product","3":"status-publish","4":"has-post-thumbnail","6":"product_cat-parfum-femme","7":"product_cat-parfum-homme","8":"product_cat-parfum-unisexe","9":"product_tag-parfum-femme","10":"product_tag-parfum-homme","12":"first","13":"instock","14":"shipping-taxable","15":"purchasable","16":"product-type-variable","17":"has-default-attributes"},"jetpack_sharing_enabled":true,"_links":{"self":[{"href":"https:\/\/benchaaben-fragrance.com\/index.php?rest_route=\/wp\/v2\/product\/4318","targetHints":{"allow":["GET"]}}],"collection":[{"href":"https:\/\/benchaaben-fragrance.com\/index.php?rest_route=\/wp\/v2\/product"}],"about":[{"href":"https:\/\/benchaaben-fragrance.com\/index.php?rest_route=\/wp\/v2\/types\/product"}],"replies":[{"embeddable":true,"href":"https:\/\/benchaaben-fragrance.com\/index.php?rest_route=%2Fwp%2Fv2%2Fcomments&post=4318"}],"wp:featuredmedia":[{"embeddable":true,"href":"https:\/\/benchaaben-fragrance.com\/index.php?rest_route=\/wp\/v2\/media\/4325"}],"wp:attachment":[{"href":"https:\/\/benchaaben-fragrance.com\/index.php?rest_route=%2Fwp%2Fv2%2Fmedia&parent=4318"}],"wp:term":[{"taxonomy":"product_brand","embeddable":true,"href":"https:\/\/benchaaben-fragrance.com\/index.php?rest_route=%2Fwp%2Fv2%2Fproduct_brand&post=4318"},{"taxonomy":"product_cat","embeddable":true,"href":"https:\/\/benchaaben-fragrance.com\/index.php?rest_route=%2Fwp%2Fv2%2Fproduct_cat&post=4318"},{"taxonomy":"product_tag","embeddable":true,"href":"https:\/\/benchaaben-fragrance.com\/index.php?rest_route=%2Fwp%2Fv2%2Fproduct_tag&post=4318"}],"curies":[{"name":"wp","href":"https:\/\/api.w.org\/{rel}","templated":true}]}}