{"id":4320,"date":"2024-12-13T15:30:12","date_gmt":"2024-12-13T14:30:12","guid":{"rendered":"https:\/\/benchaaben-fragrance.com\/?post_type=product&#038;p=4320"},"modified":"2024-12-13T15:37:20","modified_gmt":"2024-12-13T14:37:20","slug":"bleu-de-chanel-extrait-de-parfum","status":"publish","type":"product","link":"https:\/\/benchaaben-fragrance.com\/?product=bleu-de-chanel-extrait-de-parfum","title":{"rendered":"Bleu de Chanel Extrait De Parfum"},"content":{"rendered":"<p><b>Bleu de Chanel Eau de Parfum<\/b>\u00a0de\u00a0<b>Chanel<\/b>\u00a0est un parfum Bois\u00e9 Aromatique pour homme.\u00a0<b>Bleu de Chanel Eau de Parfum<\/b>\u00a0a \u00e9t\u00e9 lanc\u00e9 en 2014. Le nez derri\u00e8re ce parfum est Jacques Polge. Les notes de t\u00eate sont Pamplemousse, Citron, Menthe, Poivre rose, Bergamote, Ald\u00e9hydes et Coriandre; les notes de coeur sont Gingembre, Noix de muscade, Jasmin et Melon; les notes de fond sont Encens, Ambre, C\u00e8dre, Bois de santal, Patchouli, Amberwood et Ciste.<\/p>\n","protected":false},"excerpt":{"rendered":"<p><b>Bleu de Chanel Eau de Parfum<\/b>\u00a0de\u00a0<b>Chanel<\/b>\u00a0est un parfum Bois\u00e9 Aromatique pour homme.\u00a0<b>Bleu de Chanel Eau de Parfum<\/b>\u00a0a \u00e9t\u00e9 lanc\u00e9 en 2014. Le nez derri\u00e8re ce parfum est Jacques Polge. Les notes de t\u00eate sont Pamplemousse, Citron, Menthe, Poivre rose, Bergamote, Ald\u00e9hydes et Coriandre; les notes de coeur sont Gingembre, Noix de muscade, Jasmin et Melon; les notes de fond sont Encens, Ambre, C\u00e8dre, Bois de santal, Patchouli, Amberwood et Ciste.<\/p>\n","protected":false},"featured_media":4324,"comment_status":"open","ping_status":"closed","template":"","meta":[],"product_brand":[],"product_cat":[195],"product_tag":[223,204],"class_list":{"0":"post-4320","1":"product","2":"type-product","3":"status-publish","4":"has-post-thumbnail","6":"product_cat-parfum-homme","7":"product_tag-chanel","8":"product_tag-parfum-homme","10":"first","11":"instock","12":"shipping-taxable","13":"purchasable","14":"product-type-variable","15":"has-default-attributes"},"jetpack_sharing_enabled":true,"_links":{"self":[{"href":"https:\/\/benchaaben-fragrance.com\/index.php?rest_route=\/wp\/v2\/product\/4320","targetHints":{"allow":["GET"]}}],"collection":[{"href":"https:\/\/benchaaben-fragrance.com\/index.php?rest_route=\/wp\/v2\/product"}],"about":[{"href":"https:\/\/benchaaben-fragrance.com\/index.php?rest_route=\/wp\/v2\/types\/product"}],"replies":[{"embeddable":true,"href":"https:\/\/benchaaben-fragrance.com\/index.php?rest_route=%2Fwp%2Fv2%2Fcomments&post=4320"}],"wp:featuredmedia":[{"embeddable":true,"href":"https:\/\/benchaaben-fragrance.com\/index.php?rest_route=\/wp\/v2\/media\/4324"}],"wp:attachment":[{"href":"https:\/\/benchaaben-fragrance.com\/index.php?rest_route=%2Fwp%2Fv2%2Fmedia&parent=4320"}],"wp:term":[{"taxonomy":"product_brand","embeddable":true,"href":"https:\/\/benchaaben-fragrance.com\/index.php?rest_route=%2Fwp%2Fv2%2Fproduct_brand&post=4320"},{"taxonomy":"product_cat","embeddable":true,"href":"https:\/\/benchaaben-fragrance.com\/index.php?rest_route=%2Fwp%2Fv2%2Fproduct_cat&post=4320"},{"taxonomy":"product_tag","embeddable":true,"href":"https:\/\/benchaaben-fragrance.com\/index.php?rest_route=%2Fwp%2Fv2%2Fproduct_tag&post=4320"}],"curies":[{"name":"wp","href":"https:\/\/api.w.org\/{rel}","templated":true}]}}