{"id":4329,"date":"2024-12-13T15:38:04","date_gmt":"2024-12-13T14:38:04","guid":{"rendered":"https:\/\/benchaaben-fragrance.com\/?post_type=product&#038;p=4329"},"modified":"2024-12-13T15:39:56","modified_gmt":"2024-12-13T14:39:56","slug":"cedrat-boise-mancera-extrait-de-parfum","status":"publish","type":"product","link":"https:\/\/benchaaben-fragrance.com\/?product=cedrat-boise-mancera-extrait-de-parfum","title":{"rendered":"Cedrat Boise Mancera Extrait De Parfum"},"content":{"rendered":"<p><b>Cedrat Boise<\/b>\u00a0de\u00a0<b>Mancera<\/b>\u00a0est un parfum Hesp\u00e9rid\u00e9 aromatique pour homme et femme.\u00a0<b>Cedrat Boise<\/b>\u00a0a \u00e9t\u00e9 lanc\u00e9 en 2011. Le nez derri\u00e8re ce parfum est Pierre Montale. Les notes de t\u00eate sont Citron de Sicile, Cassis, Bergamote et Notes \u00e9pic\u00e9es; les notes de coeur sont Notes fruit\u00e9es, Feuille de patchouli et Jasmin d&rsquo;eau; les notes de fond sont C\u00e8dre, Cuir, Bois de santal, Vanille, Musc blanc et Mousse.<\/p>\n","protected":false},"excerpt":{"rendered":"<p><b>Cedrat Boise<\/b>\u00a0de\u00a0<b>Mancera<\/b>\u00a0est un parfum Hesp\u00e9rid\u00e9 aromatique pour homme et femme.\u00a0<b>Cedrat Boise<\/b>\u00a0a \u00e9t\u00e9 lanc\u00e9 en 2011. Le nez derri\u00e8re ce parfum est Pierre Montale. Les notes de t\u00eate sont Citron de Sicile, Cassis, Bergamote et Notes \u00e9pic\u00e9es; les notes de coeur sont Notes fruit\u00e9es, Feuille de patchouli et Jasmin d&rsquo;eau; les notes de fond sont C\u00e8dre, Cuir, Bois de santal, Vanille, Musc blanc et Mousse.<\/p>\n","protected":false},"featured_media":4334,"comment_status":"open","ping_status":"closed","template":"","meta":[],"product_brand":[],"product_cat":[196,195,197],"product_tag":[198,204],"class_list":{"0":"post-4329","1":"product","2":"type-product","3":"status-publish","4":"has-post-thumbnail","6":"product_cat-parfum-femme","7":"product_cat-parfum-homme","8":"product_cat-parfum-unisexe","9":"product_tag-parfum-femme","10":"product_tag-parfum-homme","12":"first","13":"instock","14":"shipping-taxable","15":"purchasable","16":"product-type-variable","17":"has-default-attributes"},"jetpack_sharing_enabled":true,"_links":{"self":[{"href":"https:\/\/benchaaben-fragrance.com\/index.php?rest_route=\/wp\/v2\/product\/4329","targetHints":{"allow":["GET"]}}],"collection":[{"href":"https:\/\/benchaaben-fragrance.com\/index.php?rest_route=\/wp\/v2\/product"}],"about":[{"href":"https:\/\/benchaaben-fragrance.com\/index.php?rest_route=\/wp\/v2\/types\/product"}],"replies":[{"embeddable":true,"href":"https:\/\/benchaaben-fragrance.com\/index.php?rest_route=%2Fwp%2Fv2%2Fcomments&post=4329"}],"wp:featuredmedia":[{"embeddable":true,"href":"https:\/\/benchaaben-fragrance.com\/index.php?rest_route=\/wp\/v2\/media\/4334"}],"wp:attachment":[{"href":"https:\/\/benchaaben-fragrance.com\/index.php?rest_route=%2Fwp%2Fv2%2Fmedia&parent=4329"}],"wp:term":[{"taxonomy":"product_brand","embeddable":true,"href":"https:\/\/benchaaben-fragrance.com\/index.php?rest_route=%2Fwp%2Fv2%2Fproduct_brand&post=4329"},{"taxonomy":"product_cat","embeddable":true,"href":"https:\/\/benchaaben-fragrance.com\/index.php?rest_route=%2Fwp%2Fv2%2Fproduct_cat&post=4329"},{"taxonomy":"product_tag","embeddable":true,"href":"https:\/\/benchaaben-fragrance.com\/index.php?rest_route=%2Fwp%2Fv2%2Fproduct_tag&post=4329"}],"curies":[{"name":"wp","href":"https:\/\/api.w.org\/{rel}","templated":true}]}}