{"id":4346,"date":"2024-12-13T16:05:14","date_gmt":"2024-12-13T15:05:14","guid":{"rendered":"https:\/\/benchaaben-fragrance.com\/?post_type=product&#038;p=4346"},"modified":"2024-12-13T16:06:22","modified_gmt":"2024-12-13T15:06:22","slug":"torino-xerjoff-extrait-de-parfum","status":"publish","type":"product","link":"https:\/\/benchaaben-fragrance.com\/?product=torino-xerjoff-extrait-de-parfum","title":{"rendered":"Torino Xerjoff Extrait De Parfum"},"content":{"rendered":"<p><b>Torino<\/b>\u00a0de\u00a0<b>Xerjoff<\/b>\u00a0est un parfum Bois\u00e9 pour homme et femme.\u00a0<b>Torino<\/b>\u00a0a \u00e9t\u00e9 lanc\u00e9 en 2020. Le nez derri\u00e8re ce parfum est Chris Maurice. La note de t\u00eate est Orange du Br\u00e9sil; les notes de coeur sont Poivre noir et N\u00e9roli; les notes de fond sont Ga\u00efac, Vanille bourbon, V\u00e9tiver de Ha\u00efti et Caramel.<\/p>\n","protected":false},"excerpt":{"rendered":"<p><b>Torino<\/b>\u00a0de\u00a0<b>Xerjoff<\/b>\u00a0est un parfum Bois\u00e9 pour homme et femme.\u00a0<b>Torino<\/b>\u00a0a \u00e9t\u00e9 lanc\u00e9 en 2020. Le nez derri\u00e8re ce parfum est Chris Maurice. La note de t\u00eate est Orange du Br\u00e9sil; les notes de coeur sont Poivre noir et N\u00e9roli; les notes de fond sont Ga\u00efac, Vanille bourbon, V\u00e9tiver de Ha\u00efti et Caramel.<\/p>\n","protected":false},"featured_media":4349,"comment_status":"open","ping_status":"closed","template":"","meta":[],"product_brand":[],"product_cat":[196,195,197],"product_tag":[198,204,213],"class_list":{"0":"post-4346","1":"product","2":"type-product","3":"status-publish","4":"has-post-thumbnail","6":"product_cat-parfum-femme","7":"product_cat-parfum-homme","8":"product_cat-parfum-unisexe","9":"product_tag-parfum-femme","10":"product_tag-parfum-homme","11":"product_tag-xerjoff","13":"first","14":"instock","15":"shipping-taxable","16":"purchasable","17":"product-type-variable","18":"has-default-attributes"},"jetpack_sharing_enabled":true,"_links":{"self":[{"href":"https:\/\/benchaaben-fragrance.com\/index.php?rest_route=\/wp\/v2\/product\/4346","targetHints":{"allow":["GET"]}}],"collection":[{"href":"https:\/\/benchaaben-fragrance.com\/index.php?rest_route=\/wp\/v2\/product"}],"about":[{"href":"https:\/\/benchaaben-fragrance.com\/index.php?rest_route=\/wp\/v2\/types\/product"}],"replies":[{"embeddable":true,"href":"https:\/\/benchaaben-fragrance.com\/index.php?rest_route=%2Fwp%2Fv2%2Fcomments&post=4346"}],"wp:featuredmedia":[{"embeddable":true,"href":"https:\/\/benchaaben-fragrance.com\/index.php?rest_route=\/wp\/v2\/media\/4349"}],"wp:attachment":[{"href":"https:\/\/benchaaben-fragrance.com\/index.php?rest_route=%2Fwp%2Fv2%2Fmedia&parent=4346"}],"wp:term":[{"taxonomy":"product_brand","embeddable":true,"href":"https:\/\/benchaaben-fragrance.com\/index.php?rest_route=%2Fwp%2Fv2%2Fproduct_brand&post=4346"},{"taxonomy":"product_cat","embeddable":true,"href":"https:\/\/benchaaben-fragrance.com\/index.php?rest_route=%2Fwp%2Fv2%2Fproduct_cat&post=4346"},{"taxonomy":"product_tag","embeddable":true,"href":"https:\/\/benchaaben-fragrance.com\/index.php?rest_route=%2Fwp%2Fv2%2Fproduct_tag&post=4346"}],"curies":[{"name":"wp","href":"https:\/\/api.w.org\/{rel}","templated":true}]}}