{"id":4350,"date":"2024-12-13T16:09:15","date_gmt":"2024-12-13T15:09:15","guid":{"rendered":"https:\/\/benchaaben-fragrance.com\/?post_type=product&#038;p=4350"},"modified":"2024-12-13T16:10:30","modified_gmt":"2024-12-13T15:10:30","slug":"invictus-victory-elixir-rabanne-extrait-de-parfum","status":"publish","type":"product","link":"https:\/\/benchaaben-fragrance.com\/?product=invictus-victory-elixir-rabanne-extrait-de-parfum","title":{"rendered":"Invictus Victory Elixir Rabanne Extrait De Parfum"},"content":{"rendered":"<p><b>Invictus Victory Elixir<\/b>\u00a0de\u00a0<b>Rabanne<\/b>\u00a0est un parfum Orientale bois\u00e9 pour homme. C&rsquo;est un nouveau parfum.\u00a0<b>Invictus Victory Elixir<\/b>\u00a0a \u00e9t\u00e9 lanc\u00e9 en 2023. Les notes de t\u00eate sont Lavande, Cardamome et Poivre noir; les notes de coeur sont Encens et Patchouli; les notes de fond sont Gousse de vanille et F\u00e8ve de tonka.<\/p>\n","protected":false},"excerpt":{"rendered":"<p><b>Invictus Victory Elixir<\/b>\u00a0de\u00a0<b>Rabanne<\/b>\u00a0est un parfum Orientale bois\u00e9 pour homme. C&rsquo;est un nouveau parfum.\u00a0<b>Invictus Victory Elixir<\/b>\u00a0a \u00e9t\u00e9 lanc\u00e9 en 2023. Les notes de t\u00eate sont Lavande, Cardamome et Poivre noir; les notes de coeur sont Encens et Patchouli; les notes de fond sont Gousse de vanille et F\u00e8ve de tonka.<\/p>\n","protected":false},"featured_media":4353,"comment_status":"open","ping_status":"closed","template":"","meta":[],"product_brand":[],"product_cat":[195],"product_tag":[204,209],"class_list":{"0":"post-4350","1":"product","2":"type-product","3":"status-publish","4":"has-post-thumbnail","6":"product_cat-parfum-homme","7":"product_tag-parfum-homme","8":"product_tag-rabanne","10":"first","11":"instock","12":"shipping-taxable","13":"purchasable","14":"product-type-variable","15":"has-default-attributes"},"jetpack_sharing_enabled":true,"_links":{"self":[{"href":"https:\/\/benchaaben-fragrance.com\/index.php?rest_route=\/wp\/v2\/product\/4350","targetHints":{"allow":["GET"]}}],"collection":[{"href":"https:\/\/benchaaben-fragrance.com\/index.php?rest_route=\/wp\/v2\/product"}],"about":[{"href":"https:\/\/benchaaben-fragrance.com\/index.php?rest_route=\/wp\/v2\/types\/product"}],"replies":[{"embeddable":true,"href":"https:\/\/benchaaben-fragrance.com\/index.php?rest_route=%2Fwp%2Fv2%2Fcomments&post=4350"}],"wp:featuredmedia":[{"embeddable":true,"href":"https:\/\/benchaaben-fragrance.com\/index.php?rest_route=\/wp\/v2\/media\/4353"}],"wp:attachment":[{"href":"https:\/\/benchaaben-fragrance.com\/index.php?rest_route=%2Fwp%2Fv2%2Fmedia&parent=4350"}],"wp:term":[{"taxonomy":"product_brand","embeddable":true,"href":"https:\/\/benchaaben-fragrance.com\/index.php?rest_route=%2Fwp%2Fv2%2Fproduct_brand&post=4350"},{"taxonomy":"product_cat","embeddable":true,"href":"https:\/\/benchaaben-fragrance.com\/index.php?rest_route=%2Fwp%2Fv2%2Fproduct_cat&post=4350"},{"taxonomy":"product_tag","embeddable":true,"href":"https:\/\/benchaaben-fragrance.com\/index.php?rest_route=%2Fwp%2Fv2%2Fproduct_tag&post=4350"}],"curies":[{"name":"wp","href":"https:\/\/api.w.org\/{rel}","templated":true}]}}