{"id":4354,"date":"2024-12-13T16:12:33","date_gmt":"2024-12-13T15:12:33","guid":{"rendered":"https:\/\/benchaaben-fragrance.com\/?post_type=product&#038;p=4354"},"modified":"2024-12-13T16:14:35","modified_gmt":"2024-12-13T15:14:35","slug":"pacific-chill-louis-vuitton-extrait-de-parfum","status":"publish","type":"product","link":"https:\/\/benchaaben-fragrance.com\/?product=pacific-chill-louis-vuitton-extrait-de-parfum","title":{"rendered":"Pacific Chill Louis Vuitton Extrait De Parfum"},"content":{"rendered":"<p><b>Pacific Chill<\/b>\u00a0de\u00a0<b>Louis Vuitton<\/b>\u00a0est un parfum Aromatique Fruit\u00e9 pour homme et femme.\u00a0<b>Pacific Chill<\/b>\u00a0a \u00e9t\u00e9 lanc\u00e9 en 2023. Le nez derri\u00e8re ce parfum est Jacques Cavallier Belletrud. Les notes de t\u00eate sont C\u00e9drat, Menthe, Orange, Citron, Cassis et Coriandre; les notes de coeur sont Abricot, Basilic, Graines de carotte et Rose de Mai; les notes de fond sont Figue, Dates et Ambrette.<\/p>\n","protected":false},"excerpt":{"rendered":"<p><b>Pacific Chill<\/b>\u00a0de\u00a0<b>Louis Vuitton<\/b>\u00a0est un parfum Aromatique Fruit\u00e9 pour homme et femme.\u00a0<b>Pacific Chill<\/b>\u00a0a \u00e9t\u00e9 lanc\u00e9 en 2023. Le nez derri\u00e8re ce parfum est Jacques Cavallier Belletrud. Les notes de t\u00eate sont C\u00e9drat, Menthe, Orange, Citron, Cassis et Coriandre; les notes de coeur sont Abricot, Basilic, Graines de carotte et Rose de Mai; les notes de fond sont Figue, Dates et Ambrette.<\/p>\n","protected":false},"featured_media":4357,"comment_status":"open","ping_status":"closed","template":"","meta":[],"product_brand":[],"product_cat":[196,195,197],"product_tag":[222,198,204],"class_list":{"0":"post-4354","1":"product","2":"type-product","3":"status-publish","4":"has-post-thumbnail","6":"product_cat-parfum-femme","7":"product_cat-parfum-homme","8":"product_cat-parfum-unisexe","9":"product_tag-louis-vuitton","10":"product_tag-parfum-femme","11":"product_tag-parfum-homme","13":"first","14":"instock","15":"shipping-taxable","16":"purchasable","17":"product-type-variable","18":"has-default-attributes"},"jetpack_sharing_enabled":true,"_links":{"self":[{"href":"https:\/\/benchaaben-fragrance.com\/index.php?rest_route=\/wp\/v2\/product\/4354","targetHints":{"allow":["GET"]}}],"collection":[{"href":"https:\/\/benchaaben-fragrance.com\/index.php?rest_route=\/wp\/v2\/product"}],"about":[{"href":"https:\/\/benchaaben-fragrance.com\/index.php?rest_route=\/wp\/v2\/types\/product"}],"replies":[{"embeddable":true,"href":"https:\/\/benchaaben-fragrance.com\/index.php?rest_route=%2Fwp%2Fv2%2Fcomments&post=4354"}],"wp:featuredmedia":[{"embeddable":true,"href":"https:\/\/benchaaben-fragrance.com\/index.php?rest_route=\/wp\/v2\/media\/4357"}],"wp:attachment":[{"href":"https:\/\/benchaaben-fragrance.com\/index.php?rest_route=%2Fwp%2Fv2%2Fmedia&parent=4354"}],"wp:term":[{"taxonomy":"product_brand","embeddable":true,"href":"https:\/\/benchaaben-fragrance.com\/index.php?rest_route=%2Fwp%2Fv2%2Fproduct_brand&post=4354"},{"taxonomy":"product_cat","embeddable":true,"href":"https:\/\/benchaaben-fragrance.com\/index.php?rest_route=%2Fwp%2Fv2%2Fproduct_cat&post=4354"},{"taxonomy":"product_tag","embeddable":true,"href":"https:\/\/benchaaben-fragrance.com\/index.php?rest_route=%2Fwp%2Fv2%2Fproduct_tag&post=4354"}],"curies":[{"name":"wp","href":"https:\/\/api.w.org\/{rel}","templated":true}]}}