{"id":4366,"date":"2024-12-13T16:26:55","date_gmt":"2024-12-13T15:26:55","guid":{"rendered":"https:\/\/benchaaben-fragrance.com\/?post_type=product&#038;p=4366"},"modified":"2024-12-13T16:29:14","modified_gmt":"2024-12-13T15:29:14","slug":"aventus-creed-extrait-de-parfum","status":"publish","type":"product","link":"https:\/\/benchaaben-fragrance.com\/?product=aventus-creed-extrait-de-parfum","title":{"rendered":"Aventus Creed Extrait De Parfum"},"content":{"rendered":"<p><b>Aventus<\/b>\u00a0de\u00a0<b>Creed<\/b>\u00a0est un parfum Chypr\u00e9 Fruit\u00e9 pour homme.\u00a0<b>Aventus<\/b>\u00a0a \u00e9t\u00e9 lanc\u00e9 en 2010. Aventus a \u00e9t\u00e9 cr\u00e9\u00e9 par Jean-Christophe H\u00e9rault et Erwin Creed. Les notes de t\u00eate sont Bergamote, Cassis, Pomme, Citron et Poivre rose; les notes de coeur sont Ananas, Patchouli et Jasmin du Maroc; les notes de fond sont Bouleau, Musc, Mousse de ch\u00eane, Ambroxan et C\u00e8dre.<\/p>\n","protected":false},"excerpt":{"rendered":"<p><b>Aventus<\/b>\u00a0de\u00a0<b>Creed<\/b>\u00a0est un parfum Chypr\u00e9 Fruit\u00e9 pour homme.\u00a0<b>Aventus<\/b>\u00a0a \u00e9t\u00e9 lanc\u00e9 en 2010. Aventus a \u00e9t\u00e9 cr\u00e9\u00e9 par Jean-Christophe H\u00e9rault et Erwin Creed. Les notes de t\u00eate sont Bergamote, Cassis, Pomme, Citron et Poivre rose; les notes de coeur sont Ananas, Patchouli et Jasmin du Maroc; les notes de fond sont Bouleau, Musc, Mousse de ch\u00eane, Ambroxan et C\u00e8dre.<\/p>\n","protected":false},"featured_media":4369,"comment_status":"open","ping_status":"closed","template":"","meta":[],"product_brand":[],"product_cat":[195],"product_tag":[218,204],"class_list":{"0":"post-4366","1":"product","2":"type-product","3":"status-publish","4":"has-post-thumbnail","6":"product_cat-parfum-homme","7":"product_tag-creed","8":"product_tag-parfum-homme","10":"first","11":"instock","12":"shipping-taxable","13":"purchasable","14":"product-type-variable","15":"has-default-attributes"},"jetpack_sharing_enabled":true,"_links":{"self":[{"href":"https:\/\/benchaaben-fragrance.com\/index.php?rest_route=\/wp\/v2\/product\/4366","targetHints":{"allow":["GET"]}}],"collection":[{"href":"https:\/\/benchaaben-fragrance.com\/index.php?rest_route=\/wp\/v2\/product"}],"about":[{"href":"https:\/\/benchaaben-fragrance.com\/index.php?rest_route=\/wp\/v2\/types\/product"}],"replies":[{"embeddable":true,"href":"https:\/\/benchaaben-fragrance.com\/index.php?rest_route=%2Fwp%2Fv2%2Fcomments&post=4366"}],"wp:featuredmedia":[{"embeddable":true,"href":"https:\/\/benchaaben-fragrance.com\/index.php?rest_route=\/wp\/v2\/media\/4369"}],"wp:attachment":[{"href":"https:\/\/benchaaben-fragrance.com\/index.php?rest_route=%2Fwp%2Fv2%2Fmedia&parent=4366"}],"wp:term":[{"taxonomy":"product_brand","embeddable":true,"href":"https:\/\/benchaaben-fragrance.com\/index.php?rest_route=%2Fwp%2Fv2%2Fproduct_brand&post=4366"},{"taxonomy":"product_cat","embeddable":true,"href":"https:\/\/benchaaben-fragrance.com\/index.php?rest_route=%2Fwp%2Fv2%2Fproduct_cat&post=4366"},{"taxonomy":"product_tag","embeddable":true,"href":"https:\/\/benchaaben-fragrance.com\/index.php?rest_route=%2Fwp%2Fv2%2Fproduct_tag&post=4366"}],"curies":[{"name":"wp","href":"https:\/\/api.w.org\/{rel}","templated":true}]}}