{"id":4386,"date":"2024-12-13T16:47:35","date_gmt":"2024-12-13T15:47:35","guid":{"rendered":"https:\/\/benchaaben-fragrance.com\/?post_type=product&#038;p=4386"},"modified":"2024-12-13T16:49:55","modified_gmt":"2024-12-13T15:49:55","slug":"mefisto-xerjoff-extrait-de-parfum","status":"publish","type":"product","link":"https:\/\/benchaaben-fragrance.com\/?product=mefisto-xerjoff-extrait-de-parfum","title":{"rendered":"Mefisto Xerjoff Extrait De Parfum"},"content":{"rendered":"<p><b>Mefisto<\/b>\u00a0de\u00a0<b>Xerjoff<\/b>\u00a0est un parfum Hesp\u00e9rid\u00e9 aromatique pour homme.\u00a0<b>Mefisto<\/b>\u00a0a \u00e9t\u00e9 lanc\u00e9 en 2009. Les notes de t\u00eate sont Pamplemousse, Bergamote et Limone Costa d&rsquo;Amalfi; les notes de coeur sont Lavande, Iris et Rose; les notes de fond sont Musc, Bois de santal, C\u00e8dre de Virginie et Ambre.<\/p>\n","protected":false},"excerpt":{"rendered":"<p><b>Mefisto<\/b>\u00a0de\u00a0<b>Xerjoff<\/b>\u00a0est un parfum Hesp\u00e9rid\u00e9 aromatique pour homme.\u00a0<b>Mefisto<\/b>\u00a0a \u00e9t\u00e9 lanc\u00e9 en 2009. Les notes de t\u00eate sont Pamplemousse, Bergamote et Limone Costa d&rsquo;Amalfi; les notes de coeur sont Lavande, Iris et Rose; les notes de fond sont Musc, Bois de santal, C\u00e8dre de Virginie et Ambre.<\/p>\n","protected":false},"featured_media":4389,"comment_status":"open","ping_status":"closed","template":"","meta":[],"product_brand":[],"product_cat":[195],"product_tag":[204,213],"class_list":{"0":"post-4386","1":"product","2":"type-product","3":"status-publish","4":"has-post-thumbnail","6":"product_cat-parfum-homme","7":"product_tag-parfum-homme","8":"product_tag-xerjoff","10":"first","11":"instock","12":"shipping-taxable","13":"purchasable","14":"product-type-variable","15":"has-default-attributes"},"jetpack_sharing_enabled":true,"_links":{"self":[{"href":"https:\/\/benchaaben-fragrance.com\/index.php?rest_route=\/wp\/v2\/product\/4386","targetHints":{"allow":["GET"]}}],"collection":[{"href":"https:\/\/benchaaben-fragrance.com\/index.php?rest_route=\/wp\/v2\/product"}],"about":[{"href":"https:\/\/benchaaben-fragrance.com\/index.php?rest_route=\/wp\/v2\/types\/product"}],"replies":[{"embeddable":true,"href":"https:\/\/benchaaben-fragrance.com\/index.php?rest_route=%2Fwp%2Fv2%2Fcomments&post=4386"}],"wp:featuredmedia":[{"embeddable":true,"href":"https:\/\/benchaaben-fragrance.com\/index.php?rest_route=\/wp\/v2\/media\/4389"}],"wp:attachment":[{"href":"https:\/\/benchaaben-fragrance.com\/index.php?rest_route=%2Fwp%2Fv2%2Fmedia&parent=4386"}],"wp:term":[{"taxonomy":"product_brand","embeddable":true,"href":"https:\/\/benchaaben-fragrance.com\/index.php?rest_route=%2Fwp%2Fv2%2Fproduct_brand&post=4386"},{"taxonomy":"product_cat","embeddable":true,"href":"https:\/\/benchaaben-fragrance.com\/index.php?rest_route=%2Fwp%2Fv2%2Fproduct_cat&post=4386"},{"taxonomy":"product_tag","embeddable":true,"href":"https:\/\/benchaaben-fragrance.com\/index.php?rest_route=%2Fwp%2Fv2%2Fproduct_tag&post=4386"}],"curies":[{"name":"wp","href":"https:\/\/api.w.org\/{rel}","templated":true}]}}