{"id":4390,"date":"2024-12-13T17:03:02","date_gmt":"2024-12-13T16:03:02","guid":{"rendered":"https:\/\/benchaaben-fragrance.com\/?post_type=product&#038;p=4390"},"modified":"2024-12-13T17:06:54","modified_gmt":"2024-12-13T16:06:54","slug":"synthetic-nature-frederic-malle-extrait-de-parfum","status":"publish","type":"product","link":"https:\/\/benchaaben-fragrance.com\/?product=synthetic-nature-frederic-malle-extrait-de-parfum","title":{"rendered":"Synthetic Nature Frederic Malle Extrait De Parfum"},"content":{"rendered":"<p><b>Synthetic Nature<\/b>\u00a0de\u00a0<b>Frederic Malle<\/b>\u00a0est un parfum Aromatique Vert pour homme et femme. C&rsquo;est un nouveau parfum.\u00a0<b>Synthetic Nature<\/b>\u00a0a \u00e9t\u00e9 lanc\u00e9 en 2024. Le nez derri\u00e8re ce parfum est Anne Flipo. Les notes de t\u00eate sont Cassis, Muguet et Basilic; les notes de coeur sont Jasmin, Jacinthe et Ylang-ylang; la note de fond est Patchouli.<\/p>\n","protected":false},"excerpt":{"rendered":"<p><b>Synthetic Nature<\/b>\u00a0de\u00a0<b>Frederic Malle<\/b>\u00a0est un parfum Aromatique Vert pour homme et femme. C&rsquo;est un nouveau parfum.\u00a0<b>Synthetic Nature<\/b>\u00a0a \u00e9t\u00e9 lanc\u00e9 en 2024. Le nez derri\u00e8re ce parfum est Anne Flipo. Les notes de t\u00eate sont Cassis, Muguet et Basilic; les notes de coeur sont Jasmin, Jacinthe et Ylang-ylang; la note de fond est Patchouli.<\/p>\n","protected":false},"featured_media":4393,"comment_status":"open","ping_status":"closed","template":"","meta":[],"product_brand":[],"product_cat":[196,195,197],"product_tag":[210,198,204],"class_list":{"0":"post-4390","1":"product","2":"type-product","3":"status-publish","4":"has-post-thumbnail","6":"product_cat-parfum-femme","7":"product_cat-parfum-homme","8":"product_cat-parfum-unisexe","9":"product_tag-frederic-malle","10":"product_tag-parfum-femme","11":"product_tag-parfum-homme","13":"first","14":"instock","15":"shipping-taxable","16":"purchasable","17":"product-type-variable","18":"has-default-attributes"},"jetpack_sharing_enabled":true,"_links":{"self":[{"href":"https:\/\/benchaaben-fragrance.com\/index.php?rest_route=\/wp\/v2\/product\/4390","targetHints":{"allow":["GET"]}}],"collection":[{"href":"https:\/\/benchaaben-fragrance.com\/index.php?rest_route=\/wp\/v2\/product"}],"about":[{"href":"https:\/\/benchaaben-fragrance.com\/index.php?rest_route=\/wp\/v2\/types\/product"}],"replies":[{"embeddable":true,"href":"https:\/\/benchaaben-fragrance.com\/index.php?rest_route=%2Fwp%2Fv2%2Fcomments&post=4390"}],"wp:featuredmedia":[{"embeddable":true,"href":"https:\/\/benchaaben-fragrance.com\/index.php?rest_route=\/wp\/v2\/media\/4393"}],"wp:attachment":[{"href":"https:\/\/benchaaben-fragrance.com\/index.php?rest_route=%2Fwp%2Fv2%2Fmedia&parent=4390"}],"wp:term":[{"taxonomy":"product_brand","embeddable":true,"href":"https:\/\/benchaaben-fragrance.com\/index.php?rest_route=%2Fwp%2Fv2%2Fproduct_brand&post=4390"},{"taxonomy":"product_cat","embeddable":true,"href":"https:\/\/benchaaben-fragrance.com\/index.php?rest_route=%2Fwp%2Fv2%2Fproduct_cat&post=4390"},{"taxonomy":"product_tag","embeddable":true,"href":"https:\/\/benchaaben-fragrance.com\/index.php?rest_route=%2Fwp%2Fv2%2Fproduct_tag&post=4390"}],"curies":[{"name":"wp","href":"https:\/\/api.w.org\/{rel}","templated":true}]}}