{"id":4395,"date":"2024-12-13T17:07:48","date_gmt":"2024-12-13T16:07:48","guid":{"rendered":"https:\/\/benchaaben-fragrance.com\/?post_type=product&#038;p=4395"},"modified":"2024-12-13T17:11:04","modified_gmt":"2024-12-13T16:11:04","slug":"scirocco-moresque-extrait-de-parfum","status":"publish","type":"product","link":"https:\/\/benchaaben-fragrance.com\/?product=scirocco-moresque-extrait-de-parfum","title":{"rendered":"Scirocco Moresque Extrait De Parfum"},"content":{"rendered":"<p><b>Scirocco<\/b>\u00a0de\u00a0<b>Moresque<\/b>\u00a0est un parfum pour homme et femme. C&rsquo;est un nouveau parfum.\u00a0<b>Scirocco<\/b>\u00a0a \u00e9t\u00e9 lanc\u00e9 en 2023. Les notes de t\u00eate sont Safran, Cardamome, R\u00e9sine d&rsquo;\u00e9l\u00e9mi, Pomme et Orange; les notes de coeur sont Cannelle, Noix de muscade, Rose de Damas et Jasmin; les notes de fond sont Vanille, Cuir, F\u00e8ve de tonka, Ambre, C\u00e8dre, Patchouli, V\u00e9tiver et Musc.<\/p>\n","protected":false},"excerpt":{"rendered":"<p><b>Scirocco<\/b>\u00a0de\u00a0<b>Moresque<\/b>\u00a0est un parfum pour homme et femme. C&rsquo;est un nouveau parfum.\u00a0<b>Scirocco<\/b>\u00a0a \u00e9t\u00e9 lanc\u00e9 en 2023. Les notes de t\u00eate sont Safran, Cardamome, R\u00e9sine d&rsquo;\u00e9l\u00e9mi, Pomme et Orange; les notes de coeur sont Cannelle, Noix de muscade, Rose de Damas et Jasmin; les notes de fond sont Vanille, Cuir, F\u00e8ve de tonka, Ambre, C\u00e8dre, Patchouli, V\u00e9tiver et Musc.<\/p>\n","protected":false},"featured_media":4398,"comment_status":"open","ping_status":"closed","template":"","meta":[],"product_brand":[],"product_cat":[196,195,197],"product_tag":[229,198,204],"class_list":{"0":"post-4395","1":"product","2":"type-product","3":"status-publish","4":"has-post-thumbnail","6":"product_cat-parfum-femme","7":"product_cat-parfum-homme","8":"product_cat-parfum-unisexe","9":"product_tag-moresque","10":"product_tag-parfum-femme","11":"product_tag-parfum-homme","13":"first","14":"instock","15":"shipping-taxable","16":"purchasable","17":"product-type-variable","18":"has-default-attributes"},"jetpack_sharing_enabled":true,"_links":{"self":[{"href":"https:\/\/benchaaben-fragrance.com\/index.php?rest_route=\/wp\/v2\/product\/4395","targetHints":{"allow":["GET"]}}],"collection":[{"href":"https:\/\/benchaaben-fragrance.com\/index.php?rest_route=\/wp\/v2\/product"}],"about":[{"href":"https:\/\/benchaaben-fragrance.com\/index.php?rest_route=\/wp\/v2\/types\/product"}],"replies":[{"embeddable":true,"href":"https:\/\/benchaaben-fragrance.com\/index.php?rest_route=%2Fwp%2Fv2%2Fcomments&post=4395"}],"wp:featuredmedia":[{"embeddable":true,"href":"https:\/\/benchaaben-fragrance.com\/index.php?rest_route=\/wp\/v2\/media\/4398"}],"wp:attachment":[{"href":"https:\/\/benchaaben-fragrance.com\/index.php?rest_route=%2Fwp%2Fv2%2Fmedia&parent=4395"}],"wp:term":[{"taxonomy":"product_brand","embeddable":true,"href":"https:\/\/benchaaben-fragrance.com\/index.php?rest_route=%2Fwp%2Fv2%2Fproduct_brand&post=4395"},{"taxonomy":"product_cat","embeddable":true,"href":"https:\/\/benchaaben-fragrance.com\/index.php?rest_route=%2Fwp%2Fv2%2Fproduct_cat&post=4395"},{"taxonomy":"product_tag","embeddable":true,"href":"https:\/\/benchaaben-fragrance.com\/index.php?rest_route=%2Fwp%2Fv2%2Fproduct_tag&post=4395"}],"curies":[{"name":"wp","href":"https:\/\/api.w.org\/{rel}","templated":true}]}}