{"id":4405,"date":"2024-12-13T17:39:43","date_gmt":"2024-12-13T16:39:43","guid":{"rendered":"https:\/\/benchaaben-fragrance.com\/?post_type=product&#038;p=4405"},"modified":"2024-12-13T17:43:14","modified_gmt":"2024-12-13T16:43:14","slug":"versace-pour-femme-dylan-purple-extrait-de-parfum","status":"publish","type":"product","link":"https:\/\/benchaaben-fragrance.com\/?product=versace-pour-femme-dylan-purple-extrait-de-parfum","title":{"rendered":"Versace Pour Femme Dylan Purple Extrait De Parfum"},"content":{"rendered":"<p><b>Versace Pour Femme Dylan Purple<\/b>\u00a0de\u00a0<b>Versace<\/b>\u00a0est un parfum Floral fruit\u00e9 pour femme. C&rsquo;est un nouveau parfum.\u00a0<b>Versace Pour Femme Dylan Purple<\/b>\u00a0a \u00e9t\u00e9 lanc\u00e9 en 2022. Le nez derri\u00e8re ce parfum est Christophe Raynaud. Les notes de t\u00eate sont Poire, Bergamote et Bigarade; les notes de coeur sont Freesia, Pomarose et Mahonial; les notes de fond sont Iso E Super, Ambroxan, Sylkolide, C\u00e8dre de Virginie et Arbre Belombra.<\/p>\n","protected":false},"excerpt":{"rendered":"<p><b>Versace Pour Femme Dylan Purple<\/b>\u00a0de\u00a0<b>Versace<\/b>\u00a0est un parfum Floral fruit\u00e9 pour femme. C&rsquo;est un nouveau parfum.\u00a0<b>Versace Pour Femme Dylan Purple<\/b>\u00a0a \u00e9t\u00e9 lanc\u00e9 en 2022. Le nez derri\u00e8re ce parfum est Christophe Raynaud. Les notes de t\u00eate sont Poire, Bergamote et Bigarade; les notes de coeur sont Freesia, Pomarose et Mahonial; les notes de fond sont Iso E Super, Ambroxan, Sylkolide, C\u00e8dre de Virginie et Arbre Belombra.<\/p>\n","protected":false},"featured_media":4412,"comment_status":"open","ping_status":"closed","template":"","meta":[],"product_brand":[],"product_cat":[196],"product_tag":[198,206],"class_list":{"0":"post-4405","1":"product","2":"type-product","3":"status-publish","4":"has-post-thumbnail","6":"product_cat-parfum-femme","7":"product_tag-parfum-femme","8":"product_tag-versace","10":"first","11":"instock","12":"shipping-taxable","13":"purchasable","14":"product-type-variable","15":"has-default-attributes"},"jetpack_sharing_enabled":true,"_links":{"self":[{"href":"https:\/\/benchaaben-fragrance.com\/index.php?rest_route=\/wp\/v2\/product\/4405","targetHints":{"allow":["GET"]}}],"collection":[{"href":"https:\/\/benchaaben-fragrance.com\/index.php?rest_route=\/wp\/v2\/product"}],"about":[{"href":"https:\/\/benchaaben-fragrance.com\/index.php?rest_route=\/wp\/v2\/types\/product"}],"replies":[{"embeddable":true,"href":"https:\/\/benchaaben-fragrance.com\/index.php?rest_route=%2Fwp%2Fv2%2Fcomments&post=4405"}],"wp:featuredmedia":[{"embeddable":true,"href":"https:\/\/benchaaben-fragrance.com\/index.php?rest_route=\/wp\/v2\/media\/4412"}],"wp:attachment":[{"href":"https:\/\/benchaaben-fragrance.com\/index.php?rest_route=%2Fwp%2Fv2%2Fmedia&parent=4405"}],"wp:term":[{"taxonomy":"product_brand","embeddable":true,"href":"https:\/\/benchaaben-fragrance.com\/index.php?rest_route=%2Fwp%2Fv2%2Fproduct_brand&post=4405"},{"taxonomy":"product_cat","embeddable":true,"href":"https:\/\/benchaaben-fragrance.com\/index.php?rest_route=%2Fwp%2Fv2%2Fproduct_cat&post=4405"},{"taxonomy":"product_tag","embeddable":true,"href":"https:\/\/benchaaben-fragrance.com\/index.php?rest_route=%2Fwp%2Fv2%2Fproduct_tag&post=4405"}],"curies":[{"name":"wp","href":"https:\/\/api.w.org\/{rel}","templated":true}]}}