{"id":4423,"date":"2024-12-13T17:52:30","date_gmt":"2024-12-13T16:52:30","guid":{"rendered":"https:\/\/benchaaben-fragrance.com\/?post_type=product&#038;p=4423"},"modified":"2024-12-13T17:55:54","modified_gmt":"2024-12-13T16:55:54","slug":"sultan-vetiver-nishane-extrait-de-parfum","status":"publish","type":"product","link":"https:\/\/benchaaben-fragrance.com\/?product=sultan-vetiver-nishane-extrait-de-parfum","title":{"rendered":"Sultan Vetiver Nishane Extrait De Parfum"},"content":{"rendered":"<p><b>Sultan Vetiver<\/b>\u00a0de\u00a0<b>Nishane<\/b>\u00a0est un parfum Orientale bois\u00e9 pour homme et femme.\u00a0<b>Sultan Vetiver<\/b>\u00a0a \u00e9t\u00e9 lanc\u00e9 en 2013. Le nez derri\u00e8re ce parfum est Jorge Lee. Les notes de t\u00eate sont Huile de v\u00e9tiver de Java, Anis, Bergamote et Poivre; les notes de coeur sont V\u00e9tiver bourbon, V\u00e9tiver de Ha\u00efti, N\u00e9roli et F\u00e8ve de tonka; les notes de fond sont V\u00e9tiver, Cuir et Ambre.<\/p>\n","protected":false},"excerpt":{"rendered":"<p><b>Sultan Vetiver<\/b>\u00a0de\u00a0<b>Nishane<\/b>\u00a0est un parfum Orientale bois\u00e9 pour homme et femme.\u00a0<b>Sultan Vetiver<\/b>\u00a0a \u00e9t\u00e9 lanc\u00e9 en 2013. Le nez derri\u00e8re ce parfum est Jorge Lee. Les notes de t\u00eate sont Huile de v\u00e9tiver de Java, Anis, Bergamote et Poivre; les notes de coeur sont V\u00e9tiver bourbon, V\u00e9tiver de Ha\u00efti, N\u00e9roli et F\u00e8ve de tonka; les notes de fond sont V\u00e9tiver, Cuir et Ambre.<\/p>\n","protected":false},"featured_media":4429,"comment_status":"open","ping_status":"closed","template":"","meta":[],"product_brand":[],"product_cat":[196,195,197],"product_tag":[198,204,233],"class_list":{"0":"post-4423","1":"product","2":"type-product","3":"status-publish","4":"has-post-thumbnail","6":"product_cat-parfum-femme","7":"product_cat-parfum-homme","8":"product_cat-parfum-unisexe","9":"product_tag-parfum-femme","10":"product_tag-parfum-homme","11":"product_tag-sultan-vetiver","13":"first","14":"instock","15":"shipping-taxable","16":"purchasable","17":"product-type-variable","18":"has-default-attributes"},"jetpack_sharing_enabled":true,"_links":{"self":[{"href":"https:\/\/benchaaben-fragrance.com\/index.php?rest_route=\/wp\/v2\/product\/4423","targetHints":{"allow":["GET"]}}],"collection":[{"href":"https:\/\/benchaaben-fragrance.com\/index.php?rest_route=\/wp\/v2\/product"}],"about":[{"href":"https:\/\/benchaaben-fragrance.com\/index.php?rest_route=\/wp\/v2\/types\/product"}],"replies":[{"embeddable":true,"href":"https:\/\/benchaaben-fragrance.com\/index.php?rest_route=%2Fwp%2Fv2%2Fcomments&post=4423"}],"wp:featuredmedia":[{"embeddable":true,"href":"https:\/\/benchaaben-fragrance.com\/index.php?rest_route=\/wp\/v2\/media\/4429"}],"wp:attachment":[{"href":"https:\/\/benchaaben-fragrance.com\/index.php?rest_route=%2Fwp%2Fv2%2Fmedia&parent=4423"}],"wp:term":[{"taxonomy":"product_brand","embeddable":true,"href":"https:\/\/benchaaben-fragrance.com\/index.php?rest_route=%2Fwp%2Fv2%2Fproduct_brand&post=4423"},{"taxonomy":"product_cat","embeddable":true,"href":"https:\/\/benchaaben-fragrance.com\/index.php?rest_route=%2Fwp%2Fv2%2Fproduct_cat&post=4423"},{"taxonomy":"product_tag","embeddable":true,"href":"https:\/\/benchaaben-fragrance.com\/index.php?rest_route=%2Fwp%2Fv2%2Fproduct_tag&post=4423"}],"curies":[{"name":"wp","href":"https:\/\/api.w.org\/{rel}","templated":true}]}}