{"id":4431,"date":"2024-12-13T17:57:06","date_gmt":"2024-12-13T16:57:06","guid":{"rendered":"https:\/\/benchaaben-fragrance.com\/?post_type=product&#038;p=4431"},"modified":"2024-12-13T18:01:32","modified_gmt":"2024-12-13T17:01:32","slug":"gentleman-intense-givenchy-extrait-de-parfum","status":"publish","type":"product","link":"https:\/\/benchaaben-fragrance.com\/?product=gentleman-intense-givenchy-extrait-de-parfum","title":{"rendered":"Gentleman Intense Givenchy Extrait de Parfum"},"content":{"rendered":"<p><b>Gentleman\u00a0 Intense<\/b>\u00a0de\u00a0<b>Givenchy<\/b>\u00a0est un parfum Bois\u00e9 Aromatique pour homme.\u00a0<b>Gentleman\u00a0 Intense<\/b> a \u00e9t\u00e9 lanc\u00e9 en 2021. Gentleman Intense a \u00e9t\u00e9 cr\u00e9\u00e9 par Nathalie Lorson et Olivier Cresp. Les notes de t\u00eate sont Cardamome, Basilic et Bergamote; les notes de coeur sont Iris et Cypr\u00e8s; les notes de fond sont Coumarine et C\u00e8dre.<\/p>\n","protected":false},"excerpt":{"rendered":"<p><b>Gentleman\u00a0 Intense<\/b>\u00a0de\u00a0<b>Givenchy<\/b>\u00a0est un parfum Bois\u00e9 Aromatique pour homme.\u00a0<b>Gentleman\u00a0 Intense<\/b> a \u00e9t\u00e9 lanc\u00e9 en 2021. Gentleman\u00a0 Intense a \u00e9t\u00e9 cr\u00e9\u00e9 par Nathalie Lorson et Olivier Cresp. Les notes de t\u00eate sont Cardamome, Basilic et Bergamote; les notes de coeur sont Iris et Cypr\u00e8s; les notes de fond sont Coumarine et C\u00e8dre.<\/p>\n","protected":false},"featured_media":4436,"comment_status":"open","ping_status":"closed","template":"","meta":[],"product_brand":[],"product_cat":[195],"product_tag":[207,204],"class_list":{"0":"post-4431","1":"product","2":"type-product","3":"status-publish","4":"has-post-thumbnail","6":"product_cat-parfum-homme","7":"product_tag-givenchy","8":"product_tag-parfum-homme","10":"first","11":"instock","12":"shipping-taxable","13":"purchasable","14":"product-type-variable","15":"has-default-attributes"},"jetpack_sharing_enabled":true,"_links":{"self":[{"href":"https:\/\/benchaaben-fragrance.com\/index.php?rest_route=\/wp\/v2\/product\/4431","targetHints":{"allow":["GET"]}}],"collection":[{"href":"https:\/\/benchaaben-fragrance.com\/index.php?rest_route=\/wp\/v2\/product"}],"about":[{"href":"https:\/\/benchaaben-fragrance.com\/index.php?rest_route=\/wp\/v2\/types\/product"}],"replies":[{"embeddable":true,"href":"https:\/\/benchaaben-fragrance.com\/index.php?rest_route=%2Fwp%2Fv2%2Fcomments&post=4431"}],"wp:featuredmedia":[{"embeddable":true,"href":"https:\/\/benchaaben-fragrance.com\/index.php?rest_route=\/wp\/v2\/media\/4436"}],"wp:attachment":[{"href":"https:\/\/benchaaben-fragrance.com\/index.php?rest_route=%2Fwp%2Fv2%2Fmedia&parent=4431"}],"wp:term":[{"taxonomy":"product_brand","embeddable":true,"href":"https:\/\/benchaaben-fragrance.com\/index.php?rest_route=%2Fwp%2Fv2%2Fproduct_brand&post=4431"},{"taxonomy":"product_cat","embeddable":true,"href":"https:\/\/benchaaben-fragrance.com\/index.php?rest_route=%2Fwp%2Fv2%2Fproduct_cat&post=4431"},{"taxonomy":"product_tag","embeddable":true,"href":"https:\/\/benchaaben-fragrance.com\/index.php?rest_route=%2Fwp%2Fv2%2Fproduct_tag&post=4431"}],"curies":[{"name":"wp","href":"https:\/\/api.w.org\/{rel}","templated":true}]}}