{"id":4443,"date":"2024-12-13T18:08:43","date_gmt":"2024-12-13T17:08:43","guid":{"rendered":"https:\/\/benchaaben-fragrance.com\/?post_type=product&#038;p=4443"},"modified":"2024-12-13T18:12:03","modified_gmt":"2024-12-13T17:12:03","slug":"magic-al-jazeera-perfumes-extrait-de-parfum","status":"publish","type":"product","link":"https:\/\/benchaaben-fragrance.com\/?product=magic-al-jazeera-perfumes-extrait-de-parfum","title":{"rendered":"Magic Al-Jazeera Perfumes Extrait De Parfum"},"content":{"rendered":"<p><b>Magic<\/b>\u00a0de\u00a0<b>Al-Jazeera Perfumes<\/b>\u00a0est un parfum Orientale Floral pour homme et femme.\u00a0<b>Magic<\/b>\u00a0a \u00e9t\u00e9 lanc\u00e9 en 2016. Le nez derri\u00e8re ce parfum est Loc Dong. Les notes de t\u00eate sont Sel et Notes d&rsquo;ozone; les notes de coeur sont Rose de Turquie et Pralin\u00e9; les notes de fond sont Amber Xtreme, Vanille et Patchouli.<\/p>\n","protected":false},"excerpt":{"rendered":"<p><b>Magic<\/b>\u00a0de\u00a0<b>Al-Jazeera Perfumes<\/b>\u00a0est un parfum Orientale Floral pour homme et femme.\u00a0<b>Magic<\/b>\u00a0a \u00e9t\u00e9 lanc\u00e9 en 2016. Le nez derri\u00e8re ce parfum est Loc Dong. Les notes de t\u00eate sont Sel et Notes d&rsquo;ozone; les notes de coeur sont Rose de Turquie et Pralin\u00e9; les notes de fond sont Amber Xtreme, Vanille et Patchouli.<\/p>\n","protected":false},"featured_media":4446,"comment_status":"open","ping_status":"closed","template":"","meta":[],"product_brand":[],"product_cat":[196,195,197],"product_tag":[198,204],"class_list":{"0":"post-4443","1":"product","2":"type-product","3":"status-publish","4":"has-post-thumbnail","6":"product_cat-parfum-femme","7":"product_cat-parfum-homme","8":"product_cat-parfum-unisexe","9":"product_tag-parfum-femme","10":"product_tag-parfum-homme","12":"first","13":"instock","14":"shipping-taxable","15":"purchasable","16":"product-type-variable","17":"has-default-attributes"},"jetpack_sharing_enabled":true,"_links":{"self":[{"href":"https:\/\/benchaaben-fragrance.com\/index.php?rest_route=\/wp\/v2\/product\/4443","targetHints":{"allow":["GET"]}}],"collection":[{"href":"https:\/\/benchaaben-fragrance.com\/index.php?rest_route=\/wp\/v2\/product"}],"about":[{"href":"https:\/\/benchaaben-fragrance.com\/index.php?rest_route=\/wp\/v2\/types\/product"}],"replies":[{"embeddable":true,"href":"https:\/\/benchaaben-fragrance.com\/index.php?rest_route=%2Fwp%2Fv2%2Fcomments&post=4443"}],"wp:featuredmedia":[{"embeddable":true,"href":"https:\/\/benchaaben-fragrance.com\/index.php?rest_route=\/wp\/v2\/media\/4446"}],"wp:attachment":[{"href":"https:\/\/benchaaben-fragrance.com\/index.php?rest_route=%2Fwp%2Fv2%2Fmedia&parent=4443"}],"wp:term":[{"taxonomy":"product_brand","embeddable":true,"href":"https:\/\/benchaaben-fragrance.com\/index.php?rest_route=%2Fwp%2Fv2%2Fproduct_brand&post=4443"},{"taxonomy":"product_cat","embeddable":true,"href":"https:\/\/benchaaben-fragrance.com\/index.php?rest_route=%2Fwp%2Fv2%2Fproduct_cat&post=4443"},{"taxonomy":"product_tag","embeddable":true,"href":"https:\/\/benchaaben-fragrance.com\/index.php?rest_route=%2Fwp%2Fv2%2Fproduct_tag&post=4443"}],"curies":[{"name":"wp","href":"https:\/\/api.w.org\/{rel}","templated":true}]}}