{"id":4457,"date":"2024-12-13T18:19:53","date_gmt":"2024-12-13T17:19:53","guid":{"rendered":"https:\/\/benchaaben-fragrance.com\/?post_type=product&#038;p=4457"},"modified":"2024-12-13T19:15:51","modified_gmt":"2024-12-13T18:15:51","slug":"xj-1861-naxos-xerjoff-extrait-de-parfum","status":"publish","type":"product","link":"https:\/\/benchaaben-fragrance.com\/?product=xj-1861-naxos-xerjoff-extrait-de-parfum","title":{"rendered":"XJ 1861 Naxos Xerjoff Extrait De Parfum"},"content":{"rendered":"<p><b>XJ 1861 Naxos<\/b>\u00a0de\u00a0<b>Xerjoff<\/b>\u00a0est un parfum Hesp\u00e9rid\u00e9 gourmand pour homme et femme.\u00a0<b>XJ 1861 Naxos<\/b>\u00a0a \u00e9t\u00e9 lanc\u00e9 en 2015. Les notes de t\u00eate sont Lavande, Bergamote et Citron; les notes de coeur sont Miel, Cannelle, Bois de cachemire et Jasmin Sambac; les notes de fond sont Feuille de tabac, Vanille et F\u00e8ve de tonka.<\/p>\n","protected":false},"excerpt":{"rendered":"<p><b>XJ 1861 Naxos<\/b>\u00a0de\u00a0<b>Xerjoff<\/b>\u00a0est un parfum Hesp\u00e9rid\u00e9 gourmand pour homme et femme.\u00a0<b>XJ 1861 Naxos<\/b>\u00a0a \u00e9t\u00e9 lanc\u00e9 en 2015. Les notes de t\u00eate sont Lavande, Bergamote et Citron; les notes de coeur sont Miel, Cannelle, Bois de cachemire et Jasmin Sambac; les notes de fond sont Feuille de tabac, Vanille et F\u00e8ve de tonka.<\/p>\n","protected":false},"featured_media":4461,"comment_status":"open","ping_status":"closed","template":"","meta":[],"product_brand":[],"product_cat":[196,195,197],"product_tag":[198,204,215,213],"class_list":{"0":"post-4457","1":"product","2":"type-product","3":"status-publish","4":"has-post-thumbnail","6":"product_cat-parfum-femme","7":"product_cat-parfum-homme","8":"product_cat-parfum-unisexe","9":"product_tag-parfum-femme","10":"product_tag-parfum-homme","11":"product_tag-parfum-unisexe","12":"product_tag-xerjoff","14":"first","15":"instock","16":"shipping-taxable","17":"purchasable","18":"product-type-variable","19":"has-default-attributes"},"jetpack_sharing_enabled":true,"_links":{"self":[{"href":"https:\/\/benchaaben-fragrance.com\/index.php?rest_route=\/wp\/v2\/product\/4457","targetHints":{"allow":["GET"]}}],"collection":[{"href":"https:\/\/benchaaben-fragrance.com\/index.php?rest_route=\/wp\/v2\/product"}],"about":[{"href":"https:\/\/benchaaben-fragrance.com\/index.php?rest_route=\/wp\/v2\/types\/product"}],"replies":[{"embeddable":true,"href":"https:\/\/benchaaben-fragrance.com\/index.php?rest_route=%2Fwp%2Fv2%2Fcomments&post=4457"}],"wp:featuredmedia":[{"embeddable":true,"href":"https:\/\/benchaaben-fragrance.com\/index.php?rest_route=\/wp\/v2\/media\/4461"}],"wp:attachment":[{"href":"https:\/\/benchaaben-fragrance.com\/index.php?rest_route=%2Fwp%2Fv2%2Fmedia&parent=4457"}],"wp:term":[{"taxonomy":"product_brand","embeddable":true,"href":"https:\/\/benchaaben-fragrance.com\/index.php?rest_route=%2Fwp%2Fv2%2Fproduct_brand&post=4457"},{"taxonomy":"product_cat","embeddable":true,"href":"https:\/\/benchaaben-fragrance.com\/index.php?rest_route=%2Fwp%2Fv2%2Fproduct_cat&post=4457"},{"taxonomy":"product_tag","embeddable":true,"href":"https:\/\/benchaaben-fragrance.com\/index.php?rest_route=%2Fwp%2Fv2%2Fproduct_tag&post=4457"}],"curies":[{"name":"wp","href":"https:\/\/api.w.org\/{rel}","templated":true}]}}