{"id":4463,"date":"2024-12-13T18:23:02","date_gmt":"2024-12-13T17:23:02","guid":{"rendered":"https:\/\/benchaaben-fragrance.com\/?post_type=product&#038;p=4463"},"modified":"2024-12-13T18:28:00","modified_gmt":"2024-12-13T17:28:00","slug":"vanille-fatale-tom-ford-extrait-de-parfum","status":"publish","type":"product","link":"https:\/\/benchaaben-fragrance.com\/?product=vanille-fatale-tom-ford-extrait-de-parfum","title":{"rendered":"Vanille Fatale Tom Ford Extrait De Parfum"},"content":{"rendered":"<p><b>Gris Charnel Extrait<\/b>\u00a0de\u00a0<b>BDK Parfums<\/b>\u00a0est un parfum Bois\u00e9 \u00c9pic\u00e9 pour homme et femme. C&rsquo;est un nouveau parfum.\u00a0<b>Gris Charnel Extrait<\/b>\u00a0a \u00e9t\u00e9 lanc\u00e9 en 2022. Le nez derri\u00e8re ce parfum est Mathilde Bijaoui. Les notes de t\u00eate sont Cardamome, Figue et Th\u00e9 noir; les notes de coeur sont Iris, V\u00e9tiver bourbon et Ciste Incanus; les notes de fond sont Bois de santal, Vanille de Madagascar, F\u00e8ve de tonka, C\u00e8dre et Feuille de patchouli d&rsquo;Indon\u00e9sie.<\/p>\n","protected":false},"excerpt":{"rendered":"<p><b>Vanille Fatale<\/b>\u00a0de\u00a0<b>Tom Ford<\/b>\u00a0est un parfum Orientale Vanill\u00e9 pour homme et femme.\u00a0<b>Vanille Fatale<\/b>\u00a0a \u00e9t\u00e9 lanc\u00e9 en 2017. Le nez derri\u00e8re ce parfum est Yann Vasnier. Les notes de t\u00eate sont Rhum, Myrrhe, R\u00e9sine oliban, Safran, Coriandre, Orange et Citron vert; les notes de coeur sont Orge, Caf\u00e9, Prune, Frangipanier, Narcissus, Armoise et Rose; les notes de fond sont Vanille de Madagascar, Daim, Tabac, Acajou, Patchouli, Mousse de ch\u00eane et Violette.<\/p>\n","protected":false},"featured_media":4466,"comment_status":"open","ping_status":"closed","template":"","meta":[],"product_brand":[],"product_cat":[196,195,197],"product_tag":[198,204,236],"class_list":{"0":"post-4463","1":"product","2":"type-product","3":"status-publish","4":"has-post-thumbnail","6":"product_cat-parfum-femme","7":"product_cat-parfum-homme","8":"product_cat-parfum-unisexe","9":"product_tag-parfum-femme","10":"product_tag-parfum-homme","11":"product_tag-tom-ford","13":"first","14":"instock","15":"shipping-taxable","16":"purchasable","17":"product-type-variable","18":"has-default-attributes"},"jetpack_sharing_enabled":true,"_links":{"self":[{"href":"https:\/\/benchaaben-fragrance.com\/index.php?rest_route=\/wp\/v2\/product\/4463","targetHints":{"allow":["GET"]}}],"collection":[{"href":"https:\/\/benchaaben-fragrance.com\/index.php?rest_route=\/wp\/v2\/product"}],"about":[{"href":"https:\/\/benchaaben-fragrance.com\/index.php?rest_route=\/wp\/v2\/types\/product"}],"replies":[{"embeddable":true,"href":"https:\/\/benchaaben-fragrance.com\/index.php?rest_route=%2Fwp%2Fv2%2Fcomments&post=4463"}],"wp:featuredmedia":[{"embeddable":true,"href":"https:\/\/benchaaben-fragrance.com\/index.php?rest_route=\/wp\/v2\/media\/4466"}],"wp:attachment":[{"href":"https:\/\/benchaaben-fragrance.com\/index.php?rest_route=%2Fwp%2Fv2%2Fmedia&parent=4463"}],"wp:term":[{"taxonomy":"product_brand","embeddable":true,"href":"https:\/\/benchaaben-fragrance.com\/index.php?rest_route=%2Fwp%2Fv2%2Fproduct_brand&post=4463"},{"taxonomy":"product_cat","embeddable":true,"href":"https:\/\/benchaaben-fragrance.com\/index.php?rest_route=%2Fwp%2Fv2%2Fproduct_cat&post=4463"},{"taxonomy":"product_tag","embeddable":true,"href":"https:\/\/benchaaben-fragrance.com\/index.php?rest_route=%2Fwp%2Fv2%2Fproduct_tag&post=4463"}],"curies":[{"name":"wp","href":"https:\/\/api.w.org\/{rel}","templated":true}]}}