{"id":4471,"date":"2024-12-13T19:06:15","date_gmt":"2024-12-13T18:06:15","guid":{"rendered":"https:\/\/benchaaben-fragrance.com\/?post_type=product&#038;p=4471"},"modified":"2024-12-13T19:09:19","modified_gmt":"2024-12-13T18:09:19","slug":"le-frenchy-guerlain-extrait-de-parfum","status":"publish","type":"product","link":"https:\/\/benchaaben-fragrance.com\/?product=le-frenchy-guerlain-extrait-de-parfum","title":{"rendered":"Le Frenchy Guerlain Extrait De Parfum"},"content":{"rendered":"<p><b>Le Frenchy<\/b>\u00a0de\u00a0<b>Guerlain<\/b>\u00a0est un parfum Hesp\u00e9rid\u00e9 aromatique pour homme.\u00a0<b>Le Frenchy<\/b>\u00a0a \u00e9t\u00e9 lanc\u00e9 en 2017. Les notes de t\u00eate sont Verveine odorante, Bergamote et Citron; les notes de coeur sont C\u00e9drat, Petit-grain, Lavande, Sauge et N\u00e9roli; les notes de fond sont V\u00e9tiver, Ambre gris et F\u00e8ve de tonka.<\/p>\n","protected":false},"excerpt":{"rendered":"<p><b>Le Frenchy<\/b>\u00a0de\u00a0<b>Guerlain<\/b>\u00a0est un parfum Hesp\u00e9rid\u00e9 aromatique pour homme.\u00a0<b>Le Frenchy<\/b>\u00a0a \u00e9t\u00e9 lanc\u00e9 en 2017. Les notes de t\u00eate sont Verveine odorante, Bergamote et Citron; les notes de coeur sont C\u00e9drat, Petit-grain, Lavande, Sauge et N\u00e9roli; les notes de fond sont V\u00e9tiver, Ambre gris et F\u00e8ve de tonka.<\/p>\n","protected":false},"featured_media":4474,"comment_status":"open","ping_status":"closed","template":"","meta":[],"product_brand":[],"product_cat":[195],"product_tag":[211,204],"class_list":{"0":"post-4471","1":"product","2":"type-product","3":"status-publish","4":"has-post-thumbnail","6":"product_cat-parfum-homme","7":"product_tag-guerlain","8":"product_tag-parfum-homme","10":"first","11":"instock","12":"shipping-taxable","13":"purchasable","14":"product-type-variable","15":"has-default-attributes"},"jetpack_sharing_enabled":true,"_links":{"self":[{"href":"https:\/\/benchaaben-fragrance.com\/index.php?rest_route=\/wp\/v2\/product\/4471","targetHints":{"allow":["GET"]}}],"collection":[{"href":"https:\/\/benchaaben-fragrance.com\/index.php?rest_route=\/wp\/v2\/product"}],"about":[{"href":"https:\/\/benchaaben-fragrance.com\/index.php?rest_route=\/wp\/v2\/types\/product"}],"replies":[{"embeddable":true,"href":"https:\/\/benchaaben-fragrance.com\/index.php?rest_route=%2Fwp%2Fv2%2Fcomments&post=4471"}],"wp:featuredmedia":[{"embeddable":true,"href":"https:\/\/benchaaben-fragrance.com\/index.php?rest_route=\/wp\/v2\/media\/4474"}],"wp:attachment":[{"href":"https:\/\/benchaaben-fragrance.com\/index.php?rest_route=%2Fwp%2Fv2%2Fmedia&parent=4471"}],"wp:term":[{"taxonomy":"product_brand","embeddable":true,"href":"https:\/\/benchaaben-fragrance.com\/index.php?rest_route=%2Fwp%2Fv2%2Fproduct_brand&post=4471"},{"taxonomy":"product_cat","embeddable":true,"href":"https:\/\/benchaaben-fragrance.com\/index.php?rest_route=%2Fwp%2Fv2%2Fproduct_cat&post=4471"},{"taxonomy":"product_tag","embeddable":true,"href":"https:\/\/benchaaben-fragrance.com\/index.php?rest_route=%2Fwp%2Fv2%2Fproduct_tag&post=4471"}],"curies":[{"name":"wp","href":"https:\/\/api.w.org\/{rel}","templated":true}]}}