{"id":4475,"date":"2024-12-13T19:11:07","date_gmt":"2024-12-13T18:11:07","guid":{"rendered":"https:\/\/benchaaben-fragrance.com\/?post_type=product&#038;p=4475"},"modified":"2024-12-13T19:13:38","modified_gmt":"2024-12-13T18:13:38","slug":"bois-dargent-dior-extrait-de-parfum","status":"publish","type":"product","link":"https:\/\/benchaaben-fragrance.com\/?product=bois-dargent-dior-extrait-de-parfum","title":{"rendered":"Bois d&rsquo;Argent Dior Extrait De Parfum"},"content":{"rendered":"<p><b>Bois d&rsquo;Argent<\/b>\u00a0de\u00a0<b>Dior<\/b>\u00a0est un parfum Bois\u00e9 Chypr\u00e9 pour homme et femme.\u00a0<b>Bois d&rsquo;Argent<\/b>\u00a0a \u00e9t\u00e9 lanc\u00e9 en 2004. Le nez derri\u00e8re ce parfum est Annick Menardo. Les notes de t\u00eate sont Iris, Cypr\u00e8s et Baies de gen\u00e9vrier; les notes de coeur sont Myrrhe et Patchouli; les notes de fond sont Notes bois\u00e9es, Miel, Vanille, Ambre, R\u00e9sines, Musc et Cuir.<\/p>\n","protected":false},"excerpt":{"rendered":"<p><b>Bois d&rsquo;Argent<\/b>\u00a0de\u00a0<b>Dior<\/b>\u00a0est un parfum Bois\u00e9 Chypr\u00e9 pour homme et femme.\u00a0<b>Bois d&rsquo;Argent<\/b>\u00a0a \u00e9t\u00e9 lanc\u00e9 en 2004. Le nez derri\u00e8re ce parfum est Annick Menardo. Les notes de t\u00eate sont Iris, Cypr\u00e8s et Baies de gen\u00e9vrier; les notes de coeur sont Myrrhe et Patchouli; les notes de fond sont Notes bois\u00e9es, Miel, Vanille, Ambre, R\u00e9sines, Musc et Cuir.<\/p>\n","protected":false},"featured_media":4480,"comment_status":"open","ping_status":"closed","template":"","meta":[],"product_brand":[],"product_cat":[196,195,197],"product_tag":[232,198,204],"class_list":{"0":"post-4475","1":"product","2":"type-product","3":"status-publish","4":"has-post-thumbnail","6":"product_cat-parfum-femme","7":"product_cat-parfum-homme","8":"product_cat-parfum-unisexe","9":"product_tag-dior","10":"product_tag-parfum-femme","11":"product_tag-parfum-homme","13":"first","14":"instock","15":"shipping-taxable","16":"purchasable","17":"product-type-variable","18":"has-default-attributes"},"jetpack_sharing_enabled":true,"_links":{"self":[{"href":"https:\/\/benchaaben-fragrance.com\/index.php?rest_route=\/wp\/v2\/product\/4475","targetHints":{"allow":["GET"]}}],"collection":[{"href":"https:\/\/benchaaben-fragrance.com\/index.php?rest_route=\/wp\/v2\/product"}],"about":[{"href":"https:\/\/benchaaben-fragrance.com\/index.php?rest_route=\/wp\/v2\/types\/product"}],"replies":[{"embeddable":true,"href":"https:\/\/benchaaben-fragrance.com\/index.php?rest_route=%2Fwp%2Fv2%2Fcomments&post=4475"}],"wp:featuredmedia":[{"embeddable":true,"href":"https:\/\/benchaaben-fragrance.com\/index.php?rest_route=\/wp\/v2\/media\/4480"}],"wp:attachment":[{"href":"https:\/\/benchaaben-fragrance.com\/index.php?rest_route=%2Fwp%2Fv2%2Fmedia&parent=4475"}],"wp:term":[{"taxonomy":"product_brand","embeddable":true,"href":"https:\/\/benchaaben-fragrance.com\/index.php?rest_route=%2Fwp%2Fv2%2Fproduct_brand&post=4475"},{"taxonomy":"product_cat","embeddable":true,"href":"https:\/\/benchaaben-fragrance.com\/index.php?rest_route=%2Fwp%2Fv2%2Fproduct_cat&post=4475"},{"taxonomy":"product_tag","embeddable":true,"href":"https:\/\/benchaaben-fragrance.com\/index.php?rest_route=%2Fwp%2Fv2%2Fproduct_tag&post=4475"}],"curies":[{"name":"wp","href":"https:\/\/api.w.org\/{rel}","templated":true}]}}