{"id":4477,"date":"2024-12-13T19:11:09","date_gmt":"2024-12-13T18:11:09","guid":{"rendered":"https:\/\/benchaaben-fragrance.com\/?post_type=product&#038;p=4477"},"modified":"2024-12-13T19:14:21","modified_gmt":"2024-12-13T18:14:21","slug":"daarej-rasasi-extrait-de-parfum","status":"publish","type":"product","link":"https:\/\/benchaaben-fragrance.com\/?product=daarej-rasasi-extrait-de-parfum","title":{"rendered":"Daarej Rasasi Extrait De Parfum"},"content":{"rendered":"<p><b>Daarej pour Homme<\/b>\u00a0de\u00a0<b>Rasasi<\/b>\u00a0est un parfum Orientale \u00c9pic\u00e9 pour homme. Les notes de t\u00eate sont Cumin, Cardamome et Armoise; les notes de coeur sont Rose et Racine d&rsquo;iris; les notes de fond sont Vanille, F\u00e8ve de tonka, Ambre, Bois de santal, Patchouli et Musc.<\/p>\n","protected":false},"excerpt":{"rendered":"<p><b>Daarej pour Homme<\/b>\u00a0de\u00a0<b>Rasasi<\/b>\u00a0est un parfum Orientale \u00c9pic\u00e9 pour homme. Les notes de t\u00eate sont Cumin, Cardamome et Armoise; les notes de coeur sont Rose et Racine d&rsquo;iris; les notes de fond sont Vanille, F\u00e8ve de tonka, Ambre, Bois de santal, Patchouli et Musc.<\/p>\n","protected":false},"featured_media":4481,"comment_status":"open","ping_status":"closed","template":"","meta":[],"product_brand":[],"product_cat":[195],"product_tag":[204,238],"class_list":{"0":"post-4477","1":"product","2":"type-product","3":"status-publish","4":"has-post-thumbnail","6":"product_cat-parfum-homme","7":"product_tag-parfum-homme","8":"product_tag-rasasi","10":"first","11":"instock","12":"shipping-taxable","13":"purchasable","14":"product-type-variable","15":"has-default-attributes"},"jetpack_sharing_enabled":true,"_links":{"self":[{"href":"https:\/\/benchaaben-fragrance.com\/index.php?rest_route=\/wp\/v2\/product\/4477","targetHints":{"allow":["GET"]}}],"collection":[{"href":"https:\/\/benchaaben-fragrance.com\/index.php?rest_route=\/wp\/v2\/product"}],"about":[{"href":"https:\/\/benchaaben-fragrance.com\/index.php?rest_route=\/wp\/v2\/types\/product"}],"replies":[{"embeddable":true,"href":"https:\/\/benchaaben-fragrance.com\/index.php?rest_route=%2Fwp%2Fv2%2Fcomments&post=4477"}],"wp:featuredmedia":[{"embeddable":true,"href":"https:\/\/benchaaben-fragrance.com\/index.php?rest_route=\/wp\/v2\/media\/4481"}],"wp:attachment":[{"href":"https:\/\/benchaaben-fragrance.com\/index.php?rest_route=%2Fwp%2Fv2%2Fmedia&parent=4477"}],"wp:term":[{"taxonomy":"product_brand","embeddable":true,"href":"https:\/\/benchaaben-fragrance.com\/index.php?rest_route=%2Fwp%2Fv2%2Fproduct_brand&post=4477"},{"taxonomy":"product_cat","embeddable":true,"href":"https:\/\/benchaaben-fragrance.com\/index.php?rest_route=%2Fwp%2Fv2%2Fproduct_cat&post=4477"},{"taxonomy":"product_tag","embeddable":true,"href":"https:\/\/benchaaben-fragrance.com\/index.php?rest_route=%2Fwp%2Fv2%2Fproduct_tag&post=4477"}],"curies":[{"name":"wp","href":"https:\/\/api.w.org\/{rel}","templated":true}]}}