{"id":4483,"date":"2024-12-13T19:14:38","date_gmt":"2024-12-13T18:14:38","guid":{"rendered":"https:\/\/benchaaben-fragrance.com\/?post_type=product&#038;p=4483"},"modified":"2024-12-13T19:17:27","modified_gmt":"2024-12-13T18:17:27","slug":"nefs-nishane-extrait-de-parfum","status":"publish","type":"product","link":"https:\/\/benchaaben-fragrance.com\/?product=nefs-nishane-extrait-de-parfum","title":{"rendered":"Nefs Nishane Extrait De Parfum"},"content":{"rendered":"<p><b>Nefs<\/b>\u00a0de\u00a0<b>Nishane<\/b>\u00a0est un parfum Orientale Vanill\u00e9 pour homme et femme.\u00a0<b>Nefs<\/b>\u00a0a \u00e9t\u00e9 lanc\u00e9 en 2019. Le nez derri\u00e8re ce parfum est Chris Maurice. Les notes de t\u00eate sont Miel, Safran, Figue, Violette et Sauge; les notes de coeur sont Rose, Osmanthus, Noix de muscade, Jasmin et G\u00e9ranium; les notes de fond sont Oud, Whisky, Vanille, Cuir, Ambre, Cannelle, Baume gurjum et C\u00e8dre.<\/p>\n","protected":false},"excerpt":{"rendered":"<p><b>Nefs<\/b>\u00a0de\u00a0<b>Nishane<\/b>\u00a0est un parfum Orientale Vanill\u00e9 pour homme et femme.\u00a0<b>Nefs<\/b>\u00a0a \u00e9t\u00e9 lanc\u00e9 en 2019. Le nez derri\u00e8re ce parfum est Chris Maurice. Les notes de t\u00eate sont Miel, Safran, Figue, Violette et Sauge; les notes de coeur sont Rose, Osmanthus, Noix de muscade, Jasmin et G\u00e9ranium; les notes de fond sont Oud, Whisky, Vanille, Cuir, Ambre, Cannelle, Baume gurjum et C\u00e8dre.<\/p>\n","protected":false},"featured_media":4488,"comment_status":"open","ping_status":"closed","template":"","meta":[],"product_brand":[],"product_cat":[196,195,197],"product_tag":[239,198,204],"class_list":{"0":"post-4483","1":"product","2":"type-product","3":"status-publish","4":"has-post-thumbnail","6":"product_cat-parfum-femme","7":"product_cat-parfum-homme","8":"product_cat-parfum-unisexe","9":"product_tag-nishane","10":"product_tag-parfum-femme","11":"product_tag-parfum-homme","13":"first","14":"instock","15":"shipping-taxable","16":"purchasable","17":"product-type-variable","18":"has-default-attributes"},"jetpack_sharing_enabled":true,"_links":{"self":[{"href":"https:\/\/benchaaben-fragrance.com\/index.php?rest_route=\/wp\/v2\/product\/4483","targetHints":{"allow":["GET"]}}],"collection":[{"href":"https:\/\/benchaaben-fragrance.com\/index.php?rest_route=\/wp\/v2\/product"}],"about":[{"href":"https:\/\/benchaaben-fragrance.com\/index.php?rest_route=\/wp\/v2\/types\/product"}],"replies":[{"embeddable":true,"href":"https:\/\/benchaaben-fragrance.com\/index.php?rest_route=%2Fwp%2Fv2%2Fcomments&post=4483"}],"wp:featuredmedia":[{"embeddable":true,"href":"https:\/\/benchaaben-fragrance.com\/index.php?rest_route=\/wp\/v2\/media\/4488"}],"wp:attachment":[{"href":"https:\/\/benchaaben-fragrance.com\/index.php?rest_route=%2Fwp%2Fv2%2Fmedia&parent=4483"}],"wp:term":[{"taxonomy":"product_brand","embeddable":true,"href":"https:\/\/benchaaben-fragrance.com\/index.php?rest_route=%2Fwp%2Fv2%2Fproduct_brand&post=4483"},{"taxonomy":"product_cat","embeddable":true,"href":"https:\/\/benchaaben-fragrance.com\/index.php?rest_route=%2Fwp%2Fv2%2Fproduct_cat&post=4483"},{"taxonomy":"product_tag","embeddable":true,"href":"https:\/\/benchaaben-fragrance.com\/index.php?rest_route=%2Fwp%2Fv2%2Fproduct_tag&post=4483"}],"curies":[{"name":"wp","href":"https:\/\/api.w.org\/{rel}","templated":true}]}}