{"id":4493,"date":"2024-12-13T19:20:29","date_gmt":"2024-12-13T18:20:29","guid":{"rendered":"https:\/\/benchaaben-fragrance.com\/?post_type=product&#038;p=4493"},"modified":"2024-12-13T19:28:44","modified_gmt":"2024-12-13T18:28:44","slug":"1-million-rabanne-extrait-de-parfum","status":"publish","type":"product","link":"https:\/\/benchaaben-fragrance.com\/?product=1-million-rabanne-extrait-de-parfum","title":{"rendered":"1 Million Rabanne Extrait De Parfum"},"content":{"rendered":"<p><b>1 Million<\/b>\u00a0de\u00a0<b>Rabanne<\/b>\u00a0est un parfum Bois\u00e9 \u00c9pic\u00e9 pour homme.\u00a0<b>1 Million<\/b>\u00a0a \u00e9t\u00e9 lanc\u00e9 en 2008. 1 Million a \u00e9t\u00e9 cr\u00e9\u00e9 par Christophe Raynaud, Olivier Pescheux, Michel Girard et Christian Dussoulier. Les notes de t\u00eate sont Mandarine sanguine, Pamplemousse et Menthe; les notes de coeur sont Cannelle, Notes \u00e9pic\u00e9es et Rose; les notes de fond sont Ambre, Cuir, Notes bois\u00e9es et Patchouli d&rsquo;Inde.<\/p>\n","protected":false},"excerpt":{"rendered":"<p><b>1 Million<\/b>\u00a0de\u00a0<b>Rabanne<\/b>\u00a0est un parfum Bois\u00e9 \u00c9pic\u00e9 pour homme.\u00a0<b>1 Million<\/b>\u00a0a \u00e9t\u00e9 lanc\u00e9 en 2008. 1 Million a \u00e9t\u00e9 cr\u00e9\u00e9 par Christophe Raynaud, Olivier Pescheux, Michel Girard et Christian Dussoulier. Les notes de t\u00eate sont Mandarine sanguine, Pamplemousse et Menthe; les notes de coeur sont Cannelle, Notes \u00e9pic\u00e9es et Rose; les notes de fond sont Ambre, Cuir, Notes bois\u00e9es et Patchouli d&rsquo;Inde.<\/p>\n","protected":false},"featured_media":4498,"comment_status":"open","ping_status":"closed","template":"","meta":[],"product_brand":[],"product_cat":[195],"product_tag":[204,209],"class_list":{"0":"post-4493","1":"product","2":"type-product","3":"status-publish","4":"has-post-thumbnail","6":"product_cat-parfum-homme","7":"product_tag-parfum-homme","8":"product_tag-rabanne","10":"first","11":"instock","12":"shipping-taxable","13":"purchasable","14":"product-type-variable","15":"has-default-attributes"},"jetpack_sharing_enabled":true,"_links":{"self":[{"href":"https:\/\/benchaaben-fragrance.com\/index.php?rest_route=\/wp\/v2\/product\/4493","targetHints":{"allow":["GET"]}}],"collection":[{"href":"https:\/\/benchaaben-fragrance.com\/index.php?rest_route=\/wp\/v2\/product"}],"about":[{"href":"https:\/\/benchaaben-fragrance.com\/index.php?rest_route=\/wp\/v2\/types\/product"}],"replies":[{"embeddable":true,"href":"https:\/\/benchaaben-fragrance.com\/index.php?rest_route=%2Fwp%2Fv2%2Fcomments&post=4493"}],"wp:featuredmedia":[{"embeddable":true,"href":"https:\/\/benchaaben-fragrance.com\/index.php?rest_route=\/wp\/v2\/media\/4498"}],"wp:attachment":[{"href":"https:\/\/benchaaben-fragrance.com\/index.php?rest_route=%2Fwp%2Fv2%2Fmedia&parent=4493"}],"wp:term":[{"taxonomy":"product_brand","embeddable":true,"href":"https:\/\/benchaaben-fragrance.com\/index.php?rest_route=%2Fwp%2Fv2%2Fproduct_brand&post=4493"},{"taxonomy":"product_cat","embeddable":true,"href":"https:\/\/benchaaben-fragrance.com\/index.php?rest_route=%2Fwp%2Fv2%2Fproduct_cat&post=4493"},{"taxonomy":"product_tag","embeddable":true,"href":"https:\/\/benchaaben-fragrance.com\/index.php?rest_route=%2Fwp%2Fv2%2Fproduct_tag&post=4493"}],"curies":[{"name":"wp","href":"https:\/\/api.w.org\/{rel}","templated":true}]}}