{"id":4503,"date":"2024-12-13T19:42:07","date_gmt":"2024-12-13T18:42:07","guid":{"rendered":"https:\/\/benchaaben-fragrance.com\/?post_type=product&#038;p=4503"},"modified":"2024-12-13T19:45:04","modified_gmt":"2024-12-13T18:45:04","slug":"african-leather-memo-paris-extrait-de-parfum","status":"publish","type":"product","link":"https:\/\/benchaaben-fragrance.com\/?product=african-leather-memo-paris-extrait-de-parfum","title":{"rendered":"African Leather Memo Paris Extrait De Parfum"},"content":{"rendered":"<p><b>African Leather<\/b>\u00a0de\u00a0<b>Memo Paris<\/b>\u00a0est un parfum Cuir pour homme et femme.\u00a0<b>African Leather<\/b>\u00a0a \u00e9t\u00e9 lanc\u00e9 en 2015.<\/p>\n","protected":false},"excerpt":{"rendered":"<p><b>African Leather<\/b>\u00a0de\u00a0<b>Memo Paris<\/b>\u00a0est un parfum Cuir pour homme et femme.\u00a0<b>African Leather<\/b>\u00a0a \u00e9t\u00e9 lanc\u00e9 en 2015.<\/p>\n","protected":false},"featured_media":4506,"comment_status":"open","ping_status":"closed","template":"","meta":[],"product_brand":[],"product_cat":[196,195,197],"product_tag":[241,198,204],"class_list":{"0":"post-4503","1":"product","2":"type-product","3":"status-publish","4":"has-post-thumbnail","6":"product_cat-parfum-femme","7":"product_cat-parfum-homme","8":"product_cat-parfum-unisexe","9":"product_tag-memo-paris","10":"product_tag-parfum-femme","11":"product_tag-parfum-homme","13":"first","14":"instock","15":"shipping-taxable","16":"purchasable","17":"product-type-variable","18":"has-default-attributes"},"jetpack_sharing_enabled":true,"_links":{"self":[{"href":"https:\/\/benchaaben-fragrance.com\/index.php?rest_route=\/wp\/v2\/product\/4503","targetHints":{"allow":["GET"]}}],"collection":[{"href":"https:\/\/benchaaben-fragrance.com\/index.php?rest_route=\/wp\/v2\/product"}],"about":[{"href":"https:\/\/benchaaben-fragrance.com\/index.php?rest_route=\/wp\/v2\/types\/product"}],"replies":[{"embeddable":true,"href":"https:\/\/benchaaben-fragrance.com\/index.php?rest_route=%2Fwp%2Fv2%2Fcomments&post=4503"}],"wp:featuredmedia":[{"embeddable":true,"href":"https:\/\/benchaaben-fragrance.com\/index.php?rest_route=\/wp\/v2\/media\/4506"}],"wp:attachment":[{"href":"https:\/\/benchaaben-fragrance.com\/index.php?rest_route=%2Fwp%2Fv2%2Fmedia&parent=4503"}],"wp:term":[{"taxonomy":"product_brand","embeddable":true,"href":"https:\/\/benchaaben-fragrance.com\/index.php?rest_route=%2Fwp%2Fv2%2Fproduct_brand&post=4503"},{"taxonomy":"product_cat","embeddable":true,"href":"https:\/\/benchaaben-fragrance.com\/index.php?rest_route=%2Fwp%2Fv2%2Fproduct_cat&post=4503"},{"taxonomy":"product_tag","embeddable":true,"href":"https:\/\/benchaaben-fragrance.com\/index.php?rest_route=%2Fwp%2Fv2%2Fproduct_tag&post=4503"}],"curies":[{"name":"wp","href":"https:\/\/api.w.org\/{rel}","templated":true}]}}