{"id":4507,"date":"2024-12-14T12:27:07","date_gmt":"2024-12-14T11:27:07","guid":{"rendered":"https:\/\/benchaaben-fragrance.com\/?post_type=product&#038;p=4507"},"modified":"2024-12-17T21:24:51","modified_gmt":"2024-12-17T20:24:51","slug":"oud-maracuja-maison-crivelli-extrait-de-parfum","status":"publish","type":"product","link":"https:\/\/benchaaben-fragrance.com\/?product=oud-maracuja-maison-crivelli-extrait-de-parfum","title":{"rendered":"Oud Maracuj\u00e1 Maison Crivelli Extrait De Parfum"},"content":{"rendered":"<p><b>Oud Maracuj\u00e1<\/b>\u00a0de\u00a0<b>Maison Crivelli<\/b>\u00a0est un parfum Cuir pour homme et femme. C&rsquo;est un nouveau parfum.\u00a0<b>Oud Maracuj\u00e1<\/b>\u00a0a \u00e9t\u00e9 lanc\u00e9 en 2023. Le nez derri\u00e8re ce parfum est Jordi Fern\u00e1ndez. Les notes de t\u00eate sont Fruit de la passion, Notes fruit\u00e9es, Rose de Turquie et Safran; les notes de coeur sont Oud, Feuille de patchouli d&rsquo;Indon\u00e9sie et Benjoin; les notes de fond sont Cuir, Bois d&rsquo;Akigala, Ambre, Ciste et Vanille.<\/p>\n","protected":false},"excerpt":{"rendered":"<p><b>Oud Maracuj\u00e1<\/b>\u00a0de\u00a0<b>Maison Crivelli<\/b>\u00a0est un parfum Cuir pour homme et femme. C&rsquo;est un nouveau parfum.\u00a0<b>Oud Maracuj\u00e1<\/b>\u00a0a \u00e9t\u00e9 lanc\u00e9 en 2023. Le nez derri\u00e8re ce parfum est Jordi Fern\u00e1ndez. Les notes de t\u00eate sont Fruit de la passion, Notes fruit\u00e9es, Rose de Turquie et Safran; les notes de coeur sont Oud, Feuille de patchouli d&rsquo;Indon\u00e9sie et Benjoin; les notes de fond sont Cuir, Bois d&rsquo;Akigala, Ambre, Ciste et Vanille.<\/p>\n","protected":false},"featured_media":4510,"comment_status":"open","ping_status":"closed","template":"","meta":[],"product_brand":[],"product_cat":[196,195,197],"product_tag":[242,198,204],"class_list":{"0":"post-4507","1":"product","2":"type-product","3":"status-publish","4":"has-post-thumbnail","6":"product_cat-parfum-femme","7":"product_cat-parfum-homme","8":"product_cat-parfum-unisexe","9":"product_tag-maison-crivelli","10":"product_tag-parfum-femme","11":"product_tag-parfum-homme","13":"first","14":"instock","15":"shipping-taxable","16":"purchasable","17":"product-type-variable","18":"has-default-attributes"},"jetpack_sharing_enabled":true,"_links":{"self":[{"href":"https:\/\/benchaaben-fragrance.com\/index.php?rest_route=\/wp\/v2\/product\/4507","targetHints":{"allow":["GET"]}}],"collection":[{"href":"https:\/\/benchaaben-fragrance.com\/index.php?rest_route=\/wp\/v2\/product"}],"about":[{"href":"https:\/\/benchaaben-fragrance.com\/index.php?rest_route=\/wp\/v2\/types\/product"}],"replies":[{"embeddable":true,"href":"https:\/\/benchaaben-fragrance.com\/index.php?rest_route=%2Fwp%2Fv2%2Fcomments&post=4507"}],"wp:featuredmedia":[{"embeddable":true,"href":"https:\/\/benchaaben-fragrance.com\/index.php?rest_route=\/wp\/v2\/media\/4510"}],"wp:attachment":[{"href":"https:\/\/benchaaben-fragrance.com\/index.php?rest_route=%2Fwp%2Fv2%2Fmedia&parent=4507"}],"wp:term":[{"taxonomy":"product_brand","embeddable":true,"href":"https:\/\/benchaaben-fragrance.com\/index.php?rest_route=%2Fwp%2Fv2%2Fproduct_brand&post=4507"},{"taxonomy":"product_cat","embeddable":true,"href":"https:\/\/benchaaben-fragrance.com\/index.php?rest_route=%2Fwp%2Fv2%2Fproduct_cat&post=4507"},{"taxonomy":"product_tag","embeddable":true,"href":"https:\/\/benchaaben-fragrance.com\/index.php?rest_route=%2Fwp%2Fv2%2Fproduct_tag&post=4507"}],"curies":[{"name":"wp","href":"https:\/\/api.w.org\/{rel}","templated":true}]}}