{"id":4532,"date":"2024-12-17T21:57:59","date_gmt":"2024-12-17T20:57:59","guid":{"rendered":"https:\/\/benchaaben-fragrance.com\/?post_type=product&#038;p=4532"},"modified":"2024-12-17T21:58:55","modified_gmt":"2024-12-17T20:58:55","slug":"almaz-kajal-extrait-de-parfum","status":"publish","type":"product","link":"https:\/\/benchaaben-fragrance.com\/?product=almaz-kajal-extrait-de-parfum","title":{"rendered":"Almaz Kajal Extrait De Parfum"},"content":{"rendered":"<p><b>Almaz<\/b>\u00a0de\u00a0<b>Kajal<\/b>\u00a0est un parfum pour homme et femme. C&rsquo;est un nouveau parfum.\u00a0<b>Almaz<\/b>\u00a0a \u00e9t\u00e9 lanc\u00e9 en 2022. Le nez derri\u00e8re ce parfum est Rania Jouaneh. Les notes de t\u00eate sont Cassis, Bergamote de Calabria, Limone Costa d&rsquo;Amalfi et Mandarine; les notes de coeur sont Framboise, H\u00e9liotrope, Rose de Turquie et Racine d&rsquo;iris; les notes de fond sont Cassonade, Vanille de Madagascar, Musc, Bois de santal, F\u00e8ve de tonka et Ambre.<\/p>\n","protected":false},"excerpt":{"rendered":"<p><b>Almaz<\/b>\u00a0de\u00a0<b>Kajal<\/b>\u00a0est un parfum pour homme et femme. C&rsquo;est un nouveau parfum.\u00a0<b>Almaz<\/b>\u00a0a \u00e9t\u00e9 lanc\u00e9 en 2022. Le nez derri\u00e8re ce parfum est Rania Jouaneh. Les notes de t\u00eate sont Cassis, Bergamote de Calabria, Limone Costa d&rsquo;Amalfi et Mandarine; les notes de coeur sont Framboise, H\u00e9liotrope, Rose de Turquie et Racine d&rsquo;iris; les notes de fond sont Cassonade, Vanille de Madagascar, Musc, Bois de santal, F\u00e8ve de tonka et Ambre.<\/p>\n","protected":false},"featured_media":4535,"comment_status":"open","ping_status":"closed","template":"","meta":[],"product_brand":[],"product_cat":[196,195,197],"product_tag":[245,198,204],"class_list":{"0":"post-4532","1":"product","2":"type-product","3":"status-publish","4":"has-post-thumbnail","6":"product_cat-parfum-femme","7":"product_cat-parfum-homme","8":"product_cat-parfum-unisexe","9":"product_tag-kajal","10":"product_tag-parfum-femme","11":"product_tag-parfum-homme","13":"first","14":"instock","15":"shipping-taxable","16":"purchasable","17":"product-type-variable","18":"has-default-attributes"},"jetpack_sharing_enabled":true,"_links":{"self":[{"href":"https:\/\/benchaaben-fragrance.com\/index.php?rest_route=\/wp\/v2\/product\/4532","targetHints":{"allow":["GET"]}}],"collection":[{"href":"https:\/\/benchaaben-fragrance.com\/index.php?rest_route=\/wp\/v2\/product"}],"about":[{"href":"https:\/\/benchaaben-fragrance.com\/index.php?rest_route=\/wp\/v2\/types\/product"}],"replies":[{"embeddable":true,"href":"https:\/\/benchaaben-fragrance.com\/index.php?rest_route=%2Fwp%2Fv2%2Fcomments&post=4532"}],"wp:featuredmedia":[{"embeddable":true,"href":"https:\/\/benchaaben-fragrance.com\/index.php?rest_route=\/wp\/v2\/media\/4535"}],"wp:attachment":[{"href":"https:\/\/benchaaben-fragrance.com\/index.php?rest_route=%2Fwp%2Fv2%2Fmedia&parent=4532"}],"wp:term":[{"taxonomy":"product_brand","embeddable":true,"href":"https:\/\/benchaaben-fragrance.com\/index.php?rest_route=%2Fwp%2Fv2%2Fproduct_brand&post=4532"},{"taxonomy":"product_cat","embeddable":true,"href":"https:\/\/benchaaben-fragrance.com\/index.php?rest_route=%2Fwp%2Fv2%2Fproduct_cat&post=4532"},{"taxonomy":"product_tag","embeddable":true,"href":"https:\/\/benchaaben-fragrance.com\/index.php?rest_route=%2Fwp%2Fv2%2Fproduct_tag&post=4532"}],"curies":[{"name":"wp","href":"https:\/\/api.w.org\/{rel}","templated":true}]}}