{"id":4536,"date":"2024-12-17T22:01:07","date_gmt":"2024-12-17T21:01:07","guid":{"rendered":"https:\/\/benchaaben-fragrance.com\/?post_type=product&#038;p=4536"},"modified":"2024-12-17T22:01:51","modified_gmt":"2024-12-17T21:01:51","slug":"lamar-kajal-extrait-de-parfum","status":"publish","type":"product","link":"https:\/\/benchaaben-fragrance.com\/?product=lamar-kajal-extrait-de-parfum","title":{"rendered":"Lamar Kajal Extrait De Parfum"},"content":{"rendered":"<p><b>Lamar<\/b>\u00a0de\u00a0<b>Kajal<\/b>\u00a0est un parfum Orientale Floral pour homme et femme.\u00a0<b>Lamar<\/b>\u00a0a \u00e9t\u00e9 lanc\u00e9 en 2020. Le nez derri\u00e8re ce parfum est Mark Buxton. Les notes de t\u00eate sont Ananas, Fruits rouges, Pomme, Cardamome et Coriandre; les notes de coeur sont Rose de Bulgarie, Rose de Turquie, Magnolia et Jasmin Sambac; les notes de fond sont Musc, Vanille, Ambre, Bois de cachemire, C\u00e8dre et Mousse.<\/p>\n","protected":false},"excerpt":{"rendered":"<p><b>Lamar<\/b>\u00a0de\u00a0<b>Kajal<\/b>\u00a0est un parfum Orientale Floral pour homme et femme.\u00a0<b>Lamar<\/b>\u00a0a \u00e9t\u00e9 lanc\u00e9 en 2020. Le nez derri\u00e8re ce parfum est Mark Buxton. Les notes de t\u00eate sont Ananas, Fruits rouges, Pomme, Cardamome et Coriandre; les notes de coeur sont Rose de Bulgarie, Rose de Turquie, Magnolia et Jasmin Sambac; les notes de fond sont Musc, Vanille, Ambre, Bois de cachemire, C\u00e8dre et Mousse.<\/p>\n","protected":false},"featured_media":4539,"comment_status":"open","ping_status":"closed","template":"","meta":[],"product_brand":[],"product_cat":[196,195,197],"product_tag":[245,198,204],"class_list":{"0":"post-4536","1":"product","2":"type-product","3":"status-publish","4":"has-post-thumbnail","6":"product_cat-parfum-femme","7":"product_cat-parfum-homme","8":"product_cat-parfum-unisexe","9":"product_tag-kajal","10":"product_tag-parfum-femme","11":"product_tag-parfum-homme","13":"first","14":"instock","15":"shipping-taxable","16":"purchasable","17":"product-type-variable","18":"has-default-attributes"},"jetpack_sharing_enabled":true,"_links":{"self":[{"href":"https:\/\/benchaaben-fragrance.com\/index.php?rest_route=\/wp\/v2\/product\/4536","targetHints":{"allow":["GET"]}}],"collection":[{"href":"https:\/\/benchaaben-fragrance.com\/index.php?rest_route=\/wp\/v2\/product"}],"about":[{"href":"https:\/\/benchaaben-fragrance.com\/index.php?rest_route=\/wp\/v2\/types\/product"}],"replies":[{"embeddable":true,"href":"https:\/\/benchaaben-fragrance.com\/index.php?rest_route=%2Fwp%2Fv2%2Fcomments&post=4536"}],"wp:featuredmedia":[{"embeddable":true,"href":"https:\/\/benchaaben-fragrance.com\/index.php?rest_route=\/wp\/v2\/media\/4539"}],"wp:attachment":[{"href":"https:\/\/benchaaben-fragrance.com\/index.php?rest_route=%2Fwp%2Fv2%2Fmedia&parent=4536"}],"wp:term":[{"taxonomy":"product_brand","embeddable":true,"href":"https:\/\/benchaaben-fragrance.com\/index.php?rest_route=%2Fwp%2Fv2%2Fproduct_brand&post=4536"},{"taxonomy":"product_cat","embeddable":true,"href":"https:\/\/benchaaben-fragrance.com\/index.php?rest_route=%2Fwp%2Fv2%2Fproduct_cat&post=4536"},{"taxonomy":"product_tag","embeddable":true,"href":"https:\/\/benchaaben-fragrance.com\/index.php?rest_route=%2Fwp%2Fv2%2Fproduct_tag&post=4536"}],"curies":[{"name":"wp","href":"https:\/\/api.w.org\/{rel}","templated":true}]}}