{"id":4564,"date":"2024-12-17T23:03:54","date_gmt":"2024-12-17T22:03:54","guid":{"rendered":"https:\/\/benchaaben-fragrance.com\/?post_type=product&#038;p=4564"},"modified":"2024-12-17T23:04:53","modified_gmt":"2024-12-17T22:04:53","slug":"fahrenheit-dior-extrait-de-parfum","status":"publish","type":"product","link":"https:\/\/benchaaben-fragrance.com\/?product=fahrenheit-dior-extrait-de-parfum","title":{"rendered":"Fahrenheit Dior Extrait De Parfum"},"content":{"rendered":"<p><b>Fahrenheit<\/b>\u00a0de\u00a0<b>Dior<\/b>\u00a0est un parfum Aromatique Foug\u00e8re pour homme.\u00a0<b>Fahrenheit<\/b>\u00a0a \u00e9t\u00e9 lanc\u00e9 en 1988. Fahrenheit a \u00e9t\u00e9 cr\u00e9\u00e9 par Jean-Louis Sieuzac, Michel Almairac et Maurice Roger. Les notes de t\u00eate sont Fleur de muscadier, Lavande, C\u00e8dre, Mandarine, Camomille, Aub\u00e9pine, Bergamote et Citron; les notes de coeur sont Feuille de violette, Noix de muscade, C\u00e8dre, Bois de santal, \u0152illet, Ch\u00e8vrefeuille, Jasmin et Muguet; les notes de fond sont Cuir, V\u00e9tiver, Musc, Ambre, Patchouli et F\u00e8ve de ton<\/p>\n","protected":false},"excerpt":{"rendered":"<p><b>Fahrenheit<\/b>\u00a0de\u00a0<b>Dior<\/b>\u00a0est un parfum Aromatique Foug\u00e8re pour homme.\u00a0<b>Fahrenheit<\/b>\u00a0a \u00e9t\u00e9 lanc\u00e9 en 1988. Fahrenheit a \u00e9t\u00e9 cr\u00e9\u00e9 par Jean-Louis Sieuzac, Michel Almairac et Maurice Roger. Les notes de t\u00eate sont Fleur de muscadier, Lavande, C\u00e8dre, Mandarine, Camomille, Aub\u00e9pine, Bergamote et Citron; les notes de coeur sont Feuille de violette, Noix de muscade, C\u00e8dre, Bois de santal, \u0152illet, Ch\u00e8vrefeuille, Jasmin et Muguet; les notes de fond sont Cuir, V\u00e9tiver, Musc, Ambre, Patchouli et F\u00e8ve de ton<\/p>\n","protected":false},"featured_media":4567,"comment_status":"open","ping_status":"closed","template":"","meta":[],"product_brand":[],"product_cat":[195],"product_tag":[232,204],"class_list":{"0":"post-4564","1":"product","2":"type-product","3":"status-publish","4":"has-post-thumbnail","6":"product_cat-parfum-homme","7":"product_tag-dior","8":"product_tag-parfum-homme","10":"first","11":"instock","12":"shipping-taxable","13":"purchasable","14":"product-type-variable","15":"has-default-attributes"},"jetpack_sharing_enabled":true,"_links":{"self":[{"href":"https:\/\/benchaaben-fragrance.com\/index.php?rest_route=\/wp\/v2\/product\/4564","targetHints":{"allow":["GET"]}}],"collection":[{"href":"https:\/\/benchaaben-fragrance.com\/index.php?rest_route=\/wp\/v2\/product"}],"about":[{"href":"https:\/\/benchaaben-fragrance.com\/index.php?rest_route=\/wp\/v2\/types\/product"}],"replies":[{"embeddable":true,"href":"https:\/\/benchaaben-fragrance.com\/index.php?rest_route=%2Fwp%2Fv2%2Fcomments&post=4564"}],"wp:featuredmedia":[{"embeddable":true,"href":"https:\/\/benchaaben-fragrance.com\/index.php?rest_route=\/wp\/v2\/media\/4567"}],"wp:attachment":[{"href":"https:\/\/benchaaben-fragrance.com\/index.php?rest_route=%2Fwp%2Fv2%2Fmedia&parent=4564"}],"wp:term":[{"taxonomy":"product_brand","embeddable":true,"href":"https:\/\/benchaaben-fragrance.com\/index.php?rest_route=%2Fwp%2Fv2%2Fproduct_brand&post=4564"},{"taxonomy":"product_cat","embeddable":true,"href":"https:\/\/benchaaben-fragrance.com\/index.php?rest_route=%2Fwp%2Fv2%2Fproduct_cat&post=4564"},{"taxonomy":"product_tag","embeddable":true,"href":"https:\/\/benchaaben-fragrance.com\/index.php?rest_route=%2Fwp%2Fv2%2Fproduct_tag&post=4564"}],"curies":[{"name":"wp","href":"https:\/\/api.w.org\/{rel}","templated":true}]}}